{"id":99930,"date":"2025-12-03T14:14:15","date_gmt":"2025-12-03T12:14:15","guid":{"rendered":"https:\/\/www.skyshop.ee\/product\/dob-led-reitti-nextec-3000k-13w-m-1755lm-m-288led-m-dob-2022-24v-ip20-pa047178-ls114\/"},"modified":"2025-12-03T14:14:15","modified_gmt":"2025-12-03T12:14:15","slug":"dob-led-reitti-nextec-3000k-13w-m-1755lm-m-288led-m-dob-2022-24v-ip20-pa047178-ls114","status":"publish","type":"product","link":"https:\/\/www.skyshop.ee\/fi\/tuote\/dob-led-reitti-nextec-3000k-13w-m-1755lm-m-288led-m-dob-2022-24v-ip20-pa047178-ls114\/","title":{"rendered":"DOB LED -reitti NEXTEC 3000K 13W\/m 1755Lm\/m 288LED\/m DOB 2022 24V IP20 PA047178 (LS114)"},"content":{"rendered":"<p>NEXTEC PA047178 LED-reitti on nykyaikainen ammatillinen ratkaisu tasaisen, l\u00e4mpim\u00e4n ja laadukkaan taustavalon luomiseen. DOB\u202f2022 (Driver\u2011on\u2011Board) -teknologia takaa vakauden ja korkean tehokkuuden, kun taas 288\u202fLED\/m tiheys muodostaa tasaisen valonsuunnan hell\u00e4varaisella, mukavalla valaistuksella.<\/p>\n<p><strong>Edut:<\/strong><\/p>\n<ul>\n<li>Tasainen hehku \u2013 288\u202fLED\/m.\u00a0Tiukka diodien sijoittelu takaa yhten\u00e4isen, tasaisen hehkun ilman kirkkaasti n\u00e4kyvi\u00e4 pisteit\u00e4, mik\u00e4 tekee reitist\u00e4 sopivan sek\u00e4 avoimeen asennukseen ett\u00e4 profiileihin kiinnitt\u00e4miseen.<\/li>\n<li>L\u00e4mmin v\u00e4ril\u00e4mp\u00f6tila \u2013 3000K.\u00a0Luo viihtyis\u00e4n ilmapiirin asunto- ja liike-ymp\u00e4rist\u00f6iss\u00e4. Ihanteellinen makuuhuoneen, olohuoneen, ravintoloiden, kahviloiden ja koristealueiden valaistukseen.<\/li>\n<li>Korkea v\u00e4ri-ilmaisu (CRI\u202f&gt;\u202f90).\u00a0Siirt\u00e4\u00e4 s\u00e4vyj\u00e4 mahdollisimman luonnollisesti \u2013 t\u00e4ydellinen n\u00e4yttelyihin, huonekaluihin ja suunnitteluvalaistukseen.<\/li>\n<li>DOB-teknologia \u2013 vakaus &amp; kest\u00e4vyys.\u00a0DOB\u202f2022 varmistaa tasaisen virrankulutuksen koko pituudella, v\u00e4hent\u00e4\u00e4 vilkkumista ja lis\u00e4\u00e4 luotettavuutta.<\/li>\n<li>Energiatarkka \u2013 135\u202flm\/W.\u00a013\u202fW\/m teho antaa korkean valon m\u00e4\u00e4r\u00e4n samalla ollen taloudellinen.<\/li>\n<li>Helppo asennus.\u00a0Varustettu laadukkaalla liimapinnalla alumiiniprofiileihin, aukkoihin, huonekalurakenteisiin ja koriste-elementteihin kiinnitt\u00e4miseen.<\/li>\n<\/ul>\n<p><strong>K\u00e4ytt\u00f6tarkoitukset<\/strong><\/p>\n<p>NEXTEC PA047178 LED-reitti sopii erinomaisesti:<\/p>\n<ul>\n<li>Koristava sis\u00e4taustavalotus<\/li>\n<li>Kattoaukkojen, profiilien ja sein\u00e4mien valaistus<\/li>\n<li>Huonekalujen ja myym\u00e4l\u00e4esineiden korostaminen<\/li>\n<li>Modernien suunnitteluruumien luominen<\/li>\n<li>Akcentti- ja ilmapiiri\u00advalaistus<\/li>\n<li>P\u00e4\u00e4valo<\/li>\n<\/ul>\n<p>Loistava valinta, kun tarvitaan l\u00e4mmin, tasainen ja korkea\u2011laatuinen valaistus erinomaisella v\u00e4ri-ilmaisulla (CRI).<\/p>\n<p><strong>Tekniset tiedot:<\/strong><\/p>\n<ul>\n<li>Mallinimi:\u00a0PA047178<\/li>\n<li>LED-tyyppi:\u00a0SMD (DOB\u202f2022)<\/li>\n<li>Diodeiden tiheys:\u00a0288\u202fLED\/m<\/li>\n<li>Rullapituus:\u00a05\u202fm<\/li>\n<li>Reitin leveys:\u00a010\u202fmm<\/li>\n<li>V\u00e4ril\u00e4mp\u00f6tila:\u00a03000K (l\u00e4mp\u00e4spuhvel)<\/li>\n<li>CRI:\u00a0&gt;90<\/li>\n<li>J\u00e4nnite: 24V DC<\/li>\n<li>Kulutettu teho:\u00a013\u202fW\/m<\/li>\n<li>Valon m\u00e4\u00e4r\u00e4:\u00a0~135\u202flm\/W, 1755\u202flm\/m<\/li>\n<li>IP-luokka:\u00a0IP20<\/li>\n<li>Asennustapa:\u00a0itse\u2011liimautuva kerros<\/li>\n<li>K\u00e4ytt\u00f6asteikko:\u00a0\u201320\u202f\u00b0C \u2026 +45\u202f\u00b0C<\/li>\n<li>Hehkunurkkaus:\u00a0120\u00b0<\/li>\n<li>Elinik\u00e4:\u00a0jopa 50\u202f000 tuntia<\/li>\n<\/ul>\n","protected":false},"excerpt":{"rendered":"<p class=\"whitespace-pre-wrap\">NEXTEC PA047178 24V DOB 3000K LED-reitti tarjoaa korkean tehokkuuden tiheydell\u00e4 288\u202fLED\/m ja l\u00e4mpim\u00e4ll\u00e4, luonnollisella valolla. DOB\u202f2022 -teknologia takaa vakaan, tasaisen hehkun ilman vilkkumista, erinomaisen v\u00e4ri-ilmaisun (CRI\u202f&gt;\u202f90) ja tehon 135\u202flm\/W sek\u00e4 1755\u202flm\/m.<\/p>\n<p class=\"whitespace-pre-wrap\">Se sopii t\u00e4ydellisesti sis\u00e4valaistukseen, huonekaluihin, aukkoihin ja liike-ymp\u00e4rist\u00f6ihin. Helppo asentaa itse\u2011liimautuvan pohjan ansiosta ja luotettava IP20-luokka.<\/p>\n","protected":false},"featured_media":99778,"template":"","meta":[],"pwb-brand":[],"product_brand":[],"product_cat":[4117,3956],"product_tag":[],"class_list":{"0":"post-99930","1":"product","2":"type-product","3":"status-publish","4":"has-post-thumbnail","6":"product_cat-cob-led-nauhat-dob-ip20","7":"product_cat-led-nauhat-ja-liittimet","8":"pa_tsvetovaya-temperatura-3000k","10":"first","11":"instock","12":"taxable","13":"shipping-taxable","14":"purchasable","15":"product-type-simple"},"yoast_head":"<!-- This site is optimized with the Yoast SEO plugin v27.2 - https:\/\/yoast.com\/product\/yoast-seo-wordpress\/ -->\n<title>DOB LED -reitti NEXTEC 3000K 13W\/m 1755Lm\/m 288LED\/m DOB 2022 24V IP20 PA047178 (LS114) - SkyShop<\/title>\n<meta name=\"robots\" content=\"index, follow, max-snippet:-1, max-image-preview:large, max-video-preview:-1\" \/>\n<link rel=\"canonical\" href=\"https:\/\/www.skyshop.ee\/fi\/tuote\/dob-led-reitti-nextec-3000k-13w-m-1755lm-m-288led-m-dob-2022-24v-ip20-pa047178-ls114\/\" \/>\n<meta property=\"og:locale\" content=\"fi_FI\" \/>\n<meta property=\"og:type\" content=\"article\" \/>\n<meta property=\"og:title\" content=\"DOB LED -reitti NEXTEC 3000K 13W\/m 1755Lm\/m 288LED\/m DOB 2022 24V IP20 PA047178 (LS114) - SkyShop\" \/>\n<meta property=\"og:description\" content=\"NEXTEC PA047178 24V DOB 3000K LED-reitti tarjoaa korkean tehokkuuden tiheydell\u00e4 288\u202fLED\/m ja l\u00e4mpim\u00e4ll\u00e4, luonnollisella valolla. DOB\u202f2022 -teknologia takaa vakaan, tasaisen hehkun ilman vilkkumista, erinomaisen v\u00e4ri-ilmaisun (CRI\u202f&gt;\u202f90) ja tehon 135\u202flm\/W sek\u00e4 1755\u202flm\/m. Se sopii t\u00e4ydellisesti sis\u00e4valaistukseen, huonekaluihin, aukkoihin ja liike-ymp\u00e4rist\u00f6ihin. Helppo asentaa itse\u2011liimautuvan pohjan ansiosta ja luotettava IP20-luokka.\" \/>\n<meta property=\"og:url\" content=\"https:\/\/www.skyshop.ee\/fi\/tuote\/dob-led-reitti-nextec-3000k-13w-m-1755lm-m-288led-m-dob-2022-24v-ip20-pa047178-ls114\/\" \/>\n<meta property=\"og:site_name\" content=\"SkyShop\" \/>\n<meta property=\"article:publisher\" content=\"https:\/\/www.facebook.com\/skystyle.eu\" \/>\n<meta property=\"og:image\" content=\"https:\/\/www.skyshop.ee\/wp-content\/uploads\/2025\/12\/DOB-LED-strip-13W-1755Lm.png\" \/>\n\t<meta property=\"og:image:width\" content=\"591\" \/>\n\t<meta property=\"og:image:height\" content=\"1280\" \/>\n\t<meta property=\"og:image:type\" content=\"image\/png\" \/>\n<meta name=\"twitter:card\" content=\"summary_large_image\" \/>\n<meta name=\"twitter:label1\" content=\"Est. reading time\" \/>\n\t<meta name=\"twitter:data1\" content=\"1 minute\" \/>\n<script type=\"application\/ld+json\" class=\"yoast-schema-graph\">{\"@context\":\"https:\/\/schema.org\",\"@graph\":[{\"@type\":\"WebPage\",\"@id\":\"https:\/\/www.skyshop.ee\/fi\/tuote\/dob-led-reitti-nextec-3000k-13w-m-1755lm-m-288led-m-dob-2022-24v-ip20-pa047178-ls114\/\",\"url\":\"https:\/\/www.skyshop.ee\/fi\/tuote\/dob-led-reitti-nextec-3000k-13w-m-1755lm-m-288led-m-dob-2022-24v-ip20-pa047178-ls114\/\",\"name\":\"DOB LED -reitti NEXTEC 3000K 13W\/m 1755Lm\/m 288LED\/m DOB 2022 24V IP20 PA047178 (LS114) - SkyShop\",\"isPartOf\":{\"@id\":\"https:\/\/www.skyshop.ee\/fi\/#website\"},\"primaryImageOfPage\":{\"@id\":\"https:\/\/www.skyshop.ee\/fi\/tuote\/dob-led-reitti-nextec-3000k-13w-m-1755lm-m-288led-m-dob-2022-24v-ip20-pa047178-ls114\/#primaryimage\"},\"image\":{\"@id\":\"https:\/\/www.skyshop.ee\/fi\/tuote\/dob-led-reitti-nextec-3000k-13w-m-1755lm-m-288led-m-dob-2022-24v-ip20-pa047178-ls114\/#primaryimage\"},\"thumbnailUrl\":\"https:\/\/www.skyshop.ee\/wp-content\/uploads\/2025\/12\/DOB-LED-strip-13W-1755Lm.png\",\"datePublished\":\"2025-12-03T12:14:15+00:00\",\"breadcrumb\":{\"@id\":\"https:\/\/www.skyshop.ee\/fi\/tuote\/dob-led-reitti-nextec-3000k-13w-m-1755lm-m-288led-m-dob-2022-24v-ip20-pa047178-ls114\/#breadcrumb\"},\"inLanguage\":\"fi-FI\",\"potentialAction\":[{\"@type\":\"ReadAction\",\"target\":[\"https:\/\/www.skyshop.ee\/fi\/tuote\/dob-led-reitti-nextec-3000k-13w-m-1755lm-m-288led-m-dob-2022-24v-ip20-pa047178-ls114\/\"]}]},{\"@type\":\"ImageObject\",\"inLanguage\":\"fi-FI\",\"@id\":\"https:\/\/www.skyshop.ee\/fi\/tuote\/dob-led-reitti-nextec-3000k-13w-m-1755lm-m-288led-m-dob-2022-24v-ip20-pa047178-ls114\/#primaryimage\",\"url\":\"https:\/\/www.skyshop.ee\/wp-content\/uploads\/2025\/12\/DOB-LED-strip-13W-1755Lm.png\",\"contentUrl\":\"https:\/\/www.skyshop.ee\/wp-content\/uploads\/2025\/12\/DOB-LED-strip-13W-1755Lm.png\",\"width\":591,\"height\":1280},{\"@type\":\"BreadcrumbList\",\"@id\":\"https:\/\/www.skyshop.ee\/fi\/tuote\/dob-led-reitti-nextec-3000k-13w-m-1755lm-m-288led-m-dob-2022-24v-ip20-pa047178-ls114\/#breadcrumb\",\"itemListElement\":[{\"@type\":\"ListItem\",\"position\":1,\"name\":\"\u0413\u043b\u0430\u0432\u043d\u0430\u044f\",\"item\":\"https:\/\/www.skyshop.ee\/fi\/\"},{\"@type\":\"ListItem\",\"position\":2,\"name\":\"DOB LED -reitti NEXTEC 3000K 13W\/m 1755Lm\/m 288LED\/m DOB 2022 24V IP20 PA047178 (LS114)\"}]},{\"@type\":\"WebSite\",\"@id\":\"https:\/\/www.skyshop.ee\/fi\/#website\",\"url\":\"https:\/\/www.skyshop.ee\/fi\/\",\"name\":\"SkyShop\",\"description\":\"Pinglaed ja tarvikud\",\"publisher\":{\"@id\":\"https:\/\/www.skyshop.ee\/fi\/#organization\"},\"potentialAction\":[{\"@type\":\"SearchAction\",\"target\":{\"@type\":\"EntryPoint\",\"urlTemplate\":\"https:\/\/www.skyshop.ee\/fi\/?s={search_term_string}\"},\"query-input\":{\"@type\":\"PropertyValueSpecification\",\"valueRequired\":true,\"valueName\":\"search_term_string\"}}],\"inLanguage\":\"fi-FI\"},{\"@type\":\"Organization\",\"@id\":\"https:\/\/www.skyshop.ee\/fi\/#organization\",\"name\":\"Skystyle O\u00dc\",\"url\":\"https:\/\/www.skyshop.ee\/fi\/\",\"logo\":{\"@type\":\"ImageObject\",\"inLanguage\":\"fi-FI\",\"@id\":\"https:\/\/www.skyshop.ee\/fi\/#\/schema\/logo\/image\/\",\"url\":\"https:\/\/www.skyshop.ee\/wp-content\/uploads\/2023\/05\/skyshop_logo.png\",\"contentUrl\":\"https:\/\/www.skyshop.ee\/wp-content\/uploads\/2023\/05\/skyshop_logo.png\",\"width\":3329,\"height\":1229,\"caption\":\"Skystyle O\u00dc\"},\"image\":{\"@id\":\"https:\/\/www.skyshop.ee\/fi\/#\/schema\/logo\/image\/\"},\"sameAs\":[\"https:\/\/www.facebook.com\/skystyle.eu\"]}]}<\/script>\n<!-- \/ Yoast SEO plugin. -->","yoast_head_json":{"title":"DOB LED -reitti NEXTEC 3000K 13W\/m 1755Lm\/m 288LED\/m DOB 2022 24V IP20 PA047178 (LS114) - SkyShop","robots":{"index":"index","follow":"follow","max-snippet":"max-snippet:-1","max-image-preview":"max-image-preview:large","max-video-preview":"max-video-preview:-1"},"canonical":"https:\/\/www.skyshop.ee\/fi\/tuote\/dob-led-reitti-nextec-3000k-13w-m-1755lm-m-288led-m-dob-2022-24v-ip20-pa047178-ls114\/","og_locale":"fi_FI","og_type":"article","og_title":"DOB LED -reitti NEXTEC 3000K 13W\/m 1755Lm\/m 288LED\/m DOB 2022 24V IP20 PA047178 (LS114) - SkyShop","og_description":"NEXTEC PA047178 24V DOB 3000K LED-reitti tarjoaa korkean tehokkuuden tiheydell\u00e4 288\u202fLED\/m ja l\u00e4mpim\u00e4ll\u00e4, luonnollisella valolla. DOB\u202f2022 -teknologia takaa vakaan, tasaisen hehkun ilman vilkkumista, erinomaisen v\u00e4ri-ilmaisun (CRI\u202f&gt;\u202f90) ja tehon 135\u202flm\/W sek\u00e4 1755\u202flm\/m. Se sopii t\u00e4ydellisesti sis\u00e4valaistukseen, huonekaluihin, aukkoihin ja liike-ymp\u00e4rist\u00f6ihin. Helppo asentaa itse\u2011liimautuvan pohjan ansiosta ja luotettava IP20-luokka.","og_url":"https:\/\/www.skyshop.ee\/fi\/tuote\/dob-led-reitti-nextec-3000k-13w-m-1755lm-m-288led-m-dob-2022-24v-ip20-pa047178-ls114\/","og_site_name":"SkyShop","article_publisher":"https:\/\/www.facebook.com\/skystyle.eu","og_image":[{"width":591,"height":1280,"url":"https:\/\/www.skyshop.ee\/wp-content\/uploads\/2025\/12\/DOB-LED-strip-13W-1755Lm.png","type":"image\/png"}],"twitter_card":"summary_large_image","twitter_misc":{"Est. reading time":"1 minute"},"schema":{"@context":"https:\/\/schema.org","@graph":[{"@type":"WebPage","@id":"https:\/\/www.skyshop.ee\/fi\/tuote\/dob-led-reitti-nextec-3000k-13w-m-1755lm-m-288led-m-dob-2022-24v-ip20-pa047178-ls114\/","url":"https:\/\/www.skyshop.ee\/fi\/tuote\/dob-led-reitti-nextec-3000k-13w-m-1755lm-m-288led-m-dob-2022-24v-ip20-pa047178-ls114\/","name":"DOB LED -reitti NEXTEC 3000K 13W\/m 1755Lm\/m 288LED\/m DOB 2022 24V IP20 PA047178 (LS114) - SkyShop","isPartOf":{"@id":"https:\/\/www.skyshop.ee\/fi\/#website"},"primaryImageOfPage":{"@id":"https:\/\/www.skyshop.ee\/fi\/tuote\/dob-led-reitti-nextec-3000k-13w-m-1755lm-m-288led-m-dob-2022-24v-ip20-pa047178-ls114\/#primaryimage"},"image":{"@id":"https:\/\/www.skyshop.ee\/fi\/tuote\/dob-led-reitti-nextec-3000k-13w-m-1755lm-m-288led-m-dob-2022-24v-ip20-pa047178-ls114\/#primaryimage"},"thumbnailUrl":"https:\/\/www.skyshop.ee\/wp-content\/uploads\/2025\/12\/DOB-LED-strip-13W-1755Lm.png","datePublished":"2025-12-03T12:14:15+00:00","breadcrumb":{"@id":"https:\/\/www.skyshop.ee\/fi\/tuote\/dob-led-reitti-nextec-3000k-13w-m-1755lm-m-288led-m-dob-2022-24v-ip20-pa047178-ls114\/#breadcrumb"},"inLanguage":"fi-FI","potentialAction":[{"@type":"ReadAction","target":["https:\/\/www.skyshop.ee\/fi\/tuote\/dob-led-reitti-nextec-3000k-13w-m-1755lm-m-288led-m-dob-2022-24v-ip20-pa047178-ls114\/"]}]},{"@type":"ImageObject","inLanguage":"fi-FI","@id":"https:\/\/www.skyshop.ee\/fi\/tuote\/dob-led-reitti-nextec-3000k-13w-m-1755lm-m-288led-m-dob-2022-24v-ip20-pa047178-ls114\/#primaryimage","url":"https:\/\/www.skyshop.ee\/wp-content\/uploads\/2025\/12\/DOB-LED-strip-13W-1755Lm.png","contentUrl":"https:\/\/www.skyshop.ee\/wp-content\/uploads\/2025\/12\/DOB-LED-strip-13W-1755Lm.png","width":591,"height":1280},{"@type":"BreadcrumbList","@id":"https:\/\/www.skyshop.ee\/fi\/tuote\/dob-led-reitti-nextec-3000k-13w-m-1755lm-m-288led-m-dob-2022-24v-ip20-pa047178-ls114\/#breadcrumb","itemListElement":[{"@type":"ListItem","position":1,"name":"\u0413\u043b\u0430\u0432\u043d\u0430\u044f","item":"https:\/\/www.skyshop.ee\/fi\/"},{"@type":"ListItem","position":2,"name":"DOB LED -reitti NEXTEC 3000K 13W\/m 1755Lm\/m 288LED\/m DOB 2022 24V IP20 PA047178 (LS114)"}]},{"@type":"WebSite","@id":"https:\/\/www.skyshop.ee\/fi\/#website","url":"https:\/\/www.skyshop.ee\/fi\/","name":"SkyShop","description":"Pinglaed ja tarvikud","publisher":{"@id":"https:\/\/www.skyshop.ee\/fi\/#organization"},"potentialAction":[{"@type":"SearchAction","target":{"@type":"EntryPoint","urlTemplate":"https:\/\/www.skyshop.ee\/fi\/?s={search_term_string}"},"query-input":{"@type":"PropertyValueSpecification","valueRequired":true,"valueName":"search_term_string"}}],"inLanguage":"fi-FI"},{"@type":"Organization","@id":"https:\/\/www.skyshop.ee\/fi\/#organization","name":"Skystyle O\u00dc","url":"https:\/\/www.skyshop.ee\/fi\/","logo":{"@type":"ImageObject","inLanguage":"fi-FI","@id":"https:\/\/www.skyshop.ee\/fi\/#\/schema\/logo\/image\/","url":"https:\/\/www.skyshop.ee\/wp-content\/uploads\/2023\/05\/skyshop_logo.png","contentUrl":"https:\/\/www.skyshop.ee\/wp-content\/uploads\/2023\/05\/skyshop_logo.png","width":3329,"height":1229,"caption":"Skystyle O\u00dc"},"image":{"@id":"https:\/\/www.skyshop.ee\/fi\/#\/schema\/logo\/image\/"},"sameAs":["https:\/\/www.facebook.com\/skystyle.eu"]}]}},"brands":[],"_links":{"self":[{"href":"https:\/\/www.skyshop.ee\/fi\/wp-json\/wp\/v2\/product\/99930","targetHints":{"allow":["GET"]}}],"collection":[{"href":"https:\/\/www.skyshop.ee\/fi\/wp-json\/wp\/v2\/product"}],"about":[{"href":"https:\/\/www.skyshop.ee\/fi\/wp-json\/wp\/v2\/types\/product"}],"wp:featuredmedia":[{"embeddable":true,"href":"https:\/\/www.skyshop.ee\/fi\/wp-json\/wp\/v2\/media\/99778"}],"wp:attachment":[{"href":"https:\/\/www.skyshop.ee\/fi\/wp-json\/wp\/v2\/media?parent=99930"}],"wp:term":[{"taxonomy":"pwb-brand","embeddable":true,"href":"https:\/\/www.skyshop.ee\/fi\/wp-json\/wp\/v2\/pwb-brand?post=99930"},{"taxonomy":"product_brand","embeddable":true,"href":"https:\/\/www.skyshop.ee\/fi\/wp-json\/wp\/v2\/product_brand?post=99930"},{"taxonomy":"product_cat","embeddable":true,"href":"https:\/\/www.skyshop.ee\/fi\/wp-json\/wp\/v2\/product_cat?post=99930"},{"taxonomy":"product_tag","embeddable":true,"href":"https:\/\/www.skyshop.ee\/fi\/wp-json\/wp\/v2\/product_tag?post=99930"}],"curies":[{"name":"wp","href":"https:\/\/api.w.org\/{rel}","templated":true}]}}