{"id":99720,"date":"2026-03-17T15:45:40","date_gmt":"2026-03-17T13:45:40","guid":{"rendered":"https:\/\/www.skyshop.ee\/?post_type=product&#038;p=99720"},"modified":"2026-03-25T20:54:35","modified_gmt":"2026-03-25T18:54:35","slug":"yksikiskoinen-verhokisko-u-profiles-350-cm-u35","status":"publish","type":"product","link":"https:\/\/www.skyshop.ee\/fi\/tuote\/yksikiskoinen-verhokisko-u-profiles-350-cm-u35\/","title":{"rendered":"Yksikiskoinen verhokisko U-Profiles 350 cm (U35)"},"content":{"rendered":"<p data-start=\"2117\" data-end=\"2616\">Yksikiskoinen alumiininen verhokisko U-Profiles on tyylik\u00e4s ja luotettava ratkaisu moderneihin sisustuksiin. J\u00e4rjestelm\u00e4 yhdist\u00e4\u00e4 minimalistisen muotoilun, kest\u00e4v\u00e4n alumiinirakenteen ja verhojen sujuvan liikkeen, tarjoten k\u00e4ytt\u00f6mukavuutta p\u00e4ivitt\u00e4isess\u00e4 k\u00e4yt\u00f6ss\u00e4. Kiskossa on siisti ulkon\u00e4k\u00f6, pitk\u00e4 k\u00e4ytt\u00f6ik\u00e4 ja korkea valmistuslaatu, mink\u00e4 ansiosta se sopii erinomaisesti sek\u00e4 asuin- ett\u00e4 liiketiloihin. T\u00e4ydellinen valinta niille, jotka arvostavat estetiikkaa, luotettavuutta ja modernia tyyli\u00e4.<\/p>\n<p data-start=\"2618\" data-end=\"2810\">Verhokisko toimitetaan t\u00e4ydellisen\u00e4 pakettina, joka sis\u00e4lt\u00e4\u00e4 rullat, koukut ja kiinnitystarvikkeet kattokiinnityst\u00e4 varten, mik\u00e4 mahdollistaa helpon asennuksen ja k\u00e4ytt\u00f6valmiin j\u00e4rjestelm\u00e4n.<\/p>\n<p class=\"whitespace-pre-wrap\">Karvikekehykki toimitetaan rullien, hihnojen ja kattoasennukseen tarvittavan kiinnikkeen kanssa, mik\u00e4 varmistaa helpon asentamisen ja j\u00e4rjestelm\u00e4n valmiuden asentamiseen.<\/p>\n","protected":false},"excerpt":{"rendered":"<p>Yksikiskoinen alumiininen verhokisko 350 cm U-Profiles \u2014 premium-ratkaisu verhojen sujuvaan ja hiljaiseen liikkeeseen. Kest\u00e4v\u00e4 rakenne, minimalistinen muotoilu ja siisti ulkon\u00e4k\u00f6 tekev\u00e4t siit\u00e4 ihanteellisen valinnan moderneihin sisustuksiin.<\/p>\n","protected":false},"featured_media":99587,"template":"","meta":[],"pwb-brand":[],"product_brand":[],"product_cat":[4084],"product_tag":[],"class_list":{"0":"post-99720","1":"product","2":"type-product","3":"status-publish","4":"has-post-thumbnail","6":"product_cat-pvc-verhotangot","8":"first","9":"instock","10":"taxable","11":"shipping-taxable","12":"purchasable","13":"product-type-simple"},"yoast_head":"<!-- This site is optimized with the Yoast SEO plugin v27.2 - https:\/\/yoast.com\/product\/yoast-seo-wordpress\/ -->\n<title>Yksikiskoinen verhokisko U-Profiles 350 cm (U35) - SkyShop<\/title>\n<meta name=\"robots\" content=\"index, follow, max-snippet:-1, max-image-preview:large, max-video-preview:-1\" \/>\n<link rel=\"canonical\" href=\"https:\/\/www.skyshop.ee\/fi\/tuote\/yksikiskoinen-verhokisko-u-profiles-350-cm-u35\/\" \/>\n<meta property=\"og:locale\" content=\"fi_FI\" \/>\n<meta property=\"og:type\" content=\"article\" \/>\n<meta property=\"og:title\" content=\"Yksikiskoinen verhokisko U-Profiles 350 cm (U35) - SkyShop\" \/>\n<meta property=\"og:description\" content=\"Yksikiskoinen alumiininen verhokisko 350 cm U-Profiles \u2014 premium-ratkaisu verhojen sujuvaan ja hiljaiseen liikkeeseen. Kest\u00e4v\u00e4 rakenne, minimalistinen muotoilu ja siisti ulkon\u00e4k\u00f6 tekev\u00e4t siit\u00e4 ihanteellisen valinnan moderneihin sisustuksiin.\" \/>\n<meta property=\"og:url\" content=\"https:\/\/www.skyshop.ee\/fi\/tuote\/yksikiskoinen-verhokisko-u-profiles-350-cm-u35\/\" \/>\n<meta property=\"og:site_name\" content=\"SkyShop\" \/>\n<meta property=\"article:publisher\" content=\"https:\/\/www.facebook.com\/skystyle.eu\" \/>\n<meta property=\"article:modified_time\" content=\"2026-03-25T18:54:35+00:00\" \/>\n<meta property=\"og:image\" content=\"https:\/\/www.skyshop.ee\/wp-content\/uploads\/2026\/03\/curtain_track_whitened.jpg\" \/>\n\t<meta property=\"og:image:width\" content=\"1000\" \/>\n\t<meta property=\"og:image:height\" content=\"669\" \/>\n\t<meta property=\"og:image:type\" content=\"image\/jpeg\" \/>\n<meta name=\"twitter:card\" content=\"summary_large_image\" \/>\n<meta name=\"twitter:label1\" content=\"Est. reading time\" \/>\n\t<meta name=\"twitter:data1\" content=\"1 minute\" \/>\n<script type=\"application\/ld+json\" class=\"yoast-schema-graph\">{\"@context\":\"https:\/\/schema.org\",\"@graph\":[{\"@type\":\"WebPage\",\"@id\":\"https:\/\/www.skyshop.ee\/fi\/tuote\/yksikiskoinen-verhokisko-u-profiles-350-cm-u35\/\",\"url\":\"https:\/\/www.skyshop.ee\/fi\/tuote\/yksikiskoinen-verhokisko-u-profiles-350-cm-u35\/\",\"name\":\"Yksikiskoinen verhokisko U-Profiles 350 cm (U35) - SkyShop\",\"isPartOf\":{\"@id\":\"https:\/\/www.skyshop.ee\/fi\/#website\"},\"primaryImageOfPage\":{\"@id\":\"https:\/\/www.skyshop.ee\/fi\/tuote\/yksikiskoinen-verhokisko-u-profiles-350-cm-u35\/#primaryimage\"},\"image\":{\"@id\":\"https:\/\/www.skyshop.ee\/fi\/tuote\/yksikiskoinen-verhokisko-u-profiles-350-cm-u35\/#primaryimage\"},\"thumbnailUrl\":\"https:\/\/www.skyshop.ee\/wp-content\/uploads\/2026\/03\/curtain_track_whitened.jpg\",\"datePublished\":\"2026-03-17T13:45:40+00:00\",\"dateModified\":\"2026-03-25T18:54:35+00:00\",\"breadcrumb\":{\"@id\":\"https:\/\/www.skyshop.ee\/fi\/tuote\/yksikiskoinen-verhokisko-u-profiles-350-cm-u35\/#breadcrumb\"},\"inLanguage\":\"fi-FI\",\"potentialAction\":[{\"@type\":\"ReadAction\",\"target\":[\"https:\/\/www.skyshop.ee\/fi\/tuote\/yksikiskoinen-verhokisko-u-profiles-350-cm-u35\/\"]}]},{\"@type\":\"ImageObject\",\"inLanguage\":\"fi-FI\",\"@id\":\"https:\/\/www.skyshop.ee\/fi\/tuote\/yksikiskoinen-verhokisko-u-profiles-350-cm-u35\/#primaryimage\",\"url\":\"https:\/\/www.skyshop.ee\/wp-content\/uploads\/2026\/03\/curtain_track_whitened.jpg\",\"contentUrl\":\"https:\/\/www.skyshop.ee\/wp-content\/uploads\/2026\/03\/curtain_track_whitened.jpg\",\"width\":1000,\"height\":669},{\"@type\":\"BreadcrumbList\",\"@id\":\"https:\/\/www.skyshop.ee\/fi\/tuote\/yksikiskoinen-verhokisko-u-profiles-350-cm-u35\/#breadcrumb\",\"itemListElement\":[{\"@type\":\"ListItem\",\"position\":1,\"name\":\"\u0413\u043b\u0430\u0432\u043d\u0430\u044f\",\"item\":\"https:\/\/www.skyshop.ee\/fi\/\"},{\"@type\":\"ListItem\",\"position\":2,\"name\":\"Yksikiskoinen verhokisko U-Profiles 350 cm (U35)\"}]},{\"@type\":\"WebSite\",\"@id\":\"https:\/\/www.skyshop.ee\/fi\/#website\",\"url\":\"https:\/\/www.skyshop.ee\/fi\/\",\"name\":\"SkyShop\",\"description\":\"Pinglaed ja tarvikud\",\"publisher\":{\"@id\":\"https:\/\/www.skyshop.ee\/fi\/#organization\"},\"potentialAction\":[{\"@type\":\"SearchAction\",\"target\":{\"@type\":\"EntryPoint\",\"urlTemplate\":\"https:\/\/www.skyshop.ee\/fi\/?s={search_term_string}\"},\"query-input\":{\"@type\":\"PropertyValueSpecification\",\"valueRequired\":true,\"valueName\":\"search_term_string\"}}],\"inLanguage\":\"fi-FI\"},{\"@type\":\"Organization\",\"@id\":\"https:\/\/www.skyshop.ee\/fi\/#organization\",\"name\":\"Skystyle O\u00dc\",\"url\":\"https:\/\/www.skyshop.ee\/fi\/\",\"logo\":{\"@type\":\"ImageObject\",\"inLanguage\":\"fi-FI\",\"@id\":\"https:\/\/www.skyshop.ee\/fi\/#\/schema\/logo\/image\/\",\"url\":\"https:\/\/www.skyshop.ee\/wp-content\/uploads\/2023\/05\/skyshop_logo.png\",\"contentUrl\":\"https:\/\/www.skyshop.ee\/wp-content\/uploads\/2023\/05\/skyshop_logo.png\",\"width\":3329,\"height\":1229,\"caption\":\"Skystyle O\u00dc\"},\"image\":{\"@id\":\"https:\/\/www.skyshop.ee\/fi\/#\/schema\/logo\/image\/\"},\"sameAs\":[\"https:\/\/www.facebook.com\/skystyle.eu\"]}]}<\/script>\n<!-- \/ Yoast SEO plugin. -->","yoast_head_json":{"title":"Yksikiskoinen verhokisko U-Profiles 350 cm (U35) - SkyShop","robots":{"index":"index","follow":"follow","max-snippet":"max-snippet:-1","max-image-preview":"max-image-preview:large","max-video-preview":"max-video-preview:-1"},"canonical":"https:\/\/www.skyshop.ee\/fi\/tuote\/yksikiskoinen-verhokisko-u-profiles-350-cm-u35\/","og_locale":"fi_FI","og_type":"article","og_title":"Yksikiskoinen verhokisko U-Profiles 350 cm (U35) - SkyShop","og_description":"Yksikiskoinen alumiininen verhokisko 350 cm U-Profiles \u2014 premium-ratkaisu verhojen sujuvaan ja hiljaiseen liikkeeseen. Kest\u00e4v\u00e4 rakenne, minimalistinen muotoilu ja siisti ulkon\u00e4k\u00f6 tekev\u00e4t siit\u00e4 ihanteellisen valinnan moderneihin sisustuksiin.","og_url":"https:\/\/www.skyshop.ee\/fi\/tuote\/yksikiskoinen-verhokisko-u-profiles-350-cm-u35\/","og_site_name":"SkyShop","article_publisher":"https:\/\/www.facebook.com\/skystyle.eu","article_modified_time":"2026-03-25T18:54:35+00:00","og_image":[{"width":1000,"height":669,"url":"https:\/\/www.skyshop.ee\/wp-content\/uploads\/2026\/03\/curtain_track_whitened.jpg","type":"image\/jpeg"}],"twitter_card":"summary_large_image","twitter_misc":{"Est. reading time":"1 minute"},"schema":{"@context":"https:\/\/schema.org","@graph":[{"@type":"WebPage","@id":"https:\/\/www.skyshop.ee\/fi\/tuote\/yksikiskoinen-verhokisko-u-profiles-350-cm-u35\/","url":"https:\/\/www.skyshop.ee\/fi\/tuote\/yksikiskoinen-verhokisko-u-profiles-350-cm-u35\/","name":"Yksikiskoinen verhokisko U-Profiles 350 cm (U35) - SkyShop","isPartOf":{"@id":"https:\/\/www.skyshop.ee\/fi\/#website"},"primaryImageOfPage":{"@id":"https:\/\/www.skyshop.ee\/fi\/tuote\/yksikiskoinen-verhokisko-u-profiles-350-cm-u35\/#primaryimage"},"image":{"@id":"https:\/\/www.skyshop.ee\/fi\/tuote\/yksikiskoinen-verhokisko-u-profiles-350-cm-u35\/#primaryimage"},"thumbnailUrl":"https:\/\/www.skyshop.ee\/wp-content\/uploads\/2026\/03\/curtain_track_whitened.jpg","datePublished":"2026-03-17T13:45:40+00:00","dateModified":"2026-03-25T18:54:35+00:00","breadcrumb":{"@id":"https:\/\/www.skyshop.ee\/fi\/tuote\/yksikiskoinen-verhokisko-u-profiles-350-cm-u35\/#breadcrumb"},"inLanguage":"fi-FI","potentialAction":[{"@type":"ReadAction","target":["https:\/\/www.skyshop.ee\/fi\/tuote\/yksikiskoinen-verhokisko-u-profiles-350-cm-u35\/"]}]},{"@type":"ImageObject","inLanguage":"fi-FI","@id":"https:\/\/www.skyshop.ee\/fi\/tuote\/yksikiskoinen-verhokisko-u-profiles-350-cm-u35\/#primaryimage","url":"https:\/\/www.skyshop.ee\/wp-content\/uploads\/2026\/03\/curtain_track_whitened.jpg","contentUrl":"https:\/\/www.skyshop.ee\/wp-content\/uploads\/2026\/03\/curtain_track_whitened.jpg","width":1000,"height":669},{"@type":"BreadcrumbList","@id":"https:\/\/www.skyshop.ee\/fi\/tuote\/yksikiskoinen-verhokisko-u-profiles-350-cm-u35\/#breadcrumb","itemListElement":[{"@type":"ListItem","position":1,"name":"\u0413\u043b\u0430\u0432\u043d\u0430\u044f","item":"https:\/\/www.skyshop.ee\/fi\/"},{"@type":"ListItem","position":2,"name":"Yksikiskoinen verhokisko U-Profiles 350 cm (U35)"}]},{"@type":"WebSite","@id":"https:\/\/www.skyshop.ee\/fi\/#website","url":"https:\/\/www.skyshop.ee\/fi\/","name":"SkyShop","description":"Pinglaed ja tarvikud","publisher":{"@id":"https:\/\/www.skyshop.ee\/fi\/#organization"},"potentialAction":[{"@type":"SearchAction","target":{"@type":"EntryPoint","urlTemplate":"https:\/\/www.skyshop.ee\/fi\/?s={search_term_string}"},"query-input":{"@type":"PropertyValueSpecification","valueRequired":true,"valueName":"search_term_string"}}],"inLanguage":"fi-FI"},{"@type":"Organization","@id":"https:\/\/www.skyshop.ee\/fi\/#organization","name":"Skystyle O\u00dc","url":"https:\/\/www.skyshop.ee\/fi\/","logo":{"@type":"ImageObject","inLanguage":"fi-FI","@id":"https:\/\/www.skyshop.ee\/fi\/#\/schema\/logo\/image\/","url":"https:\/\/www.skyshop.ee\/wp-content\/uploads\/2023\/05\/skyshop_logo.png","contentUrl":"https:\/\/www.skyshop.ee\/wp-content\/uploads\/2023\/05\/skyshop_logo.png","width":3329,"height":1229,"caption":"Skystyle O\u00dc"},"image":{"@id":"https:\/\/www.skyshop.ee\/fi\/#\/schema\/logo\/image\/"},"sameAs":["https:\/\/www.facebook.com\/skystyle.eu"]}]}},"brands":[],"_links":{"self":[{"href":"https:\/\/www.skyshop.ee\/fi\/wp-json\/wp\/v2\/product\/99720","targetHints":{"allow":["GET"]}}],"collection":[{"href":"https:\/\/www.skyshop.ee\/fi\/wp-json\/wp\/v2\/product"}],"about":[{"href":"https:\/\/www.skyshop.ee\/fi\/wp-json\/wp\/v2\/types\/product"}],"wp:featuredmedia":[{"embeddable":true,"href":"https:\/\/www.skyshop.ee\/fi\/wp-json\/wp\/v2\/media\/99587"}],"wp:attachment":[{"href":"https:\/\/www.skyshop.ee\/fi\/wp-json\/wp\/v2\/media?parent=99720"}],"wp:term":[{"taxonomy":"pwb-brand","embeddable":true,"href":"https:\/\/www.skyshop.ee\/fi\/wp-json\/wp\/v2\/pwb-brand?post=99720"},{"taxonomy":"product_brand","embeddable":true,"href":"https:\/\/www.skyshop.ee\/fi\/wp-json\/wp\/v2\/product_brand?post=99720"},{"taxonomy":"product_cat","embeddable":true,"href":"https:\/\/www.skyshop.ee\/fi\/wp-json\/wp\/v2\/product_cat?post=99720"},{"taxonomy":"product_tag","embeddable":true,"href":"https:\/\/www.skyshop.ee\/fi\/wp-json\/wp\/v2\/product_tag?post=99720"}],"curies":[{"name":"wp","href":"https:\/\/api.w.org\/{rel}","templated":true}]}}