{"id":99618,"date":"2026-03-14T09:45:27","date_gmt":"2026-03-14T07:45:27","guid":{"rendered":"https:\/\/www.skyshop.ee\/product\/u-profiles-yhden-rivin-karvikekehykki-250-cm-u25\/"},"modified":"2026-03-26T14:33:25","modified_gmt":"2026-03-26T12:33:25","slug":"yksikiskoinen-verhokisko-u-profiles-250-cm-u25","status":"publish","type":"product","link":"https:\/\/www.skyshop.ee\/fi\/tuote\/yksikiskoinen-verhokisko-u-profiles-250-cm-u25\/","title":{"rendered":"Yksikiskoinen verhokisko U-Profiles 250 cm (U25)"},"content":{"rendered":"<p class=\"whitespace-pre-wrap\">U-Profiles yhden rivin alumiiniumkarvikekehykki on kaunis ja luotettava ratkaisu nykyisille interj\u00f6\u00f6reille. Systeemi yhdist\u00e4\u00e4 minimalistisen muotoilun, vahvan alumiinirakenteen ja pehme\u00e4n karvikeliikkeen, tarjoten mukavuutta p\u00e4ivitt\u00e4iseen k\u00e4ytt\u00f6\u00f6n. Karvikekehykki on tyylik\u00e4s ulkon\u00e4k\u00f6inen, kest\u00e4v\u00e4 ja korkea-laatusesti valmistettu, mik\u00e4 tekee siit\u00e4 sopivan sek\u00e4 asuin- ett\u00e4 kaupallisiin tiloihin. Idealinen valinta niille, jotka arvostavat estetiikkaa, luotettavuutta ja modernia tyyli\u00e4.<\/p>\n<p class=\"whitespace-pre-wrap\">Karvikekehykki toimitetaan rullien, hihnojen ja kattoasennukseen tarvittavan kiinnikkeen kanssa, mik\u00e4 varmistaa helpon asentamisen ja j\u00e4rjestelm\u00e4n valmiuden asentamiseen.<\/p>\n","protected":false},"excerpt":{"rendered":"<p>U-Profiles yhden rivin alumiiniumkarvikekehykki 250 cm on preemiallinen ratkaisu pehme\u00e4\u00e4n ja hiljaaseen karvikel\u00e4ht\u00f6\u00f6n. Sen vahva rakenne, minimalistinen muotoilu ja tyylik\u00e4s ulkon\u00e4k\u00f6 tekev\u00e4t siit\u00e4 ideaalin valinnan nykyisille interj\u00f6\u00f6reille.<\/p>\n","protected":false},"featured_media":99587,"template":"","meta":[],"pwb-brand":[],"product_brand":[],"product_cat":[4084],"product_tag":[],"class_list":{"0":"post-99618","1":"product","2":"type-product","3":"status-publish","4":"has-post-thumbnail","6":"product_cat-pvc-verhotangot","8":"first","9":"instock","10":"taxable","11":"shipping-taxable","12":"purchasable","13":"product-type-simple"},"yoast_head":"<!-- This site is optimized with the Yoast SEO plugin v27.2 - https:\/\/yoast.com\/product\/yoast-seo-wordpress\/ -->\n<title>Yksikiskoinen verhokisko U-Profiles 250 cm (U25) - SkyShop<\/title>\n<meta name=\"robots\" content=\"index, follow, max-snippet:-1, max-image-preview:large, max-video-preview:-1\" \/>\n<link rel=\"canonical\" href=\"https:\/\/www.skyshop.ee\/fi\/tuote\/yksikiskoinen-verhokisko-u-profiles-250-cm-u25\/\" \/>\n<meta property=\"og:locale\" content=\"fi_FI\" \/>\n<meta property=\"og:type\" content=\"article\" \/>\n<meta property=\"og:title\" content=\"Yksikiskoinen verhokisko U-Profiles 250 cm (U25) - SkyShop\" \/>\n<meta property=\"og:description\" content=\"U-Profiles yhden rivin alumiiniumkarvikekehykki 250 cm on preemiallinen ratkaisu pehme\u00e4\u00e4n ja hiljaaseen karvikel\u00e4ht\u00f6\u00f6n. Sen vahva rakenne, minimalistinen muotoilu ja tyylik\u00e4s ulkon\u00e4k\u00f6 tekev\u00e4t siit\u00e4 ideaalin valinnan nykyisille interj\u00f6\u00f6reille.\" \/>\n<meta property=\"og:url\" content=\"https:\/\/www.skyshop.ee\/fi\/tuote\/yksikiskoinen-verhokisko-u-profiles-250-cm-u25\/\" \/>\n<meta property=\"og:site_name\" content=\"SkyShop\" \/>\n<meta property=\"article:publisher\" content=\"https:\/\/www.facebook.com\/skystyle.eu\" \/>\n<meta property=\"article:modified_time\" content=\"2026-03-26T12:33:25+00:00\" \/>\n<meta property=\"og:image\" content=\"https:\/\/www.skyshop.ee\/wp-content\/uploads\/2026\/03\/curtain_track_whitened.jpg\" \/>\n\t<meta property=\"og:image:width\" content=\"1000\" \/>\n\t<meta property=\"og:image:height\" content=\"669\" \/>\n\t<meta property=\"og:image:type\" content=\"image\/jpeg\" \/>\n<meta name=\"twitter:card\" content=\"summary_large_image\" \/>\n<script type=\"application\/ld+json\" class=\"yoast-schema-graph\">{\"@context\":\"https:\/\/schema.org\",\"@graph\":[{\"@type\":\"WebPage\",\"@id\":\"https:\/\/www.skyshop.ee\/fi\/tuote\/yksikiskoinen-verhokisko-u-profiles-250-cm-u25\/\",\"url\":\"https:\/\/www.skyshop.ee\/fi\/tuote\/yksikiskoinen-verhokisko-u-profiles-250-cm-u25\/\",\"name\":\"Yksikiskoinen verhokisko U-Profiles 250 cm (U25) - SkyShop\",\"isPartOf\":{\"@id\":\"https:\/\/www.skyshop.ee\/fi\/#website\"},\"primaryImageOfPage\":{\"@id\":\"https:\/\/www.skyshop.ee\/fi\/tuote\/yksikiskoinen-verhokisko-u-profiles-250-cm-u25\/#primaryimage\"},\"image\":{\"@id\":\"https:\/\/www.skyshop.ee\/fi\/tuote\/yksikiskoinen-verhokisko-u-profiles-250-cm-u25\/#primaryimage\"},\"thumbnailUrl\":\"https:\/\/www.skyshop.ee\/wp-content\/uploads\/2026\/03\/curtain_track_whitened.jpg\",\"datePublished\":\"2026-03-14T07:45:27+00:00\",\"dateModified\":\"2026-03-26T12:33:25+00:00\",\"breadcrumb\":{\"@id\":\"https:\/\/www.skyshop.ee\/fi\/tuote\/yksikiskoinen-verhokisko-u-profiles-250-cm-u25\/#breadcrumb\"},\"inLanguage\":\"fi-FI\",\"potentialAction\":[{\"@type\":\"ReadAction\",\"target\":[\"https:\/\/www.skyshop.ee\/fi\/tuote\/yksikiskoinen-verhokisko-u-profiles-250-cm-u25\/\"]}]},{\"@type\":\"ImageObject\",\"inLanguage\":\"fi-FI\",\"@id\":\"https:\/\/www.skyshop.ee\/fi\/tuote\/yksikiskoinen-verhokisko-u-profiles-250-cm-u25\/#primaryimage\",\"url\":\"https:\/\/www.skyshop.ee\/wp-content\/uploads\/2026\/03\/curtain_track_whitened.jpg\",\"contentUrl\":\"https:\/\/www.skyshop.ee\/wp-content\/uploads\/2026\/03\/curtain_track_whitened.jpg\",\"width\":1000,\"height\":669},{\"@type\":\"BreadcrumbList\",\"@id\":\"https:\/\/www.skyshop.ee\/fi\/tuote\/yksikiskoinen-verhokisko-u-profiles-250-cm-u25\/#breadcrumb\",\"itemListElement\":[{\"@type\":\"ListItem\",\"position\":1,\"name\":\"\u0413\u043b\u0430\u0432\u043d\u0430\u044f\",\"item\":\"https:\/\/www.skyshop.ee\/fi\/\"},{\"@type\":\"ListItem\",\"position\":2,\"name\":\"Yksikiskoinen verhokisko U-Profiles 250 cm (U25)\"}]},{\"@type\":\"WebSite\",\"@id\":\"https:\/\/www.skyshop.ee\/fi\/#website\",\"url\":\"https:\/\/www.skyshop.ee\/fi\/\",\"name\":\"SkyShop\",\"description\":\"Pinglaed ja tarvikud\",\"publisher\":{\"@id\":\"https:\/\/www.skyshop.ee\/fi\/#organization\"},\"potentialAction\":[{\"@type\":\"SearchAction\",\"target\":{\"@type\":\"EntryPoint\",\"urlTemplate\":\"https:\/\/www.skyshop.ee\/fi\/?s={search_term_string}\"},\"query-input\":{\"@type\":\"PropertyValueSpecification\",\"valueRequired\":true,\"valueName\":\"search_term_string\"}}],\"inLanguage\":\"fi-FI\"},{\"@type\":\"Organization\",\"@id\":\"https:\/\/www.skyshop.ee\/fi\/#organization\",\"name\":\"Skystyle O\u00dc\",\"url\":\"https:\/\/www.skyshop.ee\/fi\/\",\"logo\":{\"@type\":\"ImageObject\",\"inLanguage\":\"fi-FI\",\"@id\":\"https:\/\/www.skyshop.ee\/fi\/#\/schema\/logo\/image\/\",\"url\":\"https:\/\/www.skyshop.ee\/wp-content\/uploads\/2023\/05\/skyshop_logo.png\",\"contentUrl\":\"https:\/\/www.skyshop.ee\/wp-content\/uploads\/2023\/05\/skyshop_logo.png\",\"width\":3329,\"height\":1229,\"caption\":\"Skystyle O\u00dc\"},\"image\":{\"@id\":\"https:\/\/www.skyshop.ee\/fi\/#\/schema\/logo\/image\/\"},\"sameAs\":[\"https:\/\/www.facebook.com\/skystyle.eu\"]}]}<\/script>\n<!-- \/ Yoast SEO plugin. -->","yoast_head_json":{"title":"Yksikiskoinen verhokisko U-Profiles 250 cm (U25) - SkyShop","robots":{"index":"index","follow":"follow","max-snippet":"max-snippet:-1","max-image-preview":"max-image-preview:large","max-video-preview":"max-video-preview:-1"},"canonical":"https:\/\/www.skyshop.ee\/fi\/tuote\/yksikiskoinen-verhokisko-u-profiles-250-cm-u25\/","og_locale":"fi_FI","og_type":"article","og_title":"Yksikiskoinen verhokisko U-Profiles 250 cm (U25) - SkyShop","og_description":"U-Profiles yhden rivin alumiiniumkarvikekehykki 250 cm on preemiallinen ratkaisu pehme\u00e4\u00e4n ja hiljaaseen karvikel\u00e4ht\u00f6\u00f6n. Sen vahva rakenne, minimalistinen muotoilu ja tyylik\u00e4s ulkon\u00e4k\u00f6 tekev\u00e4t siit\u00e4 ideaalin valinnan nykyisille interj\u00f6\u00f6reille.","og_url":"https:\/\/www.skyshop.ee\/fi\/tuote\/yksikiskoinen-verhokisko-u-profiles-250-cm-u25\/","og_site_name":"SkyShop","article_publisher":"https:\/\/www.facebook.com\/skystyle.eu","article_modified_time":"2026-03-26T12:33:25+00:00","og_image":[{"width":1000,"height":669,"url":"https:\/\/www.skyshop.ee\/wp-content\/uploads\/2026\/03\/curtain_track_whitened.jpg","type":"image\/jpeg"}],"twitter_card":"summary_large_image","schema":{"@context":"https:\/\/schema.org","@graph":[{"@type":"WebPage","@id":"https:\/\/www.skyshop.ee\/fi\/tuote\/yksikiskoinen-verhokisko-u-profiles-250-cm-u25\/","url":"https:\/\/www.skyshop.ee\/fi\/tuote\/yksikiskoinen-verhokisko-u-profiles-250-cm-u25\/","name":"Yksikiskoinen verhokisko U-Profiles 250 cm (U25) - SkyShop","isPartOf":{"@id":"https:\/\/www.skyshop.ee\/fi\/#website"},"primaryImageOfPage":{"@id":"https:\/\/www.skyshop.ee\/fi\/tuote\/yksikiskoinen-verhokisko-u-profiles-250-cm-u25\/#primaryimage"},"image":{"@id":"https:\/\/www.skyshop.ee\/fi\/tuote\/yksikiskoinen-verhokisko-u-profiles-250-cm-u25\/#primaryimage"},"thumbnailUrl":"https:\/\/www.skyshop.ee\/wp-content\/uploads\/2026\/03\/curtain_track_whitened.jpg","datePublished":"2026-03-14T07:45:27+00:00","dateModified":"2026-03-26T12:33:25+00:00","breadcrumb":{"@id":"https:\/\/www.skyshop.ee\/fi\/tuote\/yksikiskoinen-verhokisko-u-profiles-250-cm-u25\/#breadcrumb"},"inLanguage":"fi-FI","potentialAction":[{"@type":"ReadAction","target":["https:\/\/www.skyshop.ee\/fi\/tuote\/yksikiskoinen-verhokisko-u-profiles-250-cm-u25\/"]}]},{"@type":"ImageObject","inLanguage":"fi-FI","@id":"https:\/\/www.skyshop.ee\/fi\/tuote\/yksikiskoinen-verhokisko-u-profiles-250-cm-u25\/#primaryimage","url":"https:\/\/www.skyshop.ee\/wp-content\/uploads\/2026\/03\/curtain_track_whitened.jpg","contentUrl":"https:\/\/www.skyshop.ee\/wp-content\/uploads\/2026\/03\/curtain_track_whitened.jpg","width":1000,"height":669},{"@type":"BreadcrumbList","@id":"https:\/\/www.skyshop.ee\/fi\/tuote\/yksikiskoinen-verhokisko-u-profiles-250-cm-u25\/#breadcrumb","itemListElement":[{"@type":"ListItem","position":1,"name":"\u0413\u043b\u0430\u0432\u043d\u0430\u044f","item":"https:\/\/www.skyshop.ee\/fi\/"},{"@type":"ListItem","position":2,"name":"Yksikiskoinen verhokisko U-Profiles 250 cm (U25)"}]},{"@type":"WebSite","@id":"https:\/\/www.skyshop.ee\/fi\/#website","url":"https:\/\/www.skyshop.ee\/fi\/","name":"SkyShop","description":"Pinglaed ja tarvikud","publisher":{"@id":"https:\/\/www.skyshop.ee\/fi\/#organization"},"potentialAction":[{"@type":"SearchAction","target":{"@type":"EntryPoint","urlTemplate":"https:\/\/www.skyshop.ee\/fi\/?s={search_term_string}"},"query-input":{"@type":"PropertyValueSpecification","valueRequired":true,"valueName":"search_term_string"}}],"inLanguage":"fi-FI"},{"@type":"Organization","@id":"https:\/\/www.skyshop.ee\/fi\/#organization","name":"Skystyle O\u00dc","url":"https:\/\/www.skyshop.ee\/fi\/","logo":{"@type":"ImageObject","inLanguage":"fi-FI","@id":"https:\/\/www.skyshop.ee\/fi\/#\/schema\/logo\/image\/","url":"https:\/\/www.skyshop.ee\/wp-content\/uploads\/2023\/05\/skyshop_logo.png","contentUrl":"https:\/\/www.skyshop.ee\/wp-content\/uploads\/2023\/05\/skyshop_logo.png","width":3329,"height":1229,"caption":"Skystyle O\u00dc"},"image":{"@id":"https:\/\/www.skyshop.ee\/fi\/#\/schema\/logo\/image\/"},"sameAs":["https:\/\/www.facebook.com\/skystyle.eu"]}]}},"brands":[],"_links":{"self":[{"href":"https:\/\/www.skyshop.ee\/fi\/wp-json\/wp\/v2\/product\/99618","targetHints":{"allow":["GET"]}}],"collection":[{"href":"https:\/\/www.skyshop.ee\/fi\/wp-json\/wp\/v2\/product"}],"about":[{"href":"https:\/\/www.skyshop.ee\/fi\/wp-json\/wp\/v2\/types\/product"}],"wp:featuredmedia":[{"embeddable":true,"href":"https:\/\/www.skyshop.ee\/fi\/wp-json\/wp\/v2\/media\/99587"}],"wp:attachment":[{"href":"https:\/\/www.skyshop.ee\/fi\/wp-json\/wp\/v2\/media?parent=99618"}],"wp:term":[{"taxonomy":"pwb-brand","embeddable":true,"href":"https:\/\/www.skyshop.ee\/fi\/wp-json\/wp\/v2\/pwb-brand?post=99618"},{"taxonomy":"product_brand","embeddable":true,"href":"https:\/\/www.skyshop.ee\/fi\/wp-json\/wp\/v2\/product_brand?post=99618"},{"taxonomy":"product_cat","embeddable":true,"href":"https:\/\/www.skyshop.ee\/fi\/wp-json\/wp\/v2\/product_cat?post=99618"},{"taxonomy":"product_tag","embeddable":true,"href":"https:\/\/www.skyshop.ee\/fi\/wp-json\/wp\/v2\/product_tag?post=99618"}],"curies":[{"name":"wp","href":"https:\/\/api.w.org\/{rel}","templated":true}]}}