{"id":99610,"date":"2025-11-06T11:49:55","date_gmt":"2025-11-06T09:49:55","guid":{"rendered":"https:\/\/www.skyshop.ee\/product\/kardin-teline-sk4\/"},"modified":"2025-11-06T11:49:55","modified_gmt":"2025-11-06T09:49:55","slug":"kardin-teline-sk4","status":"publish","type":"product","link":"https:\/\/www.skyshop.ee\/fi\/tuote\/kardin-teline-sk4\/","title":{"rendered":"Kardin teline (SK4)"},"content":{"rendered":"<p class=\"whitespace-pre-wrap\">Kardini py\u00f6r\u00e4liikkuja, jossa on halkaisijalla pehme\u00e4t renkaat ja alumiinirengaspy\u00f6ritysmekanismi<\/p>\n<p class=\"whitespace-pre-wrap\">P\u00e4ivitetty kardin liukuvarsi on suunniteltu maksimaalisen sile\u00e4ksi, \u00e4\u00e4nt\u00f6nt\u00f6n\u00e4iseksi ja vakavaksi verhotangon liikkeeksi. Konstruktiolla on halkaisijalla pehme\u00e4t renkaat ja alumiinirengaspy\u00f6ritysmekanismi, mik\u00e4 tekee kardin liikkumista pehme\u00e4ksi, \u00e4\u00e4nt\u00f6nt\u00f6n\u00e4iseksi ja mukavaksi p\u00e4ivitt\u00e4isess\u00e4 k\u00e4yt\u00f6ss\u00e4.<\/p>\n<p class=\"whitespace-pre-wrap\">Korpus on valmistettu vahvasta ter\u00e4ksest\u00e4, mik\u00e4 takaa korkean luotettavuuden, kest\u00e4vyyden ja kuormituksen kestokyvyn. 360 asteen py\u00f6riv\u00e4n mekanismin ansiosta liukuvarsi sopeutuu vapaaehtoisesti verhotangon liikkeeseen, parantamalla sileytt\u00e4 ja v\u00e4hent\u00e4m\u00e4ll\u00e4 painetta j\u00e4rjestelm\u00e4lle.<\/p>\n<p class=\"whitespace-pre-wrap\">T\u00e4m\u00e4 ratkaisu on erinomainen nykyajan kardinj\u00e4rjestelmiin, joissa t\u00e4rke\u00e4t ovat mukavuus, \u00e4\u00e4net\u00f6n toiminta ja korkealaatuinen osien ty\u00f6.<\/p>\n<p class=\"whitespace-pre-wrap\"><strong class=\"\">Edut<\/strong><\/p>\n<ul class=\"\">\n<li>halkaisijalla pehme\u00e4t renkaat sile\u00e4lle ja \u00e4\u00e4nt\u00f6nt\u00f6n\u00e4iselle liikkumiselle<\/li>\n<li>alumiinirengaspy\u00f6ritysmekanismi sile\u00e4lle ja vakavalle liikkeelle<\/li>\n<li>vahva ter\u00e4ksest\u00e4 korpus<\/li>\n<li>360 asteen py\u00f6riv\u00e4 mekanismi<\/li>\n<li>v\u00e4hennetty \u00e4\u00e4nenvoimakkuus verhotangon liikkumisessa<\/li>\n<li>luotettava ja kest\u00e4v\u00e4 rakenne<\/li>\n<\/ul>\n<p class=\"whitespace-pre-wrap\"><strong class=\"\">K\u00e4ytt\u00f6<\/strong><\/p>\n<p class=\"whitespace-pre-wrap\">K\u00e4ytet\u00e4\u00e4n kardinj\u00e4rjestelmiss\u00e4 sile\u00e4n ja \u00e4\u00e4nt\u00f6nt\u00f6n\u00e4isen verhotangon liikkeeseen, erityisesti sisustuksissa, joissa t\u00e4rke\u00e4t ovat mukavuus, estetiikka ja furrutusten laatu.<\/p>\n","protected":false},"excerpt":{"rendered":"<p>P\u00e4ivitetty kardin liukuvarsi halkaisijalla pehmeill\u00e4 renkailla ja alumiinirengaspy\u00f6ritysmekanismin avulla tarjoaa sile\u00e4n, \u00e4\u00e4nt\u00f6nt\u00f6n\u00e4isen ja pehme\u00e4n verhotangon liikkeen. Vahvan ter\u00e4ksest\u00e4 korpus ja 360 asteen py\u00f6riv\u00e4 mekanismi takavat luotettavan toiminnan, kest\u00e4vyyden ja mukavuuden k\u00e4yt\u00f6ss\u00e4.<\/p>\n","protected":false},"featured_media":99611,"template":"","meta":[],"pwb-brand":[],"product_brand":[],"product_cat":[4084],"product_tag":[],"class_list":{"0":"post-99610","1":"product","2":"type-product","3":"status-publish","4":"has-post-thumbnail","6":"product_cat-pvc-verhotangot","8":"first","9":"instock","10":"taxable","11":"shipping-taxable","12":"purchasable","13":"product-type-simple"},"yoast_head":"<!-- This site is optimized with the Yoast SEO plugin v27.2 - https:\/\/yoast.com\/product\/yoast-seo-wordpress\/ -->\n<title>Kardin teline (SK4) - SkyShop<\/title>\n<meta name=\"robots\" content=\"index, follow, max-snippet:-1, max-image-preview:large, max-video-preview:-1\" \/>\n<link rel=\"canonical\" href=\"https:\/\/www.skyshop.ee\/fi\/tuote\/kardin-teline-sk4\/\" \/>\n<meta property=\"og:locale\" content=\"fi_FI\" \/>\n<meta property=\"og:type\" content=\"article\" \/>\n<meta property=\"og:title\" content=\"Kardin teline (SK4) - SkyShop\" \/>\n<meta property=\"og:description\" content=\"P\u00e4ivitetty kardin liukuvarsi halkaisijalla pehmeill\u00e4 renkailla ja alumiinirengaspy\u00f6ritysmekanismin avulla tarjoaa sile\u00e4n, \u00e4\u00e4nt\u00f6nt\u00f6n\u00e4isen ja pehme\u00e4n verhotangon liikkeen. Vahvan ter\u00e4ksest\u00e4 korpus ja 360 asteen py\u00f6riv\u00e4 mekanismi takavat luotettavan toiminnan, kest\u00e4vyyden ja mukavuuden k\u00e4yt\u00f6ss\u00e4.\" \/>\n<meta property=\"og:url\" content=\"https:\/\/www.skyshop.ee\/fi\/tuote\/kardin-teline-sk4\/\" \/>\n<meta property=\"og:site_name\" content=\"SkyShop\" \/>\n<meta property=\"article:publisher\" content=\"https:\/\/www.facebook.com\/skystyle.eu\" \/>\n<meta property=\"og:image\" content=\"https:\/\/www.skyshop.ee\/wp-content\/uploads\/2025\/11\/20251105_125920.jpg\" \/>\n\t<meta property=\"og:image:width\" content=\"2560\" \/>\n\t<meta property=\"og:image:height\" content=\"2560\" \/>\n\t<meta property=\"og:image:type\" content=\"image\/jpeg\" \/>\n<meta name=\"twitter:card\" content=\"summary_large_image\" \/>\n<meta name=\"twitter:label1\" content=\"Est. reading time\" \/>\n\t<meta name=\"twitter:data1\" content=\"1 minute\" \/>\n<script type=\"application\/ld+json\" class=\"yoast-schema-graph\">{\"@context\":\"https:\/\/schema.org\",\"@graph\":[{\"@type\":\"WebPage\",\"@id\":\"https:\/\/www.skyshop.ee\/fi\/tuote\/kardin-teline-sk4\/\",\"url\":\"https:\/\/www.skyshop.ee\/fi\/tuote\/kardin-teline-sk4\/\",\"name\":\"Kardin teline (SK4) - SkyShop\",\"isPartOf\":{\"@id\":\"https:\/\/www.skyshop.ee\/fi\/#website\"},\"primaryImageOfPage\":{\"@id\":\"https:\/\/www.skyshop.ee\/fi\/tuote\/kardin-teline-sk4\/#primaryimage\"},\"image\":{\"@id\":\"https:\/\/www.skyshop.ee\/fi\/tuote\/kardin-teline-sk4\/#primaryimage\"},\"thumbnailUrl\":\"https:\/\/www.skyshop.ee\/wp-content\/uploads\/2025\/11\/20251105_125920.jpg\",\"datePublished\":\"2025-11-06T09:49:55+00:00\",\"breadcrumb\":{\"@id\":\"https:\/\/www.skyshop.ee\/fi\/tuote\/kardin-teline-sk4\/#breadcrumb\"},\"inLanguage\":\"fi-FI\",\"potentialAction\":[{\"@type\":\"ReadAction\",\"target\":[\"https:\/\/www.skyshop.ee\/fi\/tuote\/kardin-teline-sk4\/\"]}]},{\"@type\":\"ImageObject\",\"inLanguage\":\"fi-FI\",\"@id\":\"https:\/\/www.skyshop.ee\/fi\/tuote\/kardin-teline-sk4\/#primaryimage\",\"url\":\"https:\/\/www.skyshop.ee\/wp-content\/uploads\/2025\/11\/20251105_125920.jpg\",\"contentUrl\":\"https:\/\/www.skyshop.ee\/wp-content\/uploads\/2025\/11\/20251105_125920.jpg\",\"width\":2560,\"height\":2560},{\"@type\":\"BreadcrumbList\",\"@id\":\"https:\/\/www.skyshop.ee\/fi\/tuote\/kardin-teline-sk4\/#breadcrumb\",\"itemListElement\":[{\"@type\":\"ListItem\",\"position\":1,\"name\":\"\u0413\u043b\u0430\u0432\u043d\u0430\u044f\",\"item\":\"https:\/\/www.skyshop.ee\/fi\/\"},{\"@type\":\"ListItem\",\"position\":2,\"name\":\"Kardin teline (SK4)\"}]},{\"@type\":\"WebSite\",\"@id\":\"https:\/\/www.skyshop.ee\/fi\/#website\",\"url\":\"https:\/\/www.skyshop.ee\/fi\/\",\"name\":\"SkyShop\",\"description\":\"Pinglaed ja tarvikud\",\"publisher\":{\"@id\":\"https:\/\/www.skyshop.ee\/fi\/#organization\"},\"potentialAction\":[{\"@type\":\"SearchAction\",\"target\":{\"@type\":\"EntryPoint\",\"urlTemplate\":\"https:\/\/www.skyshop.ee\/fi\/?s={search_term_string}\"},\"query-input\":{\"@type\":\"PropertyValueSpecification\",\"valueRequired\":true,\"valueName\":\"search_term_string\"}}],\"inLanguage\":\"fi-FI\"},{\"@type\":\"Organization\",\"@id\":\"https:\/\/www.skyshop.ee\/fi\/#organization\",\"name\":\"Skystyle O\u00dc\",\"url\":\"https:\/\/www.skyshop.ee\/fi\/\",\"logo\":{\"@type\":\"ImageObject\",\"inLanguage\":\"fi-FI\",\"@id\":\"https:\/\/www.skyshop.ee\/fi\/#\/schema\/logo\/image\/\",\"url\":\"https:\/\/www.skyshop.ee\/wp-content\/uploads\/2023\/05\/skyshop_logo.png\",\"contentUrl\":\"https:\/\/www.skyshop.ee\/wp-content\/uploads\/2023\/05\/skyshop_logo.png\",\"width\":3329,\"height\":1229,\"caption\":\"Skystyle O\u00dc\"},\"image\":{\"@id\":\"https:\/\/www.skyshop.ee\/fi\/#\/schema\/logo\/image\/\"},\"sameAs\":[\"https:\/\/www.facebook.com\/skystyle.eu\"]}]}<\/script>\n<!-- \/ Yoast SEO plugin. -->","yoast_head_json":{"title":"Kardin teline (SK4) - SkyShop","robots":{"index":"index","follow":"follow","max-snippet":"max-snippet:-1","max-image-preview":"max-image-preview:large","max-video-preview":"max-video-preview:-1"},"canonical":"https:\/\/www.skyshop.ee\/fi\/tuote\/kardin-teline-sk4\/","og_locale":"fi_FI","og_type":"article","og_title":"Kardin teline (SK4) - SkyShop","og_description":"P\u00e4ivitetty kardin liukuvarsi halkaisijalla pehmeill\u00e4 renkailla ja alumiinirengaspy\u00f6ritysmekanismin avulla tarjoaa sile\u00e4n, \u00e4\u00e4nt\u00f6nt\u00f6n\u00e4isen ja pehme\u00e4n verhotangon liikkeen. Vahvan ter\u00e4ksest\u00e4 korpus ja 360 asteen py\u00f6riv\u00e4 mekanismi takavat luotettavan toiminnan, kest\u00e4vyyden ja mukavuuden k\u00e4yt\u00f6ss\u00e4.","og_url":"https:\/\/www.skyshop.ee\/fi\/tuote\/kardin-teline-sk4\/","og_site_name":"SkyShop","article_publisher":"https:\/\/www.facebook.com\/skystyle.eu","og_image":[{"width":2560,"height":2560,"url":"https:\/\/www.skyshop.ee\/wp-content\/uploads\/2025\/11\/20251105_125920.jpg","type":"image\/jpeg"}],"twitter_card":"summary_large_image","twitter_misc":{"Est. reading time":"1 minute"},"schema":{"@context":"https:\/\/schema.org","@graph":[{"@type":"WebPage","@id":"https:\/\/www.skyshop.ee\/fi\/tuote\/kardin-teline-sk4\/","url":"https:\/\/www.skyshop.ee\/fi\/tuote\/kardin-teline-sk4\/","name":"Kardin teline (SK4) - SkyShop","isPartOf":{"@id":"https:\/\/www.skyshop.ee\/fi\/#website"},"primaryImageOfPage":{"@id":"https:\/\/www.skyshop.ee\/fi\/tuote\/kardin-teline-sk4\/#primaryimage"},"image":{"@id":"https:\/\/www.skyshop.ee\/fi\/tuote\/kardin-teline-sk4\/#primaryimage"},"thumbnailUrl":"https:\/\/www.skyshop.ee\/wp-content\/uploads\/2025\/11\/20251105_125920.jpg","datePublished":"2025-11-06T09:49:55+00:00","breadcrumb":{"@id":"https:\/\/www.skyshop.ee\/fi\/tuote\/kardin-teline-sk4\/#breadcrumb"},"inLanguage":"fi-FI","potentialAction":[{"@type":"ReadAction","target":["https:\/\/www.skyshop.ee\/fi\/tuote\/kardin-teline-sk4\/"]}]},{"@type":"ImageObject","inLanguage":"fi-FI","@id":"https:\/\/www.skyshop.ee\/fi\/tuote\/kardin-teline-sk4\/#primaryimage","url":"https:\/\/www.skyshop.ee\/wp-content\/uploads\/2025\/11\/20251105_125920.jpg","contentUrl":"https:\/\/www.skyshop.ee\/wp-content\/uploads\/2025\/11\/20251105_125920.jpg","width":2560,"height":2560},{"@type":"BreadcrumbList","@id":"https:\/\/www.skyshop.ee\/fi\/tuote\/kardin-teline-sk4\/#breadcrumb","itemListElement":[{"@type":"ListItem","position":1,"name":"\u0413\u043b\u0430\u0432\u043d\u0430\u044f","item":"https:\/\/www.skyshop.ee\/fi\/"},{"@type":"ListItem","position":2,"name":"Kardin teline (SK4)"}]},{"@type":"WebSite","@id":"https:\/\/www.skyshop.ee\/fi\/#website","url":"https:\/\/www.skyshop.ee\/fi\/","name":"SkyShop","description":"Pinglaed ja tarvikud","publisher":{"@id":"https:\/\/www.skyshop.ee\/fi\/#organization"},"potentialAction":[{"@type":"SearchAction","target":{"@type":"EntryPoint","urlTemplate":"https:\/\/www.skyshop.ee\/fi\/?s={search_term_string}"},"query-input":{"@type":"PropertyValueSpecification","valueRequired":true,"valueName":"search_term_string"}}],"inLanguage":"fi-FI"},{"@type":"Organization","@id":"https:\/\/www.skyshop.ee\/fi\/#organization","name":"Skystyle O\u00dc","url":"https:\/\/www.skyshop.ee\/fi\/","logo":{"@type":"ImageObject","inLanguage":"fi-FI","@id":"https:\/\/www.skyshop.ee\/fi\/#\/schema\/logo\/image\/","url":"https:\/\/www.skyshop.ee\/wp-content\/uploads\/2023\/05\/skyshop_logo.png","contentUrl":"https:\/\/www.skyshop.ee\/wp-content\/uploads\/2023\/05\/skyshop_logo.png","width":3329,"height":1229,"caption":"Skystyle O\u00dc"},"image":{"@id":"https:\/\/www.skyshop.ee\/fi\/#\/schema\/logo\/image\/"},"sameAs":["https:\/\/www.facebook.com\/skystyle.eu"]}]}},"brands":[],"_links":{"self":[{"href":"https:\/\/www.skyshop.ee\/fi\/wp-json\/wp\/v2\/product\/99610","targetHints":{"allow":["GET"]}}],"collection":[{"href":"https:\/\/www.skyshop.ee\/fi\/wp-json\/wp\/v2\/product"}],"about":[{"href":"https:\/\/www.skyshop.ee\/fi\/wp-json\/wp\/v2\/types\/product"}],"wp:featuredmedia":[{"embeddable":true,"href":"https:\/\/www.skyshop.ee\/fi\/wp-json\/wp\/v2\/media\/99611"}],"wp:attachment":[{"href":"https:\/\/www.skyshop.ee\/fi\/wp-json\/wp\/v2\/media?parent=99610"}],"wp:term":[{"taxonomy":"pwb-brand","embeddable":true,"href":"https:\/\/www.skyshop.ee\/fi\/wp-json\/wp\/v2\/pwb-brand?post=99610"},{"taxonomy":"product_brand","embeddable":true,"href":"https:\/\/www.skyshop.ee\/fi\/wp-json\/wp\/v2\/product_brand?post=99610"},{"taxonomy":"product_cat","embeddable":true,"href":"https:\/\/www.skyshop.ee\/fi\/wp-json\/wp\/v2\/product_cat?post=99610"},{"taxonomy":"product_tag","embeddable":true,"href":"https:\/\/www.skyshop.ee\/fi\/wp-json\/wp\/v2\/product_tag?post=99610"}],"curies":[{"name":"wp","href":"https:\/\/api.w.org\/{rel}","templated":true}]}}