{"id":99269,"date":"2021-11-18T11:47:40","date_gmt":"2021-11-18T09:47:40","guid":{"rendered":"https:\/\/www.skyshop.ee\/product\/led-levy-luca-cct-2700-6500k-22-w-m-192-led-m-24v-ip20-osram-ls56\/"},"modified":"2026-03-04T20:27:31","modified_gmt":"2026-03-04T18:27:31","slug":"led-levy-luca-cct-2700-6500k-22-w-m-192-led-m-24v-ip20-osram-ls56","status":"publish","type":"product","link":"https:\/\/www.skyshop.ee\/fi\/tuote\/led-levy-luca-cct-2700-6500k-22-w-m-192-led-m-24v-ip20-osram-ls56\/","title":{"rendered":"LED-levy LUCA CCT 2700\u20116500K 22\u202fW\/m 192\u202fLED\/m 24V IP20 OSRAM (LS56)"},"content":{"rendered":"<p class=\"whitespace-pre-wrap\">Premium LED-levy vaativille sis\u00e4- ja kauppaprojekteille. Suunniteltu tilanteisiin, joissa korkea kirkkaus, virheet\u00f6n v\u00e4ri-ilmaisu ja kest\u00e4vyys ovat olennaisia. V\u00e4rivasteen joustava s\u00e4\u00e4t\u00f6 (l\u00e4mp\u00e4\u00e4st\u00e4 kylm\u00e4\u00e4n) mahdollistaa valaistuksen tarkkaa sovittamista teht\u00e4v\u00e4\u00e4n ja tilan tunnelmaan.<\/p>\n<p class=\"whitespace-pre-wrap\">K\u00e4ytt\u00e4m\u00e4ll\u00e4 alkuper\u00e4isi\u00e4 OSRAM\u2011diodeja varmistetaan vakaat ominaisuudet, puhdas valon spektri ja visuaalisesti tasainen valo-viiva. 2493\u202flm\/m valonsaanti tarjoaa riitt\u00e4v\u00e4n kirkkauden ei vain koristeelliselle tai toiminnalliselle korostusvalolle, vaan my\u00f6s t\u00e4ysimittaiseen p\u00e4\u00e4valaistukseen.<\/p>\n<p class=\"whitespace-pre-wrap\">Levyn valmistuksessa on vahvistettu PCB, jossa on parannettu l\u00e4mm\u00f6npoisto. T\u00e4m\u00e4 ratkaisu lis\u00e4\u00e4 mekaanisen kuormituksen kest\u00e4vyysominaisuuksia asennuksen aikana, v\u00e4hent\u00e4\u00e4 ylikuumenemista ja edist\u00e4\u00e4 pitk\u00e4n k\u00e4ytt\u00f6i\u00e4n saavuttamista. S\u00e4hk\u00f6piiri on optimoitu tasaiselle virta- ja tehonjakelulle; sy\u00f6tt\u00e4minen yhdelt\u00e4 p\u00e4\u00e4lt\u00e4 poistaa kirkkauden laskun.<\/p>\n<p class=\"whitespace-pre-wrap\"><strong class=\"\">Keskeiset etuudet<\/strong><\/p>\n<ul class=\"\">\n<li>OSRAM\u2011premiumdiodit<\/li>\n<li>S\u00e4\u00e4dett\u00e4v\u00e4 v\u00e4ril\u00e4mp\u00f6tila CCT 2700\u202f\u2013\u202f6500K<\/li>\n<li>V\u00e4ri-ilmaisu CRI (Ra)\u202f&gt;\u202f90 \u2013 korkea luonnollinen v\u00e4ri<\/li>\n<li>Tihe ja tasainen hehku 192 LED\/m<\/li>\n<li>Laaja valon kulma 120\u00b0<\/li>\n<li>Vahvistettu PCB: luotettavuus, vakaus, j\u00e4\u00e4hdytys<\/li>\n<li>Yksi p\u00e4\u00e4sy ilman valaistuksen degradointia<\/li>\n<li>3M\u2011kiinnitysluokka \u2013 teollinen kiinnitysstandardit<\/li>\n<li>5\u2011vuosinen takuu<\/li>\n<\/ul>\n<p class=\"whitespace-pre-wrap\"><strong class=\"\">Tekniset parametrit<\/strong><\/p>\n<ul class=\"\">\n<li>J\u00e4nnite: 24V<\/li>\n<li>Teho: 22\u202fW\/m<\/li>\n<li>Virta: 0.92\u202fA\/m<\/li>\n<li>Valonsaanti: 2493\u202flm\/m<\/li>\n<li>Suojaluokka: IP20<\/li>\n<li>Leveys: 8\u202fmm<\/li>\n<li>Leikkauspituus: 62\u202fmm<\/li>\n<li>K\u00e4\u00e4mien pituus: 10\u202fm<\/li>\n<li>Energiatehokkuusluokka: E<\/li>\n<\/ul>\n<p class=\"whitespace-pre-wrap\">T\u00e4ydellinen ratkaisu kirkkaiden, puhtien ja teknologisesti kehittyneiden valaistusratkaisujen luomiseksi premium-tasolla.<\/p>\n<p>YouTube: <span style=\"color: #0000ff;\"><a style=\"color: #0000ff;\" href=\"https:\/\/www.youtube.com\/watch?v=aW6TFsTidfc\"><span aria-haspopup=\"dialog\" aria-expanded=\"false\" aria-controls=\"radix-:req1:\" data-state=\"closed\">https:\/\/www.youtube.com\/watch?v=aW6TFsTidfc<\/span><\/a><\/span><\/p>\n","protected":false},"excerpt":{"rendered":"<p>Premium\u2011LED-levy OSRAM\u2011diodeilla, korkean kirkkauden ja CRI\u202f&gt;\u202f90. 192\u202fLED\/m, 2493\u202flm\/m, leveys 8\u202fmm, yksi p\u00e4\u00e4sy ilman valonmenetyst\u00e4. Vahvistettu PCB paremman l\u00e4mm\u00f6npoiston ja luotettavuuden vuoksi. 10\u202fm k\u00e4\u00e4mi, IP20, kaksipuolinen 3M\u2011teippi, 5\u2011vuosinen takuu, leikkauspituus 62\u202fmm. Sopii p\u00e4\u00e4- ja koristevalaistukseen.<\/p>\n","protected":false},"featured_media":0,"template":"","meta":[],"pwb-brand":[534],"product_brand":[],"product_cat":[4051,4050],"product_tag":[],"class_list":{"0":"post-99269","1":"product","2":"type-product","3":"status-publish","5":"pwb-brand-luca","6":"product_cat-24v-ip20-led-nauhat","7":"product_cat-led-nauhat","8":"pa_tsvetovaya-temperatura-2700-6500k","10":"first","11":"instock","12":"sale","13":"taxable","14":"shipping-taxable","15":"purchasable","16":"product-type-simple"},"yoast_head":"<!-- This site is optimized with the Yoast SEO plugin v27.2 - https:\/\/yoast.com\/product\/yoast-seo-wordpress\/ -->\n<title>LED-levy LUCA CCT 2700\u20116500K 22\u202fW\/m 192\u202fLED\/m 24V IP20 OSRAM (LS56) - SkyShop<\/title>\n<meta name=\"description\" content=\"LED-nauha on suunniteltu perusvalaistukseen, koristevalaistukseen ja nykyaikaisten suunnitteluratkaisujen luomiseen.\" \/>\n<meta name=\"robots\" content=\"index, follow, max-snippet:-1, max-image-preview:large, max-video-preview:-1\" \/>\n<link rel=\"canonical\" href=\"https:\/\/www.skyshop.ee\/fi\/tuote\/led-levy-luca-cct-2700-6500k-22-w-m-192-led-m-24v-ip20-osram-ls56\/\" \/>\n<meta property=\"og:locale\" content=\"fi_FI\" \/>\n<meta property=\"og:type\" content=\"article\" \/>\n<meta property=\"og:title\" content=\"LED-levy LUCA CCT 2700\u20116500K 22\u202fW\/m 192\u202fLED\/m 24V IP20 OSRAM (LS56) - SkyShop\" \/>\n<meta property=\"og:description\" content=\"LED-nauha on suunniteltu perusvalaistukseen, koristevalaistukseen ja nykyaikaisten suunnitteluratkaisujen luomiseen.\" \/>\n<meta property=\"og:url\" content=\"https:\/\/www.skyshop.ee\/fi\/tuote\/led-levy-luca-cct-2700-6500k-22-w-m-192-led-m-24v-ip20-osram-ls56\/\" \/>\n<meta property=\"og:site_name\" content=\"SkyShop\" \/>\n<meta property=\"article:publisher\" content=\"https:\/\/www.facebook.com\/skystyle.eu\" \/>\n<meta property=\"article:modified_time\" content=\"2026-03-04T18:27:31+00:00\" \/>\n<meta name=\"twitter:card\" content=\"summary_large_image\" \/>\n<meta name=\"twitter:label1\" content=\"Est. reading time\" \/>\n\t<meta name=\"twitter:data1\" content=\"2 minutes\" \/>\n<script type=\"application\/ld+json\" class=\"yoast-schema-graph\">{\"@context\":\"https:\/\/schema.org\",\"@graph\":[{\"@type\":\"WebPage\",\"@id\":\"https:\/\/www.skyshop.ee\/fi\/tuote\/led-levy-luca-cct-2700-6500k-22-w-m-192-led-m-24v-ip20-osram-ls56\/\",\"url\":\"https:\/\/www.skyshop.ee\/fi\/tuote\/led-levy-luca-cct-2700-6500k-22-w-m-192-led-m-24v-ip20-osram-ls56\/\",\"name\":\"LED-levy LUCA CCT 2700\u20116500K 22\u202fW\/m 192\u202fLED\/m 24V IP20 OSRAM (LS56) - SkyShop\",\"isPartOf\":{\"@id\":\"https:\/\/www.skyshop.ee\/fi\/#website\"},\"datePublished\":\"2021-11-18T09:47:40+00:00\",\"dateModified\":\"2026-03-04T18:27:31+00:00\",\"description\":\"LED-nauha on suunniteltu perusvalaistukseen, koristevalaistukseen ja nykyaikaisten suunnitteluratkaisujen luomiseen.\",\"breadcrumb\":{\"@id\":\"https:\/\/www.skyshop.ee\/fi\/tuote\/led-levy-luca-cct-2700-6500k-22-w-m-192-led-m-24v-ip20-osram-ls56\/#breadcrumb\"},\"inLanguage\":\"fi-FI\",\"potentialAction\":[{\"@type\":\"ReadAction\",\"target\":[\"https:\/\/www.skyshop.ee\/fi\/tuote\/led-levy-luca-cct-2700-6500k-22-w-m-192-led-m-24v-ip20-osram-ls56\/\"]}]},{\"@type\":\"BreadcrumbList\",\"@id\":\"https:\/\/www.skyshop.ee\/fi\/tuote\/led-levy-luca-cct-2700-6500k-22-w-m-192-led-m-24v-ip20-osram-ls56\/#breadcrumb\",\"itemListElement\":[{\"@type\":\"ListItem\",\"position\":1,\"name\":\"\u0413\u043b\u0430\u0432\u043d\u0430\u044f\",\"item\":\"https:\/\/www.skyshop.ee\/fi\/\"},{\"@type\":\"ListItem\",\"position\":2,\"name\":\"LED-levy LUCA CCT 2700\u20116500K 22\u202fW\/m 192\u202fLED\/m 24V IP20 OSRAM (LS56)\"}]},{\"@type\":\"WebSite\",\"@id\":\"https:\/\/www.skyshop.ee\/fi\/#website\",\"url\":\"https:\/\/www.skyshop.ee\/fi\/\",\"name\":\"SkyShop\",\"description\":\"Pinglaed ja tarvikud\",\"publisher\":{\"@id\":\"https:\/\/www.skyshop.ee\/fi\/#organization\"},\"potentialAction\":[{\"@type\":\"SearchAction\",\"target\":{\"@type\":\"EntryPoint\",\"urlTemplate\":\"https:\/\/www.skyshop.ee\/fi\/?s={search_term_string}\"},\"query-input\":{\"@type\":\"PropertyValueSpecification\",\"valueRequired\":true,\"valueName\":\"search_term_string\"}}],\"inLanguage\":\"fi-FI\"},{\"@type\":\"Organization\",\"@id\":\"https:\/\/www.skyshop.ee\/fi\/#organization\",\"name\":\"Skystyle O\u00dc\",\"url\":\"https:\/\/www.skyshop.ee\/fi\/\",\"logo\":{\"@type\":\"ImageObject\",\"inLanguage\":\"fi-FI\",\"@id\":\"https:\/\/www.skyshop.ee\/fi\/#\/schema\/logo\/image\/\",\"url\":\"https:\/\/www.skyshop.ee\/wp-content\/uploads\/2023\/05\/skyshop_logo.png\",\"contentUrl\":\"https:\/\/www.skyshop.ee\/wp-content\/uploads\/2023\/05\/skyshop_logo.png\",\"width\":3329,\"height\":1229,\"caption\":\"Skystyle O\u00dc\"},\"image\":{\"@id\":\"https:\/\/www.skyshop.ee\/fi\/#\/schema\/logo\/image\/\"},\"sameAs\":[\"https:\/\/www.facebook.com\/skystyle.eu\"]}]}<\/script>\n<!-- \/ Yoast SEO plugin. -->","yoast_head_json":{"title":"LED-levy LUCA CCT 2700\u20116500K 22\u202fW\/m 192\u202fLED\/m 24V IP20 OSRAM (LS56) - SkyShop","description":"LED-nauha on suunniteltu perusvalaistukseen, koristevalaistukseen ja nykyaikaisten suunnitteluratkaisujen luomiseen.","robots":{"index":"index","follow":"follow","max-snippet":"max-snippet:-1","max-image-preview":"max-image-preview:large","max-video-preview":"max-video-preview:-1"},"canonical":"https:\/\/www.skyshop.ee\/fi\/tuote\/led-levy-luca-cct-2700-6500k-22-w-m-192-led-m-24v-ip20-osram-ls56\/","og_locale":"fi_FI","og_type":"article","og_title":"LED-levy LUCA CCT 2700\u20116500K 22\u202fW\/m 192\u202fLED\/m 24V IP20 OSRAM (LS56) - SkyShop","og_description":"LED-nauha on suunniteltu perusvalaistukseen, koristevalaistukseen ja nykyaikaisten suunnitteluratkaisujen luomiseen.","og_url":"https:\/\/www.skyshop.ee\/fi\/tuote\/led-levy-luca-cct-2700-6500k-22-w-m-192-led-m-24v-ip20-osram-ls56\/","og_site_name":"SkyShop","article_publisher":"https:\/\/www.facebook.com\/skystyle.eu","article_modified_time":"2026-03-04T18:27:31+00:00","twitter_card":"summary_large_image","twitter_misc":{"Est. reading time":"2 minutes"},"schema":{"@context":"https:\/\/schema.org","@graph":[{"@type":"WebPage","@id":"https:\/\/www.skyshop.ee\/fi\/tuote\/led-levy-luca-cct-2700-6500k-22-w-m-192-led-m-24v-ip20-osram-ls56\/","url":"https:\/\/www.skyshop.ee\/fi\/tuote\/led-levy-luca-cct-2700-6500k-22-w-m-192-led-m-24v-ip20-osram-ls56\/","name":"LED-levy LUCA CCT 2700\u20116500K 22\u202fW\/m 192\u202fLED\/m 24V IP20 OSRAM (LS56) - SkyShop","isPartOf":{"@id":"https:\/\/www.skyshop.ee\/fi\/#website"},"datePublished":"2021-11-18T09:47:40+00:00","dateModified":"2026-03-04T18:27:31+00:00","description":"LED-nauha on suunniteltu perusvalaistukseen, koristevalaistukseen ja nykyaikaisten suunnitteluratkaisujen luomiseen.","breadcrumb":{"@id":"https:\/\/www.skyshop.ee\/fi\/tuote\/led-levy-luca-cct-2700-6500k-22-w-m-192-led-m-24v-ip20-osram-ls56\/#breadcrumb"},"inLanguage":"fi-FI","potentialAction":[{"@type":"ReadAction","target":["https:\/\/www.skyshop.ee\/fi\/tuote\/led-levy-luca-cct-2700-6500k-22-w-m-192-led-m-24v-ip20-osram-ls56\/"]}]},{"@type":"BreadcrumbList","@id":"https:\/\/www.skyshop.ee\/fi\/tuote\/led-levy-luca-cct-2700-6500k-22-w-m-192-led-m-24v-ip20-osram-ls56\/#breadcrumb","itemListElement":[{"@type":"ListItem","position":1,"name":"\u0413\u043b\u0430\u0432\u043d\u0430\u044f","item":"https:\/\/www.skyshop.ee\/fi\/"},{"@type":"ListItem","position":2,"name":"LED-levy LUCA CCT 2700\u20116500K 22\u202fW\/m 192\u202fLED\/m 24V IP20 OSRAM (LS56)"}]},{"@type":"WebSite","@id":"https:\/\/www.skyshop.ee\/fi\/#website","url":"https:\/\/www.skyshop.ee\/fi\/","name":"SkyShop","description":"Pinglaed ja tarvikud","publisher":{"@id":"https:\/\/www.skyshop.ee\/fi\/#organization"},"potentialAction":[{"@type":"SearchAction","target":{"@type":"EntryPoint","urlTemplate":"https:\/\/www.skyshop.ee\/fi\/?s={search_term_string}"},"query-input":{"@type":"PropertyValueSpecification","valueRequired":true,"valueName":"search_term_string"}}],"inLanguage":"fi-FI"},{"@type":"Organization","@id":"https:\/\/www.skyshop.ee\/fi\/#organization","name":"Skystyle O\u00dc","url":"https:\/\/www.skyshop.ee\/fi\/","logo":{"@type":"ImageObject","inLanguage":"fi-FI","@id":"https:\/\/www.skyshop.ee\/fi\/#\/schema\/logo\/image\/","url":"https:\/\/www.skyshop.ee\/wp-content\/uploads\/2023\/05\/skyshop_logo.png","contentUrl":"https:\/\/www.skyshop.ee\/wp-content\/uploads\/2023\/05\/skyshop_logo.png","width":3329,"height":1229,"caption":"Skystyle O\u00dc"},"image":{"@id":"https:\/\/www.skyshop.ee\/fi\/#\/schema\/logo\/image\/"},"sameAs":["https:\/\/www.facebook.com\/skystyle.eu"]}]}},"brands":[{"id":534,"name":"LUCA","slug":"luca"}],"_links":{"self":[{"href":"https:\/\/www.skyshop.ee\/fi\/wp-json\/wp\/v2\/product\/99269","targetHints":{"allow":["GET"]}}],"collection":[{"href":"https:\/\/www.skyshop.ee\/fi\/wp-json\/wp\/v2\/product"}],"about":[{"href":"https:\/\/www.skyshop.ee\/fi\/wp-json\/wp\/v2\/types\/product"}],"wp:attachment":[{"href":"https:\/\/www.skyshop.ee\/fi\/wp-json\/wp\/v2\/media?parent=99269"}],"wp:term":[{"taxonomy":"pwb-brand","embeddable":true,"href":"https:\/\/www.skyshop.ee\/fi\/wp-json\/wp\/v2\/pwb-brand?post=99269"},{"taxonomy":"product_brand","embeddable":true,"href":"https:\/\/www.skyshop.ee\/fi\/wp-json\/wp\/v2\/product_brand?post=99269"},{"taxonomy":"product_cat","embeddable":true,"href":"https:\/\/www.skyshop.ee\/fi\/wp-json\/wp\/v2\/product_cat?post=99269"},{"taxonomy":"product_tag","embeddable":true,"href":"https:\/\/www.skyshop.ee\/fi\/wp-json\/wp\/v2\/product_tag?post=99269"}],"curies":[{"name":"wp","href":"https:\/\/api.w.org\/{rel}","templated":true}]}}