{"id":99248,"date":"2023-12-05T08:48:20","date_gmt":"2023-12-05T06:48:20","guid":{"rendered":"https:\/\/www.skyshop.ee\/?post_type=product&#038;p=99248"},"modified":"2026-03-04T20:33:01","modified_gmt":"2026-03-04T18:33:01","slug":"sisaanrakennettava-pyorea-valaisin-nextec-7w-4000-k-630-lm-sl89","status":"publish","type":"product","link":"https:\/\/www.skyshop.ee\/fi\/tuote\/sisaanrakennettava-pyorea-valaisin-nextec-7w-4000-k-630-lm-sl89\/","title":{"rendered":"Sis\u00e4\u00e4nrakennettava py\u00f6re\u00e4 valaisin NEXTEC 7W 4000\u202fK 630\u202flm (SL89)"},"content":{"rendered":"<p>NEXTEC Premium on moderni valaisin minimalistisessa muotoilussa, joka on suunniteltu saumattomaan integrointiin venytetylle katteelle. Erityinen asennusalusta mahdollistaa lampun asentamisen tasaisesti kangasverran kanssa, muodostaen t\u00e4ydellisen tasaisen ja puhtaan pinnan ilman korostuvia osia.<\/p>\n<p>T\u00e4m\u00e4 ratkaisu luo arkkitehtonisen valon vaikutelman \u2013 eritt\u00e4in hienostunut ulkon\u00e4k\u00f6, jota erityisesti arvostetaan nykyaikaisissa sisustuksissa. Valaisin n\u00e4ytt\u00e4\u00e4 luonnolliselta katteen osalta eik\u00e4 erilliselt\u00e4 elementilt\u00e4.<\/p>\n<p>Sopii asuin- ja liike-tiloihin, joissa esteettisyys, yksinkertaisuus ja premium\u2011visuaalinen lopputulos ovat t\u00e4rkeit\u00e4.<\/p>\n<p class=\"whitespace-pre-wrap\"><strong class=\"\">Edut<\/strong><\/p>\n<ul class=\"\">\n<li>Vient\u00e4v\u00e4 asennus venytetyn katon kangasverran kanssa<\/li>\n<li>Puhtaan minimalistisen ulkon\u00e4\u00f6n tarjoaminen<\/li>\n<li>Esteettinen arkkitehtoninen integraatio<\/li>\n<li>Moderni muotoilu ilman visuaalista h\u00e4lin\u00e4\u00e4<\/li>\n<li>Sopii premium\u2011sisustuksiin<\/li>\n<li>Tarjoaa tasaisen, pehme\u00e4n valon laajalla levi\u00e4miskulmalla ja vakaalla toiminnolla ilman vilkuttelua. Valaisin erottuu alhaisella energiankulutuksellaan, korkealla tehokerroksella ja hyv\u00e4ll\u00e4 v\u00e4risuojauksella, mik\u00e4 tekee siit\u00e4 mukavan p\u00e4ivitt\u00e4iseen k\u00e4ytt\u00f6\u00f6n.<\/li>\n<\/ul>\n<p class=\"whitespace-pre-wrap\"><strong class=\"\">Parametrit<\/strong><\/p>\n<ul class=\"\">\n<li>Teho: 7\u202fW<\/li>\n<li>Valo\u2011energia: 90\u202flm\/W<\/li>\n<li>Tehokerroin: PF\u202f&gt;\u202f0.9<\/li>\n<li>Leveyskulma: 120\u00b0<\/li>\n<li>J\u00e4nnite: AC\u202f100\u2013240\u202fV<\/li>\n<li>Taajuus: 50\/60\u202fHz<\/li>\n<li>Virta: 300\u202fmA<\/li>\n<li>LED\u2011tyyppi: SMD\u202f2835<\/li>\n<li>Kaitseluokka: IP20<\/li>\n<li>Asennusaukko: \u00d875\u202fmm (70\u202fmm ringi venytetylle katteelle)<\/li>\n<li>Ulkoinen halkaisija: \u00d890\u202fmm<\/li>\n<li>Sis\u00e4osien korkeus: 30\u202fmm<\/li>\n<li>Sopii asennettavaksi venytetyihin, gipsokarton- ja liukukatteisiin<\/li>\n<li>Garanti: 2 vuotta<\/li>\n<\/ul>\n","protected":false},"excerpt":{"rendered":"<div class=\"w-full pb-[30px] last:pb-0\" data-message-index=\"103\">\n<div class=\"group flex w-full items-start\">\n<div class=\"group\/message-content flex w-full flex-col gap-2\">\n<div class=\"flex w-full flex-col gap-2 transition-colors duration-300\">\n<div>\n<div class=\"relative flex h-auto group\/message w-full\">\n<div class=\"flex flex-col gap-1 min-w-0 flex-grow w-full\">\n<div class=\"relative flex px-2 border border-transparent transition-colors duration-200 ease-in-out w-full\">\n<div class=\"flex flex-col gap-0 w-full\">\n<div class=\"flex h-full min-h-0 flex-col items-center gap-2 py-2 pl-3 pr-3 pb-1 pt-0 w-full\">\n<div class=\"flex h-full p-0 min-w-0 flex-grow w-full\">\n<div class=\"flex min-w-0 flex-grow\">\n<div class=\"flex min-h-0 flex-grow flex-col justify-between gap-5 min-w-0\">\n<div class=\"flex min-h-0 flex-grow flex-col gap-2.5\">\n<div class=\"flex flex-col gap-2\">\n<div class=\"\">\n<div class=\"min-w-0 flex-grow flex flex-col tracking-normal text-[15px] font-normal gap-3 text-chatbody-foreground\">\n<div class=\"markdown-body relative margin-in-em markdown-increased-line-height\">\n<p class=\"whitespace-pre-wrap\">Nykyaikainen minimalistinen valaisin venytetylle katteelle. Se voidaan asentaa tasaisesti venytetyn katon kangasverran kanssa erikoisalustan avulla, luoden t\u00e4ydellisen tasaisen ja siistin pinnan. Esteettinen ratkaisu nykyaikaisiin sisustuksiin. Sopii venytetyille ja gipsokartonkatteille. Lis\u00e4ksi voidaan asentaa v\u00e4rivalitsin (musta\/valkoinen) visuaalisen mukavuuden lis\u00e4\u00e4miseksi ja valon pehmemmaksi kokemiseksi.<\/p>\n<\/div>\n<\/div>\n<\/div>\n<\/div>\n<\/div>\n<\/div>\n<\/div>\n<\/div>\n<\/div>\n<\/div>\n<\/div>\n<\/div>\n<\/div>\n<\/div>\n<\/div>\n<\/div>\n<\/div>\n<\/div>\n","protected":false},"featured_media":99242,"template":"","meta":[],"pwb-brand":[],"product_brand":[],"product_cat":[3958,4020],"product_tag":[],"class_list":{"0":"post-99248","1":"product","2":"type-product","3":"status-publish","4":"has-post-thumbnail","6":"product_cat-led-valaistus","7":"product_cat-upotettavat-valot","9":"first","10":"instock","11":"taxable","12":"shipping-taxable","13":"purchasable","14":"product-type-simple"},"yoast_head":"<!-- This site is optimized with the Yoast SEO plugin v27.2 - https:\/\/yoast.com\/product\/yoast-seo-wordpress\/ -->\n<title>Sis\u00e4\u00e4nrakennettava py\u00f6re\u00e4 valaisin NEXTEC 7W 4000\u202fK 630\u202flm (SL89) - SkyShop<\/title>\n<meta name=\"robots\" content=\"index, follow, max-snippet:-1, max-image-preview:large, max-video-preview:-1\" \/>\n<link rel=\"canonical\" href=\"https:\/\/www.skyshop.ee\/fi\/tuote\/sisaanrakennettava-pyorea-valaisin-nextec-7w-4000-k-630-lm-sl89\/\" \/>\n<meta property=\"og:locale\" content=\"fi_FI\" \/>\n<meta property=\"og:type\" content=\"article\" \/>\n<meta property=\"og:title\" content=\"Sis\u00e4\u00e4nrakennettava py\u00f6re\u00e4 valaisin NEXTEC 7W 4000\u202fK 630\u202flm (SL89) - SkyShop\" \/>\n<meta property=\"og:description\" content=\"Nykyaikainen minimalistinen valaisin venytetylle katteelle. Se voidaan asentaa tasaisesti venytetyn katon kangasverran kanssa erikoisalustan avulla, luoden t\u00e4ydellisen tasaisen ja siistin pinnan. Esteettinen ratkaisu nykyaikaisiin sisustuksiin. Sopii venytetyille ja gipsokartonkatteille. Lis\u00e4ksi voidaan asentaa v\u00e4rivalitsin (musta\/valkoinen) visuaalisen mukavuuden lis\u00e4\u00e4miseksi ja valon pehmemmaksi kokemiseksi.\" \/>\n<meta property=\"og:url\" content=\"https:\/\/www.skyshop.ee\/fi\/tuote\/sisaanrakennettava-pyorea-valaisin-nextec-7w-4000-k-630-lm-sl89\/\" \/>\n<meta property=\"og:site_name\" content=\"SkyShop\" \/>\n<meta property=\"article:publisher\" content=\"https:\/\/www.facebook.com\/skystyle.eu\" \/>\n<meta property=\"article:modified_time\" content=\"2026-03-04T18:33:01+00:00\" \/>\n<meta property=\"og:image\" content=\"https:\/\/www.skyshop.ee\/wp-content\/uploads\/2023\/12\/IMG_8747-scaled-1.jpg\" \/>\n\t<meta property=\"og:image:width\" content=\"2560\" \/>\n\t<meta property=\"og:image:height\" content=\"1920\" \/>\n\t<meta property=\"og:image:type\" content=\"image\/jpeg\" \/>\n<meta name=\"twitter:card\" content=\"summary_large_image\" \/>\n<meta name=\"twitter:label1\" content=\"Est. reading time\" \/>\n\t<meta name=\"twitter:data1\" content=\"2 minutes\" \/>\n<script type=\"application\/ld+json\" class=\"yoast-schema-graph\">{\"@context\":\"https:\/\/schema.org\",\"@graph\":[{\"@type\":\"WebPage\",\"@id\":\"https:\/\/www.skyshop.ee\/fi\/tuote\/sisaanrakennettava-pyorea-valaisin-nextec-7w-4000-k-630-lm-sl89\/\",\"url\":\"https:\/\/www.skyshop.ee\/fi\/tuote\/sisaanrakennettava-pyorea-valaisin-nextec-7w-4000-k-630-lm-sl89\/\",\"name\":\"Sis\u00e4\u00e4nrakennettava py\u00f6re\u00e4 valaisin NEXTEC 7W 4000\u202fK 630\u202flm (SL89) - SkyShop\",\"isPartOf\":{\"@id\":\"https:\/\/www.skyshop.ee\/fi\/#website\"},\"primaryImageOfPage\":{\"@id\":\"https:\/\/www.skyshop.ee\/fi\/tuote\/sisaanrakennettava-pyorea-valaisin-nextec-7w-4000-k-630-lm-sl89\/#primaryimage\"},\"image\":{\"@id\":\"https:\/\/www.skyshop.ee\/fi\/tuote\/sisaanrakennettava-pyorea-valaisin-nextec-7w-4000-k-630-lm-sl89\/#primaryimage\"},\"thumbnailUrl\":\"https:\/\/www.skyshop.ee\/wp-content\/uploads\/2023\/12\/IMG_8747-scaled-1.jpg\",\"datePublished\":\"2023-12-05T06:48:20+00:00\",\"dateModified\":\"2026-03-04T18:33:01+00:00\",\"breadcrumb\":{\"@id\":\"https:\/\/www.skyshop.ee\/fi\/tuote\/sisaanrakennettava-pyorea-valaisin-nextec-7w-4000-k-630-lm-sl89\/#breadcrumb\"},\"inLanguage\":\"fi-FI\",\"potentialAction\":[{\"@type\":\"ReadAction\",\"target\":[\"https:\/\/www.skyshop.ee\/fi\/tuote\/sisaanrakennettava-pyorea-valaisin-nextec-7w-4000-k-630-lm-sl89\/\"]}]},{\"@type\":\"ImageObject\",\"inLanguage\":\"fi-FI\",\"@id\":\"https:\/\/www.skyshop.ee\/fi\/tuote\/sisaanrakennettava-pyorea-valaisin-nextec-7w-4000-k-630-lm-sl89\/#primaryimage\",\"url\":\"https:\/\/www.skyshop.ee\/wp-content\/uploads\/2023\/12\/IMG_8747-scaled-1.jpg\",\"contentUrl\":\"https:\/\/www.skyshop.ee\/wp-content\/uploads\/2023\/12\/IMG_8747-scaled-1.jpg\",\"width\":2560,\"height\":1920},{\"@type\":\"BreadcrumbList\",\"@id\":\"https:\/\/www.skyshop.ee\/fi\/tuote\/sisaanrakennettava-pyorea-valaisin-nextec-7w-4000-k-630-lm-sl89\/#breadcrumb\",\"itemListElement\":[{\"@type\":\"ListItem\",\"position\":1,\"name\":\"\u0413\u043b\u0430\u0432\u043d\u0430\u044f\",\"item\":\"https:\/\/www.skyshop.ee\/fi\/\"},{\"@type\":\"ListItem\",\"position\":2,\"name\":\"Sis\u00e4\u00e4nrakennettava py\u00f6re\u00e4 valaisin NEXTEC 7W 4000\u202fK 630\u202flm (SL89)\"}]},{\"@type\":\"WebSite\",\"@id\":\"https:\/\/www.skyshop.ee\/fi\/#website\",\"url\":\"https:\/\/www.skyshop.ee\/fi\/\",\"name\":\"SkyShop\",\"description\":\"Pinglaed ja tarvikud\",\"publisher\":{\"@id\":\"https:\/\/www.skyshop.ee\/fi\/#organization\"},\"potentialAction\":[{\"@type\":\"SearchAction\",\"target\":{\"@type\":\"EntryPoint\",\"urlTemplate\":\"https:\/\/www.skyshop.ee\/fi\/?s={search_term_string}\"},\"query-input\":{\"@type\":\"PropertyValueSpecification\",\"valueRequired\":true,\"valueName\":\"search_term_string\"}}],\"inLanguage\":\"fi-FI\"},{\"@type\":\"Organization\",\"@id\":\"https:\/\/www.skyshop.ee\/fi\/#organization\",\"name\":\"Skystyle O\u00dc\",\"url\":\"https:\/\/www.skyshop.ee\/fi\/\",\"logo\":{\"@type\":\"ImageObject\",\"inLanguage\":\"fi-FI\",\"@id\":\"https:\/\/www.skyshop.ee\/fi\/#\/schema\/logo\/image\/\",\"url\":\"https:\/\/www.skyshop.ee\/wp-content\/uploads\/2023\/05\/skyshop_logo.png\",\"contentUrl\":\"https:\/\/www.skyshop.ee\/wp-content\/uploads\/2023\/05\/skyshop_logo.png\",\"width\":3329,\"height\":1229,\"caption\":\"Skystyle O\u00dc\"},\"image\":{\"@id\":\"https:\/\/www.skyshop.ee\/fi\/#\/schema\/logo\/image\/\"},\"sameAs\":[\"https:\/\/www.facebook.com\/skystyle.eu\"]}]}<\/script>\n<!-- \/ Yoast SEO plugin. -->","yoast_head_json":{"title":"Sis\u00e4\u00e4nrakennettava py\u00f6re\u00e4 valaisin NEXTEC 7W 4000\u202fK 630\u202flm (SL89) - SkyShop","robots":{"index":"index","follow":"follow","max-snippet":"max-snippet:-1","max-image-preview":"max-image-preview:large","max-video-preview":"max-video-preview:-1"},"canonical":"https:\/\/www.skyshop.ee\/fi\/tuote\/sisaanrakennettava-pyorea-valaisin-nextec-7w-4000-k-630-lm-sl89\/","og_locale":"fi_FI","og_type":"article","og_title":"Sis\u00e4\u00e4nrakennettava py\u00f6re\u00e4 valaisin NEXTEC 7W 4000\u202fK 630\u202flm (SL89) - SkyShop","og_description":"Nykyaikainen minimalistinen valaisin venytetylle katteelle. Se voidaan asentaa tasaisesti venytetyn katon kangasverran kanssa erikoisalustan avulla, luoden t\u00e4ydellisen tasaisen ja siistin pinnan. Esteettinen ratkaisu nykyaikaisiin sisustuksiin. Sopii venytetyille ja gipsokartonkatteille. Lis\u00e4ksi voidaan asentaa v\u00e4rivalitsin (musta\/valkoinen) visuaalisen mukavuuden lis\u00e4\u00e4miseksi ja valon pehmemmaksi kokemiseksi.","og_url":"https:\/\/www.skyshop.ee\/fi\/tuote\/sisaanrakennettava-pyorea-valaisin-nextec-7w-4000-k-630-lm-sl89\/","og_site_name":"SkyShop","article_publisher":"https:\/\/www.facebook.com\/skystyle.eu","article_modified_time":"2026-03-04T18:33:01+00:00","og_image":[{"width":2560,"height":1920,"url":"https:\/\/www.skyshop.ee\/wp-content\/uploads\/2023\/12\/IMG_8747-scaled-1.jpg","type":"image\/jpeg"}],"twitter_card":"summary_large_image","twitter_misc":{"Est. reading time":"2 minutes"},"schema":{"@context":"https:\/\/schema.org","@graph":[{"@type":"WebPage","@id":"https:\/\/www.skyshop.ee\/fi\/tuote\/sisaanrakennettava-pyorea-valaisin-nextec-7w-4000-k-630-lm-sl89\/","url":"https:\/\/www.skyshop.ee\/fi\/tuote\/sisaanrakennettava-pyorea-valaisin-nextec-7w-4000-k-630-lm-sl89\/","name":"Sis\u00e4\u00e4nrakennettava py\u00f6re\u00e4 valaisin NEXTEC 7W 4000\u202fK 630\u202flm (SL89) - SkyShop","isPartOf":{"@id":"https:\/\/www.skyshop.ee\/fi\/#website"},"primaryImageOfPage":{"@id":"https:\/\/www.skyshop.ee\/fi\/tuote\/sisaanrakennettava-pyorea-valaisin-nextec-7w-4000-k-630-lm-sl89\/#primaryimage"},"image":{"@id":"https:\/\/www.skyshop.ee\/fi\/tuote\/sisaanrakennettava-pyorea-valaisin-nextec-7w-4000-k-630-lm-sl89\/#primaryimage"},"thumbnailUrl":"https:\/\/www.skyshop.ee\/wp-content\/uploads\/2023\/12\/IMG_8747-scaled-1.jpg","datePublished":"2023-12-05T06:48:20+00:00","dateModified":"2026-03-04T18:33:01+00:00","breadcrumb":{"@id":"https:\/\/www.skyshop.ee\/fi\/tuote\/sisaanrakennettava-pyorea-valaisin-nextec-7w-4000-k-630-lm-sl89\/#breadcrumb"},"inLanguage":"fi-FI","potentialAction":[{"@type":"ReadAction","target":["https:\/\/www.skyshop.ee\/fi\/tuote\/sisaanrakennettava-pyorea-valaisin-nextec-7w-4000-k-630-lm-sl89\/"]}]},{"@type":"ImageObject","inLanguage":"fi-FI","@id":"https:\/\/www.skyshop.ee\/fi\/tuote\/sisaanrakennettava-pyorea-valaisin-nextec-7w-4000-k-630-lm-sl89\/#primaryimage","url":"https:\/\/www.skyshop.ee\/wp-content\/uploads\/2023\/12\/IMG_8747-scaled-1.jpg","contentUrl":"https:\/\/www.skyshop.ee\/wp-content\/uploads\/2023\/12\/IMG_8747-scaled-1.jpg","width":2560,"height":1920},{"@type":"BreadcrumbList","@id":"https:\/\/www.skyshop.ee\/fi\/tuote\/sisaanrakennettava-pyorea-valaisin-nextec-7w-4000-k-630-lm-sl89\/#breadcrumb","itemListElement":[{"@type":"ListItem","position":1,"name":"\u0413\u043b\u0430\u0432\u043d\u0430\u044f","item":"https:\/\/www.skyshop.ee\/fi\/"},{"@type":"ListItem","position":2,"name":"Sis\u00e4\u00e4nrakennettava py\u00f6re\u00e4 valaisin NEXTEC 7W 4000\u202fK 630\u202flm (SL89)"}]},{"@type":"WebSite","@id":"https:\/\/www.skyshop.ee\/fi\/#website","url":"https:\/\/www.skyshop.ee\/fi\/","name":"SkyShop","description":"Pinglaed ja tarvikud","publisher":{"@id":"https:\/\/www.skyshop.ee\/fi\/#organization"},"potentialAction":[{"@type":"SearchAction","target":{"@type":"EntryPoint","urlTemplate":"https:\/\/www.skyshop.ee\/fi\/?s={search_term_string}"},"query-input":{"@type":"PropertyValueSpecification","valueRequired":true,"valueName":"search_term_string"}}],"inLanguage":"fi-FI"},{"@type":"Organization","@id":"https:\/\/www.skyshop.ee\/fi\/#organization","name":"Skystyle O\u00dc","url":"https:\/\/www.skyshop.ee\/fi\/","logo":{"@type":"ImageObject","inLanguage":"fi-FI","@id":"https:\/\/www.skyshop.ee\/fi\/#\/schema\/logo\/image\/","url":"https:\/\/www.skyshop.ee\/wp-content\/uploads\/2023\/05\/skyshop_logo.png","contentUrl":"https:\/\/www.skyshop.ee\/wp-content\/uploads\/2023\/05\/skyshop_logo.png","width":3329,"height":1229,"caption":"Skystyle O\u00dc"},"image":{"@id":"https:\/\/www.skyshop.ee\/fi\/#\/schema\/logo\/image\/"},"sameAs":["https:\/\/www.facebook.com\/skystyle.eu"]}]}},"brands":[],"_links":{"self":[{"href":"https:\/\/www.skyshop.ee\/fi\/wp-json\/wp\/v2\/product\/99248","targetHints":{"allow":["GET"]}}],"collection":[{"href":"https:\/\/www.skyshop.ee\/fi\/wp-json\/wp\/v2\/product"}],"about":[{"href":"https:\/\/www.skyshop.ee\/fi\/wp-json\/wp\/v2\/types\/product"}],"wp:featuredmedia":[{"embeddable":true,"href":"https:\/\/www.skyshop.ee\/fi\/wp-json\/wp\/v2\/media\/99242"}],"wp:attachment":[{"href":"https:\/\/www.skyshop.ee\/fi\/wp-json\/wp\/v2\/media?parent=99248"}],"wp:term":[{"taxonomy":"pwb-brand","embeddable":true,"href":"https:\/\/www.skyshop.ee\/fi\/wp-json\/wp\/v2\/pwb-brand?post=99248"},{"taxonomy":"product_brand","embeddable":true,"href":"https:\/\/www.skyshop.ee\/fi\/wp-json\/wp\/v2\/product_brand?post=99248"},{"taxonomy":"product_cat","embeddable":true,"href":"https:\/\/www.skyshop.ee\/fi\/wp-json\/wp\/v2\/product_cat?post=99248"},{"taxonomy":"product_tag","embeddable":true,"href":"https:\/\/www.skyshop.ee\/fi\/wp-json\/wp\/v2\/product_tag?post=99248"}],"curies":[{"name":"wp","href":"https:\/\/api.w.org\/{rel}","templated":true}]}}