{"id":98938,"date":"2026-02-19T10:38:06","date_gmt":"2026-02-19T08:38:06","guid":{"rendered":"https:\/\/www.skyshop.ee\/product\/skyfix-kulmanyhdyskunta-ponnahduslevyn-kulmien-tasaamiseen-ja-kiinnittamiseen-sf3\/"},"modified":"2026-02-19T10:38:06","modified_gmt":"2026-02-19T08:38:06","slug":"skyfix-kulmanyhdyskunta-ponnahduslevyn-kulmien-tasaamiseen-ja-kiinnittamiseen-sf3","status":"publish","type":"product","link":"https:\/\/www.skyshop.ee\/fi\/tuote\/skyfix-kulmanyhdyskunta-ponnahduslevyn-kulmien-tasaamiseen-ja-kiinnittamiseen-sf3\/","title":{"rendered":"SkyfiX kulmanyhdyskunta ponnahduslevyn kulmien tasaamiseen ja kiinnitt\u00e4miseen (SF3)"},"content":{"rendered":"<p class=\"whitespace-pre-wrap\"><strong>SkyfiX<\/strong> kulmanyhdyskunta on ammattimainen j\u00e4rjestelm\u00e4n osa, joka on suunniteltu muodostamaan GSB\u2011varjon ponnahduslevyn kulmat tarkasti ja siististi.<\/p>\n<p class=\"whitespace-pre-wrap\">Insin\u00f6\u00f6ritoteuma, joka takaa vakaat geometriat ja ennustettavat asennusvaiheet.<\/p>\n<p class=\"whitespace-pre-wrap\"><strong class=\"\">Miten se toimii<\/strong><\/p>\n<p class=\"whitespace-pre-wrap\">Yhdyskunta asetetaan profiiliin klikkaamalla, jolloin muodostuu tarkka kulma ja osat kiinnittyv\u00e4t oikeaan asentoon.<br \/>\nSen rakenne varmistaa liitoksen j\u00e4ykkyyden ja poistaa siirtym\u00e4t, aukot sek\u00e4 visuaaliset puutteet.<\/p>\n<p class=\"whitespace-pre-wrap\"><strong class=\"\">Keskeiset edut ammattilaisille:<\/strong><\/p>\n<ul class=\"\">\n<li>T\u00e4ydellisesti tarkka kulmien geometriat<\/li>\n<li>Merkitt\u00e4v\u00e4 asennuksen nopeutus<\/li>\n<li>Virheiden ja uudelleenty\u00f6st\u00f6jen minimointi<\/li>\n<li>Siisti, premium\u2011ulkon\u00e4k\u00f6<\/li>\n<li>T\u00e4ysi yhteensopivuus GSB-j\u00e4rjestelm\u00e4n kanssa<\/li>\n<\/ul>\n<p class=\"whitespace-pre-wrap\"><strong>SkyfiX<\/strong> tarjoaa nopeutta, tarkkuutta ja virheet\u00f6nt\u00e4 visuaalista lopputulosta. Suorat, siistit kulmat v\u00e4h\u00e4isell\u00e4 vaivalla.<\/p>\n","protected":false},"excerpt":{"rendered":"<p>Ammattimainen kulmanyhdyskunta GSB\u2011varjon ponnahduslevyn tarkalle ja huolelliselle asennukselle. Se takaa oikeat kulmien geometriat, nopean kiinnityksen ja puhtaan visuaalisen lopputuloksen ilman komplikaatioita. T\u00e4ydellinen yhteensopivuus GSB\u2011varjon ponnahduslevyn kanssa.<\/p>\n","protected":false},"featured_media":98922,"template":"","meta":[],"pwb-brand":[3782,3107],"product_brand":[],"product_cat":[3991],"product_tag":[],"class_list":{"0":"post-98938","1":"product","2":"type-product","3":"status-publish","4":"has-post-thumbnail","6":"pwb-brand-skyline-profiles","7":"pwb-brand-skystyle","8":"product_cat-profiili-kipsilevy-skyline","10":"first","11":"instock","12":"taxable","13":"shipping-taxable","14":"purchasable","15":"product-type-simple"},"yoast_head":"<!-- This site is optimized with the Yoast SEO plugin v27.2 - https:\/\/yoast.com\/product\/yoast-seo-wordpress\/ -->\n<title>SkyfiX kulmanyhdyskunta ponnahduslevyn kulmien tasaamiseen ja kiinnitt\u00e4miseen (SF3) - SkyShop<\/title>\n<meta name=\"robots\" content=\"index, follow, max-snippet:-1, max-image-preview:large, max-video-preview:-1\" \/>\n<link rel=\"canonical\" href=\"https:\/\/www.skyshop.ee\/fi\/tuote\/skyfix-kulmanyhdyskunta-ponnahduslevyn-kulmien-tasaamiseen-ja-kiinnittamiseen-sf3\/\" \/>\n<meta property=\"og:locale\" content=\"fi_FI\" \/>\n<meta property=\"og:type\" content=\"article\" \/>\n<meta property=\"og:title\" content=\"SkyfiX kulmanyhdyskunta ponnahduslevyn kulmien tasaamiseen ja kiinnitt\u00e4miseen (SF3) - SkyShop\" \/>\n<meta property=\"og:description\" content=\"Ammattimainen kulmanyhdyskunta GSB\u2011varjon ponnahduslevyn tarkalle ja huolelliselle asennukselle. Se takaa oikeat kulmien geometriat, nopean kiinnityksen ja puhtaan visuaalisen lopputuloksen ilman komplikaatioita. T\u00e4ydellinen yhteensopivuus GSB\u2011varjon ponnahduslevyn kanssa.\" \/>\n<meta property=\"og:url\" content=\"https:\/\/www.skyshop.ee\/fi\/tuote\/skyfix-kulmanyhdyskunta-ponnahduslevyn-kulmien-tasaamiseen-ja-kiinnittamiseen-sf3\/\" \/>\n<meta property=\"og:site_name\" content=\"SkyShop\" \/>\n<meta property=\"article:publisher\" content=\"https:\/\/www.facebook.com\/skystyle.eu\" \/>\n<meta property=\"og:image\" content=\"https:\/\/www.skyshop.ee\/wp-content\/uploads\/2026\/02\/20260219_111043-1.jpg\" \/>\n\t<meta property=\"og:image:width\" content=\"1512\" \/>\n\t<meta property=\"og:image:height\" content=\"1512\" \/>\n\t<meta property=\"og:image:type\" content=\"image\/jpeg\" \/>\n<meta name=\"twitter:card\" content=\"summary_large_image\" \/>\n<meta name=\"twitter:label1\" content=\"Est. reading time\" \/>\n\t<meta name=\"twitter:data1\" content=\"1 minute\" \/>\n<script type=\"application\/ld+json\" class=\"yoast-schema-graph\">{\"@context\":\"https:\/\/schema.org\",\"@graph\":[{\"@type\":\"WebPage\",\"@id\":\"https:\/\/www.skyshop.ee\/fi\/tuote\/skyfix-kulmanyhdyskunta-ponnahduslevyn-kulmien-tasaamiseen-ja-kiinnittamiseen-sf3\/\",\"url\":\"https:\/\/www.skyshop.ee\/fi\/tuote\/skyfix-kulmanyhdyskunta-ponnahduslevyn-kulmien-tasaamiseen-ja-kiinnittamiseen-sf3\/\",\"name\":\"SkyfiX kulmanyhdyskunta ponnahduslevyn kulmien tasaamiseen ja kiinnitt\u00e4miseen (SF3) - SkyShop\",\"isPartOf\":{\"@id\":\"https:\/\/www.skyshop.ee\/fi\/#website\"},\"primaryImageOfPage\":{\"@id\":\"https:\/\/www.skyshop.ee\/fi\/tuote\/skyfix-kulmanyhdyskunta-ponnahduslevyn-kulmien-tasaamiseen-ja-kiinnittamiseen-sf3\/#primaryimage\"},\"image\":{\"@id\":\"https:\/\/www.skyshop.ee\/fi\/tuote\/skyfix-kulmanyhdyskunta-ponnahduslevyn-kulmien-tasaamiseen-ja-kiinnittamiseen-sf3\/#primaryimage\"},\"thumbnailUrl\":\"https:\/\/www.skyshop.ee\/wp-content\/uploads\/2026\/02\/20260219_111043-1.jpg\",\"datePublished\":\"2026-02-19T08:38:06+00:00\",\"breadcrumb\":{\"@id\":\"https:\/\/www.skyshop.ee\/fi\/tuote\/skyfix-kulmanyhdyskunta-ponnahduslevyn-kulmien-tasaamiseen-ja-kiinnittamiseen-sf3\/#breadcrumb\"},\"inLanguage\":\"fi-FI\",\"potentialAction\":[{\"@type\":\"ReadAction\",\"target\":[\"https:\/\/www.skyshop.ee\/fi\/tuote\/skyfix-kulmanyhdyskunta-ponnahduslevyn-kulmien-tasaamiseen-ja-kiinnittamiseen-sf3\/\"]}]},{\"@type\":\"ImageObject\",\"inLanguage\":\"fi-FI\",\"@id\":\"https:\/\/www.skyshop.ee\/fi\/tuote\/skyfix-kulmanyhdyskunta-ponnahduslevyn-kulmien-tasaamiseen-ja-kiinnittamiseen-sf3\/#primaryimage\",\"url\":\"https:\/\/www.skyshop.ee\/wp-content\/uploads\/2026\/02\/20260219_111043-1.jpg\",\"contentUrl\":\"https:\/\/www.skyshop.ee\/wp-content\/uploads\/2026\/02\/20260219_111043-1.jpg\",\"width\":1512,\"height\":1512},{\"@type\":\"BreadcrumbList\",\"@id\":\"https:\/\/www.skyshop.ee\/fi\/tuote\/skyfix-kulmanyhdyskunta-ponnahduslevyn-kulmien-tasaamiseen-ja-kiinnittamiseen-sf3\/#breadcrumb\",\"itemListElement\":[{\"@type\":\"ListItem\",\"position\":1,\"name\":\"\u0413\u043b\u0430\u0432\u043d\u0430\u044f\",\"item\":\"https:\/\/www.skyshop.ee\/fi\/\"},{\"@type\":\"ListItem\",\"position\":2,\"name\":\"SkyfiX kulmanyhdyskunta ponnahduslevyn kulmien tasaamiseen ja kiinnitt\u00e4miseen (SF3)\"}]},{\"@type\":\"WebSite\",\"@id\":\"https:\/\/www.skyshop.ee\/fi\/#website\",\"url\":\"https:\/\/www.skyshop.ee\/fi\/\",\"name\":\"SkyShop\",\"description\":\"Pinglaed ja tarvikud\",\"publisher\":{\"@id\":\"https:\/\/www.skyshop.ee\/fi\/#organization\"},\"potentialAction\":[{\"@type\":\"SearchAction\",\"target\":{\"@type\":\"EntryPoint\",\"urlTemplate\":\"https:\/\/www.skyshop.ee\/fi\/?s={search_term_string}\"},\"query-input\":{\"@type\":\"PropertyValueSpecification\",\"valueRequired\":true,\"valueName\":\"search_term_string\"}}],\"inLanguage\":\"fi-FI\"},{\"@type\":\"Organization\",\"@id\":\"https:\/\/www.skyshop.ee\/fi\/#organization\",\"name\":\"Skystyle O\u00dc\",\"url\":\"https:\/\/www.skyshop.ee\/fi\/\",\"logo\":{\"@type\":\"ImageObject\",\"inLanguage\":\"fi-FI\",\"@id\":\"https:\/\/www.skyshop.ee\/fi\/#\/schema\/logo\/image\/\",\"url\":\"https:\/\/www.skyshop.ee\/wp-content\/uploads\/2023\/05\/skyshop_logo.png\",\"contentUrl\":\"https:\/\/www.skyshop.ee\/wp-content\/uploads\/2023\/05\/skyshop_logo.png\",\"width\":3329,\"height\":1229,\"caption\":\"Skystyle O\u00dc\"},\"image\":{\"@id\":\"https:\/\/www.skyshop.ee\/fi\/#\/schema\/logo\/image\/\"},\"sameAs\":[\"https:\/\/www.facebook.com\/skystyle.eu\"]}]}<\/script>\n<!-- \/ Yoast SEO plugin. -->","yoast_head_json":{"title":"SkyfiX kulmanyhdyskunta ponnahduslevyn kulmien tasaamiseen ja kiinnitt\u00e4miseen (SF3) - SkyShop","robots":{"index":"index","follow":"follow","max-snippet":"max-snippet:-1","max-image-preview":"max-image-preview:large","max-video-preview":"max-video-preview:-1"},"canonical":"https:\/\/www.skyshop.ee\/fi\/tuote\/skyfix-kulmanyhdyskunta-ponnahduslevyn-kulmien-tasaamiseen-ja-kiinnittamiseen-sf3\/","og_locale":"fi_FI","og_type":"article","og_title":"SkyfiX kulmanyhdyskunta ponnahduslevyn kulmien tasaamiseen ja kiinnitt\u00e4miseen (SF3) - SkyShop","og_description":"Ammattimainen kulmanyhdyskunta GSB\u2011varjon ponnahduslevyn tarkalle ja huolelliselle asennukselle. Se takaa oikeat kulmien geometriat, nopean kiinnityksen ja puhtaan visuaalisen lopputuloksen ilman komplikaatioita. T\u00e4ydellinen yhteensopivuus GSB\u2011varjon ponnahduslevyn kanssa.","og_url":"https:\/\/www.skyshop.ee\/fi\/tuote\/skyfix-kulmanyhdyskunta-ponnahduslevyn-kulmien-tasaamiseen-ja-kiinnittamiseen-sf3\/","og_site_name":"SkyShop","article_publisher":"https:\/\/www.facebook.com\/skystyle.eu","og_image":[{"width":1512,"height":1512,"url":"https:\/\/www.skyshop.ee\/wp-content\/uploads\/2026\/02\/20260219_111043-1.jpg","type":"image\/jpeg"}],"twitter_card":"summary_large_image","twitter_misc":{"Est. reading time":"1 minute"},"schema":{"@context":"https:\/\/schema.org","@graph":[{"@type":"WebPage","@id":"https:\/\/www.skyshop.ee\/fi\/tuote\/skyfix-kulmanyhdyskunta-ponnahduslevyn-kulmien-tasaamiseen-ja-kiinnittamiseen-sf3\/","url":"https:\/\/www.skyshop.ee\/fi\/tuote\/skyfix-kulmanyhdyskunta-ponnahduslevyn-kulmien-tasaamiseen-ja-kiinnittamiseen-sf3\/","name":"SkyfiX kulmanyhdyskunta ponnahduslevyn kulmien tasaamiseen ja kiinnitt\u00e4miseen (SF3) - SkyShop","isPartOf":{"@id":"https:\/\/www.skyshop.ee\/fi\/#website"},"primaryImageOfPage":{"@id":"https:\/\/www.skyshop.ee\/fi\/tuote\/skyfix-kulmanyhdyskunta-ponnahduslevyn-kulmien-tasaamiseen-ja-kiinnittamiseen-sf3\/#primaryimage"},"image":{"@id":"https:\/\/www.skyshop.ee\/fi\/tuote\/skyfix-kulmanyhdyskunta-ponnahduslevyn-kulmien-tasaamiseen-ja-kiinnittamiseen-sf3\/#primaryimage"},"thumbnailUrl":"https:\/\/www.skyshop.ee\/wp-content\/uploads\/2026\/02\/20260219_111043-1.jpg","datePublished":"2026-02-19T08:38:06+00:00","breadcrumb":{"@id":"https:\/\/www.skyshop.ee\/fi\/tuote\/skyfix-kulmanyhdyskunta-ponnahduslevyn-kulmien-tasaamiseen-ja-kiinnittamiseen-sf3\/#breadcrumb"},"inLanguage":"fi-FI","potentialAction":[{"@type":"ReadAction","target":["https:\/\/www.skyshop.ee\/fi\/tuote\/skyfix-kulmanyhdyskunta-ponnahduslevyn-kulmien-tasaamiseen-ja-kiinnittamiseen-sf3\/"]}]},{"@type":"ImageObject","inLanguage":"fi-FI","@id":"https:\/\/www.skyshop.ee\/fi\/tuote\/skyfix-kulmanyhdyskunta-ponnahduslevyn-kulmien-tasaamiseen-ja-kiinnittamiseen-sf3\/#primaryimage","url":"https:\/\/www.skyshop.ee\/wp-content\/uploads\/2026\/02\/20260219_111043-1.jpg","contentUrl":"https:\/\/www.skyshop.ee\/wp-content\/uploads\/2026\/02\/20260219_111043-1.jpg","width":1512,"height":1512},{"@type":"BreadcrumbList","@id":"https:\/\/www.skyshop.ee\/fi\/tuote\/skyfix-kulmanyhdyskunta-ponnahduslevyn-kulmien-tasaamiseen-ja-kiinnittamiseen-sf3\/#breadcrumb","itemListElement":[{"@type":"ListItem","position":1,"name":"\u0413\u043b\u0430\u0432\u043d\u0430\u044f","item":"https:\/\/www.skyshop.ee\/fi\/"},{"@type":"ListItem","position":2,"name":"SkyfiX kulmanyhdyskunta ponnahduslevyn kulmien tasaamiseen ja kiinnitt\u00e4miseen (SF3)"}]},{"@type":"WebSite","@id":"https:\/\/www.skyshop.ee\/fi\/#website","url":"https:\/\/www.skyshop.ee\/fi\/","name":"SkyShop","description":"Pinglaed ja tarvikud","publisher":{"@id":"https:\/\/www.skyshop.ee\/fi\/#organization"},"potentialAction":[{"@type":"SearchAction","target":{"@type":"EntryPoint","urlTemplate":"https:\/\/www.skyshop.ee\/fi\/?s={search_term_string}"},"query-input":{"@type":"PropertyValueSpecification","valueRequired":true,"valueName":"search_term_string"}}],"inLanguage":"fi-FI"},{"@type":"Organization","@id":"https:\/\/www.skyshop.ee\/fi\/#organization","name":"Skystyle O\u00dc","url":"https:\/\/www.skyshop.ee\/fi\/","logo":{"@type":"ImageObject","inLanguage":"fi-FI","@id":"https:\/\/www.skyshop.ee\/fi\/#\/schema\/logo\/image\/","url":"https:\/\/www.skyshop.ee\/wp-content\/uploads\/2023\/05\/skyshop_logo.png","contentUrl":"https:\/\/www.skyshop.ee\/wp-content\/uploads\/2023\/05\/skyshop_logo.png","width":3329,"height":1229,"caption":"Skystyle O\u00dc"},"image":{"@id":"https:\/\/www.skyshop.ee\/fi\/#\/schema\/logo\/image\/"},"sameAs":["https:\/\/www.facebook.com\/skystyle.eu"]}]}},"brands":[{"id":3782,"name":"SKYLINE PROFILES","slug":"skyline-profiles"},{"id":3107,"name":"SKYSTYLE","slug":"skystyle"}],"_links":{"self":[{"href":"https:\/\/www.skyshop.ee\/fi\/wp-json\/wp\/v2\/product\/98938","targetHints":{"allow":["GET"]}}],"collection":[{"href":"https:\/\/www.skyshop.ee\/fi\/wp-json\/wp\/v2\/product"}],"about":[{"href":"https:\/\/www.skyshop.ee\/fi\/wp-json\/wp\/v2\/types\/product"}],"wp:featuredmedia":[{"embeddable":true,"href":"https:\/\/www.skyshop.ee\/fi\/wp-json\/wp\/v2\/media\/98922"}],"wp:attachment":[{"href":"https:\/\/www.skyshop.ee\/fi\/wp-json\/wp\/v2\/media?parent=98938"}],"wp:term":[{"taxonomy":"pwb-brand","embeddable":true,"href":"https:\/\/www.skyshop.ee\/fi\/wp-json\/wp\/v2\/pwb-brand?post=98938"},{"taxonomy":"product_brand","embeddable":true,"href":"https:\/\/www.skyshop.ee\/fi\/wp-json\/wp\/v2\/product_brand?post=98938"},{"taxonomy":"product_cat","embeddable":true,"href":"https:\/\/www.skyshop.ee\/fi\/wp-json\/wp\/v2\/product_cat?post=98938"},{"taxonomy":"product_tag","embeddable":true,"href":"https:\/\/www.skyshop.ee\/fi\/wp-json\/wp\/v2\/product_tag?post=98938"}],"curies":[{"name":"wp","href":"https:\/\/api.w.org\/{rel}","templated":true}]}}