{"id":98935,"date":"2026-02-18T19:13:25","date_gmt":"2026-02-18T17:13:25","guid":{"rendered":"https:\/\/www.skyshop.ee\/product\/skyfix-yhdyskunta-lattialattioiden-reunojen-tasaamiseen-ja-kiinnittamiseen-sf2\/"},"modified":"2026-02-18T19:13:25","modified_gmt":"2026-02-18T17:13:25","slug":"skyfix-yhdyskunta-lattialattioiden-reunojen-tasaamiseen-ja-kiinnittamiseen-sf2","status":"publish","type":"product","link":"https:\/\/www.skyshop.ee\/fi\/tuote\/skyfix-yhdyskunta-lattialattioiden-reunojen-tasaamiseen-ja-kiinnittamiseen-sf2\/","title":{"rendered":"SkyfiX-yhdyskunta lattialattioiden reunojen tasaamiseen ja kiinnitt\u00e4miseen (SF2)"},"content":{"rendered":"<p class=\"whitespace-pre-wrap\"><strong>SkyfiX<\/strong> on ammattilaiskiinnike, jonka <strong>Skystyle<\/strong>\u2011asiantuntijat ovat kehitt\u00e4neet tarkkaan GSB\u2011varjon lattialattioiden reunojen tasapainottamiseksi ja kiinnitt\u00e4miseksi kahdessa suunnassa.<\/p>\n<p class=\"whitespace-pre-wrap\">Ratkaisu, joka poistaa \u201csivuttamisen paikan p\u00e4\u00e4ll\u00e4\u201d ja takaa siistin, premium-tyylisen lopputuloksen jo asennusvaiheessa.<\/p>\n<p class=\"whitespace-pre-wrap\"><strong class=\"\">Miten se toimii<\/strong><\/p>\n<p class=\"whitespace-pre-wrap\">Kiinnike asetetaan profiilin erikoisreik\u00e4ss\u00e4 sijasta hajottimen paikalle ja kiinnitet\u00e4\u00e4n klikkaamalla.<br \/>\nReuna tasaantuu automaattisesti, mik\u00e4 takaa tasaisen geometrian ilman siirtymi\u00e4.<\/p>\n<p class=\"whitespace-pre-wrap\">LED\u2011valaisemisen asennuksessa tasapainotus toteutetaan itse hajottimella \u2013 ilman lis\u00e4osia.<\/p>\n<p class=\"whitespace-pre-wrap\"><strong class=\"\">Keskeiset edut ammattilaisille:<\/strong><\/p>\n<ul class=\"\">\n<li>T\u00e4ydellisesti tasaavat reunat kahdessa suunnassa<\/li>\n<li>Merkitt\u00e4v\u00e4 nopeutus asennusprosessissa<\/li>\n<li>Virheiden ja uudelleenty\u00f6st\u00f6jen minimointi<\/li>\n<li>Siisti visuaalinen lopputulos, joka vastaa premium\u2011projektien vaatimuksia<\/li>\n<li>Huolellinen insin\u00f6\u00f6ritoteuma j\u00e4rjestelm\u00e4valmistajalta<\/li>\n<\/ul>\n<p class=\"whitespace-pre-wrap\"><strong>SkyfiX<\/strong> on laadunvalvonta, ty\u00f6nopeus ja virheet\u00f6n ulkon\u00e4k\u00f6 jokaisessa reunassa.<\/p>\n","protected":false},"excerpt":{"rendered":"<p>Skystylen skyfix-pidike on ammattimainen ratkaisu GSB-varjonivelien tarkkaan kohdistamiseen ja kiinnitt\u00e4miseen kahdessa tasossa. Nopeuttaa asennusta, v\u00e4hent\u00e4\u00e4 virheiden riski\u00e4 ja varmistaa siistin premium-tuloksen asennuksen aikana.<\/p>\n","protected":false},"featured_media":98899,"template":"","meta":[],"pwb-brand":[3782,3107],"product_brand":[],"product_cat":[3991],"product_tag":[],"class_list":{"0":"post-98935","1":"product","2":"type-product","3":"status-publish","4":"has-post-thumbnail","6":"pwb-brand-skyline-profiles","7":"pwb-brand-skystyle","8":"product_cat-profiili-kipsilevy-skyline","10":"first","11":"instock","12":"taxable","13":"shipping-taxable","14":"purchasable","15":"product-type-simple"},"yoast_head":"<!-- This site is optimized with the Yoast SEO plugin v27.2 - https:\/\/yoast.com\/product\/yoast-seo-wordpress\/ -->\n<title>SkyfiX-yhdyskunta lattialattioiden reunojen tasaamiseen ja kiinnitt\u00e4miseen (SF2) - SkyShop<\/title>\n<meta name=\"robots\" content=\"index, follow, max-snippet:-1, max-image-preview:large, max-video-preview:-1\" \/>\n<link rel=\"canonical\" href=\"https:\/\/www.skyshop.ee\/fi\/tuote\/skyfix-yhdyskunta-lattialattioiden-reunojen-tasaamiseen-ja-kiinnittamiseen-sf2\/\" \/>\n<meta property=\"og:locale\" content=\"fi_FI\" \/>\n<meta property=\"og:type\" content=\"article\" \/>\n<meta property=\"og:title\" content=\"SkyfiX-yhdyskunta lattialattioiden reunojen tasaamiseen ja kiinnitt\u00e4miseen (SF2) - SkyShop\" \/>\n<meta property=\"og:description\" content=\"Skystylen skyfix-pidike on ammattimainen ratkaisu GSB-varjonivelien tarkkaan kohdistamiseen ja kiinnitt\u00e4miseen kahdessa tasossa. Nopeuttaa asennusta, v\u00e4hent\u00e4\u00e4 virheiden riski\u00e4 ja varmistaa siistin premium-tuloksen asennuksen aikana.\" \/>\n<meta property=\"og:url\" content=\"https:\/\/www.skyshop.ee\/fi\/tuote\/skyfix-yhdyskunta-lattialattioiden-reunojen-tasaamiseen-ja-kiinnittamiseen-sf2\/\" \/>\n<meta property=\"og:site_name\" content=\"SkyShop\" \/>\n<meta property=\"article:publisher\" content=\"https:\/\/www.facebook.com\/skystyle.eu\" \/>\n<meta property=\"og:image\" content=\"https:\/\/www.skyshop.ee\/wp-content\/uploads\/2026\/02\/Shadoof-Board-GSB-Kraab-Systems.jpg\" \/>\n\t<meta property=\"og:image:width\" content=\"1512\" \/>\n\t<meta property=\"og:image:height\" content=\"1512\" \/>\n\t<meta property=\"og:image:type\" content=\"image\/jpeg\" \/>\n<meta name=\"twitter:card\" content=\"summary_large_image\" \/>\n<meta name=\"twitter:label1\" content=\"Est. reading time\" \/>\n\t<meta name=\"twitter:data1\" content=\"1 minute\" \/>\n<script type=\"application\/ld+json\" class=\"yoast-schema-graph\">{\"@context\":\"https:\/\/schema.org\",\"@graph\":[{\"@type\":\"WebPage\",\"@id\":\"https:\/\/www.skyshop.ee\/fi\/tuote\/skyfix-yhdyskunta-lattialattioiden-reunojen-tasaamiseen-ja-kiinnittamiseen-sf2\/\",\"url\":\"https:\/\/www.skyshop.ee\/fi\/tuote\/skyfix-yhdyskunta-lattialattioiden-reunojen-tasaamiseen-ja-kiinnittamiseen-sf2\/\",\"name\":\"SkyfiX-yhdyskunta lattialattioiden reunojen tasaamiseen ja kiinnitt\u00e4miseen (SF2) - SkyShop\",\"isPartOf\":{\"@id\":\"https:\/\/www.skyshop.ee\/fi\/#website\"},\"primaryImageOfPage\":{\"@id\":\"https:\/\/www.skyshop.ee\/fi\/tuote\/skyfix-yhdyskunta-lattialattioiden-reunojen-tasaamiseen-ja-kiinnittamiseen-sf2\/#primaryimage\"},\"image\":{\"@id\":\"https:\/\/www.skyshop.ee\/fi\/tuote\/skyfix-yhdyskunta-lattialattioiden-reunojen-tasaamiseen-ja-kiinnittamiseen-sf2\/#primaryimage\"},\"thumbnailUrl\":\"https:\/\/www.skyshop.ee\/wp-content\/uploads\/2026\/02\/Shadoof-Board-GSB-Kraab-Systems.jpg\",\"datePublished\":\"2026-02-18T17:13:25+00:00\",\"breadcrumb\":{\"@id\":\"https:\/\/www.skyshop.ee\/fi\/tuote\/skyfix-yhdyskunta-lattialattioiden-reunojen-tasaamiseen-ja-kiinnittamiseen-sf2\/#breadcrumb\"},\"inLanguage\":\"fi-FI\",\"potentialAction\":[{\"@type\":\"ReadAction\",\"target\":[\"https:\/\/www.skyshop.ee\/fi\/tuote\/skyfix-yhdyskunta-lattialattioiden-reunojen-tasaamiseen-ja-kiinnittamiseen-sf2\/\"]}]},{\"@type\":\"ImageObject\",\"inLanguage\":\"fi-FI\",\"@id\":\"https:\/\/www.skyshop.ee\/fi\/tuote\/skyfix-yhdyskunta-lattialattioiden-reunojen-tasaamiseen-ja-kiinnittamiseen-sf2\/#primaryimage\",\"url\":\"https:\/\/www.skyshop.ee\/wp-content\/uploads\/2026\/02\/Shadoof-Board-GSB-Kraab-Systems.jpg\",\"contentUrl\":\"https:\/\/www.skyshop.ee\/wp-content\/uploads\/2026\/02\/Shadoof-Board-GSB-Kraab-Systems.jpg\",\"width\":1512,\"height\":1512},{\"@type\":\"BreadcrumbList\",\"@id\":\"https:\/\/www.skyshop.ee\/fi\/tuote\/skyfix-yhdyskunta-lattialattioiden-reunojen-tasaamiseen-ja-kiinnittamiseen-sf2\/#breadcrumb\",\"itemListElement\":[{\"@type\":\"ListItem\",\"position\":1,\"name\":\"\u0413\u043b\u0430\u0432\u043d\u0430\u044f\",\"item\":\"https:\/\/www.skyshop.ee\/fi\/\"},{\"@type\":\"ListItem\",\"position\":2,\"name\":\"SkyfiX-yhdyskunta lattialattioiden reunojen tasaamiseen ja kiinnitt\u00e4miseen (SF2)\"}]},{\"@type\":\"WebSite\",\"@id\":\"https:\/\/www.skyshop.ee\/fi\/#website\",\"url\":\"https:\/\/www.skyshop.ee\/fi\/\",\"name\":\"SkyShop\",\"description\":\"Pinglaed ja tarvikud\",\"publisher\":{\"@id\":\"https:\/\/www.skyshop.ee\/fi\/#organization\"},\"potentialAction\":[{\"@type\":\"SearchAction\",\"target\":{\"@type\":\"EntryPoint\",\"urlTemplate\":\"https:\/\/www.skyshop.ee\/fi\/?s={search_term_string}\"},\"query-input\":{\"@type\":\"PropertyValueSpecification\",\"valueRequired\":true,\"valueName\":\"search_term_string\"}}],\"inLanguage\":\"fi-FI\"},{\"@type\":\"Organization\",\"@id\":\"https:\/\/www.skyshop.ee\/fi\/#organization\",\"name\":\"Skystyle O\u00dc\",\"url\":\"https:\/\/www.skyshop.ee\/fi\/\",\"logo\":{\"@type\":\"ImageObject\",\"inLanguage\":\"fi-FI\",\"@id\":\"https:\/\/www.skyshop.ee\/fi\/#\/schema\/logo\/image\/\",\"url\":\"https:\/\/www.skyshop.ee\/wp-content\/uploads\/2023\/05\/skyshop_logo.png\",\"contentUrl\":\"https:\/\/www.skyshop.ee\/wp-content\/uploads\/2023\/05\/skyshop_logo.png\",\"width\":3329,\"height\":1229,\"caption\":\"Skystyle O\u00dc\"},\"image\":{\"@id\":\"https:\/\/www.skyshop.ee\/fi\/#\/schema\/logo\/image\/\"},\"sameAs\":[\"https:\/\/www.facebook.com\/skystyle.eu\"]}]}<\/script>\n<!-- \/ Yoast SEO plugin. -->","yoast_head_json":{"title":"SkyfiX-yhdyskunta lattialattioiden reunojen tasaamiseen ja kiinnitt\u00e4miseen (SF2) - SkyShop","robots":{"index":"index","follow":"follow","max-snippet":"max-snippet:-1","max-image-preview":"max-image-preview:large","max-video-preview":"max-video-preview:-1"},"canonical":"https:\/\/www.skyshop.ee\/fi\/tuote\/skyfix-yhdyskunta-lattialattioiden-reunojen-tasaamiseen-ja-kiinnittamiseen-sf2\/","og_locale":"fi_FI","og_type":"article","og_title":"SkyfiX-yhdyskunta lattialattioiden reunojen tasaamiseen ja kiinnitt\u00e4miseen (SF2) - SkyShop","og_description":"Skystylen skyfix-pidike on ammattimainen ratkaisu GSB-varjonivelien tarkkaan kohdistamiseen ja kiinnitt\u00e4miseen kahdessa tasossa. Nopeuttaa asennusta, v\u00e4hent\u00e4\u00e4 virheiden riski\u00e4 ja varmistaa siistin premium-tuloksen asennuksen aikana.","og_url":"https:\/\/www.skyshop.ee\/fi\/tuote\/skyfix-yhdyskunta-lattialattioiden-reunojen-tasaamiseen-ja-kiinnittamiseen-sf2\/","og_site_name":"SkyShop","article_publisher":"https:\/\/www.facebook.com\/skystyle.eu","og_image":[{"width":1512,"height":1512,"url":"https:\/\/www.skyshop.ee\/wp-content\/uploads\/2026\/02\/Shadoof-Board-GSB-Kraab-Systems.jpg","type":"image\/jpeg"}],"twitter_card":"summary_large_image","twitter_misc":{"Est. reading time":"1 minute"},"schema":{"@context":"https:\/\/schema.org","@graph":[{"@type":"WebPage","@id":"https:\/\/www.skyshop.ee\/fi\/tuote\/skyfix-yhdyskunta-lattialattioiden-reunojen-tasaamiseen-ja-kiinnittamiseen-sf2\/","url":"https:\/\/www.skyshop.ee\/fi\/tuote\/skyfix-yhdyskunta-lattialattioiden-reunojen-tasaamiseen-ja-kiinnittamiseen-sf2\/","name":"SkyfiX-yhdyskunta lattialattioiden reunojen tasaamiseen ja kiinnitt\u00e4miseen (SF2) - SkyShop","isPartOf":{"@id":"https:\/\/www.skyshop.ee\/fi\/#website"},"primaryImageOfPage":{"@id":"https:\/\/www.skyshop.ee\/fi\/tuote\/skyfix-yhdyskunta-lattialattioiden-reunojen-tasaamiseen-ja-kiinnittamiseen-sf2\/#primaryimage"},"image":{"@id":"https:\/\/www.skyshop.ee\/fi\/tuote\/skyfix-yhdyskunta-lattialattioiden-reunojen-tasaamiseen-ja-kiinnittamiseen-sf2\/#primaryimage"},"thumbnailUrl":"https:\/\/www.skyshop.ee\/wp-content\/uploads\/2026\/02\/Shadoof-Board-GSB-Kraab-Systems.jpg","datePublished":"2026-02-18T17:13:25+00:00","breadcrumb":{"@id":"https:\/\/www.skyshop.ee\/fi\/tuote\/skyfix-yhdyskunta-lattialattioiden-reunojen-tasaamiseen-ja-kiinnittamiseen-sf2\/#breadcrumb"},"inLanguage":"fi-FI","potentialAction":[{"@type":"ReadAction","target":["https:\/\/www.skyshop.ee\/fi\/tuote\/skyfix-yhdyskunta-lattialattioiden-reunojen-tasaamiseen-ja-kiinnittamiseen-sf2\/"]}]},{"@type":"ImageObject","inLanguage":"fi-FI","@id":"https:\/\/www.skyshop.ee\/fi\/tuote\/skyfix-yhdyskunta-lattialattioiden-reunojen-tasaamiseen-ja-kiinnittamiseen-sf2\/#primaryimage","url":"https:\/\/www.skyshop.ee\/wp-content\/uploads\/2026\/02\/Shadoof-Board-GSB-Kraab-Systems.jpg","contentUrl":"https:\/\/www.skyshop.ee\/wp-content\/uploads\/2026\/02\/Shadoof-Board-GSB-Kraab-Systems.jpg","width":1512,"height":1512},{"@type":"BreadcrumbList","@id":"https:\/\/www.skyshop.ee\/fi\/tuote\/skyfix-yhdyskunta-lattialattioiden-reunojen-tasaamiseen-ja-kiinnittamiseen-sf2\/#breadcrumb","itemListElement":[{"@type":"ListItem","position":1,"name":"\u0413\u043b\u0430\u0432\u043d\u0430\u044f","item":"https:\/\/www.skyshop.ee\/fi\/"},{"@type":"ListItem","position":2,"name":"SkyfiX-yhdyskunta lattialattioiden reunojen tasaamiseen ja kiinnitt\u00e4miseen (SF2)"}]},{"@type":"WebSite","@id":"https:\/\/www.skyshop.ee\/fi\/#website","url":"https:\/\/www.skyshop.ee\/fi\/","name":"SkyShop","description":"Pinglaed ja tarvikud","publisher":{"@id":"https:\/\/www.skyshop.ee\/fi\/#organization"},"potentialAction":[{"@type":"SearchAction","target":{"@type":"EntryPoint","urlTemplate":"https:\/\/www.skyshop.ee\/fi\/?s={search_term_string}"},"query-input":{"@type":"PropertyValueSpecification","valueRequired":true,"valueName":"search_term_string"}}],"inLanguage":"fi-FI"},{"@type":"Organization","@id":"https:\/\/www.skyshop.ee\/fi\/#organization","name":"Skystyle O\u00dc","url":"https:\/\/www.skyshop.ee\/fi\/","logo":{"@type":"ImageObject","inLanguage":"fi-FI","@id":"https:\/\/www.skyshop.ee\/fi\/#\/schema\/logo\/image\/","url":"https:\/\/www.skyshop.ee\/wp-content\/uploads\/2023\/05\/skyshop_logo.png","contentUrl":"https:\/\/www.skyshop.ee\/wp-content\/uploads\/2023\/05\/skyshop_logo.png","width":3329,"height":1229,"caption":"Skystyle O\u00dc"},"image":{"@id":"https:\/\/www.skyshop.ee\/fi\/#\/schema\/logo\/image\/"},"sameAs":["https:\/\/www.facebook.com\/skystyle.eu"]}]}},"brands":[{"id":3782,"name":"SKYLINE PROFILES","slug":"skyline-profiles"},{"id":3107,"name":"SKYSTYLE","slug":"skystyle"}],"_links":{"self":[{"href":"https:\/\/www.skyshop.ee\/fi\/wp-json\/wp\/v2\/product\/98935","targetHints":{"allow":["GET"]}}],"collection":[{"href":"https:\/\/www.skyshop.ee\/fi\/wp-json\/wp\/v2\/product"}],"about":[{"href":"https:\/\/www.skyshop.ee\/fi\/wp-json\/wp\/v2\/types\/product"}],"wp:featuredmedia":[{"embeddable":true,"href":"https:\/\/www.skyshop.ee\/fi\/wp-json\/wp\/v2\/media\/98899"}],"wp:attachment":[{"href":"https:\/\/www.skyshop.ee\/fi\/wp-json\/wp\/v2\/media?parent=98935"}],"wp:term":[{"taxonomy":"pwb-brand","embeddable":true,"href":"https:\/\/www.skyshop.ee\/fi\/wp-json\/wp\/v2\/pwb-brand?post=98935"},{"taxonomy":"product_brand","embeddable":true,"href":"https:\/\/www.skyshop.ee\/fi\/wp-json\/wp\/v2\/product_brand?post=98935"},{"taxonomy":"product_cat","embeddable":true,"href":"https:\/\/www.skyshop.ee\/fi\/wp-json\/wp\/v2\/product_cat?post=98935"},{"taxonomy":"product_tag","embeddable":true,"href":"https:\/\/www.skyshop.ee\/fi\/wp-json\/wp\/v2\/product_tag?post=98935"}],"curies":[{"name":"wp","href":"https:\/\/api.w.org\/{rel}","templated":true}]}}