{"id":100998,"date":"2022-09-30T13:57:30","date_gmt":"2022-09-30T10:57:30","guid":{"rendered":"https:\/\/www.skyshop.ee\/product\/pora-lasille-ja-keramiikalle-makita-6-mm-bo2\/"},"modified":"2022-09-30T13:57:30","modified_gmt":"2022-09-30T10:57:30","slug":"pora-lasille-ja-keramiikalle-makita-6-mm-bo2","status":"publish","type":"product","link":"https:\/\/www.skyshop.ee\/fi\/tuote\/pora-lasille-ja-keramiikalle-makita-6-mm-bo2\/","title":{"rendered":"Pora lasille ja keramiikalle MAKITA 6 mm (BO2)"},"content":{"rendered":"<p data-start=\"2470\" data-end=\"3033\">MAKITA 6 mm pora lasille ja keramiikalle on luotettava ty\u00f6kalu herkkien materiaalien tarkkaan ja siistiin poraamiseen ilman lohkeamia ja halkeamia. Erityinen kovametallik\u00e4rki takaa puhtaan aloituksen ja hyv\u00e4n hallinnan ty\u00f6skentelyn aikana.<br data-start=\"2709\" data-end=\"2712\" \/>Se sopii erinomaisesti lasin, keraamisten laattojen, posliinin ja lasitettujen pintojen poraamiseen. Makita-br\u00e4ndin laadun ansiosta pora tarjoaa tasaisen suorituskyvyn ja pitk\u00e4n k\u00e4ytt\u00f6i\u00e4n my\u00f6s s\u00e4\u00e4nn\u00f6llisess\u00e4 k\u00e4yt\u00f6ss\u00e4.<br data-start=\"2929\" data-end=\"2932\" \/>Erinomainen valinta sek\u00e4 ammattilaisille ett\u00e4 kotik\u00e4ytt\u00f6\u00f6n, kun tarkkuus ja siisteys ovat t\u00e4rkeit\u00e4.<\/p>\n<p data-start=\"3035\" data-end=\"3046\"><strong data-start=\"3035\" data-end=\"3044\">Edut:<\/strong><\/p>\n<ul data-start=\"3047\" data-end=\"3260\">\n<li data-section-id=\"1j684bd\" data-start=\"3047\" data-end=\"3080\">Siisti poraus ilman lohkeamia<\/li>\n<li data-section-id=\"1mugg51\" data-start=\"3081\" data-end=\"3125\">Sopii lasille, keramiikalle ja laatoille<\/li>\n<li data-section-id=\"vwjmok\" data-start=\"3126\" data-end=\"3151\">Kovametallik\u00e4rki (HM)<\/li>\n<li data-section-id=\"1kj5k0l\" data-start=\"3152\" data-end=\"3183\">Korkea tarkkuus ja hallinta<\/li>\n<li data-section-id=\"h7gqvg\" data-start=\"3184\" data-end=\"3203\">Pitk\u00e4 k\u00e4ytt\u00f6ik\u00e4<\/li>\n<li data-section-id=\"1s2adub\" data-start=\"3204\" data-end=\"3260\">Yhteensopiva ruuvinv\u00e4\u00e4ntimien ja porakoneiden kanssa<\/li>\n<\/ul>\n<p data-start=\"3262\" data-end=\"3284\"><strong data-start=\"3262\" data-end=\"3282\">Tekniset tiedot:<\/strong><\/p>\n<ul data-start=\"3285\" data-end=\"3423\">\n<li data-section-id=\"2a8cxf\" data-start=\"3285\" data-end=\"3305\">Halkaisija: 6 mm<\/li>\n<li data-section-id=\"14sn37p\" data-start=\"3306\" data-end=\"3346\">Tyyppi: pora lasille ja keramiikalle<\/li>\n<li data-section-id=\"8nio9a\" data-start=\"3347\" data-end=\"3374\">K\u00e4rki: kovametalli (HM)<\/li>\n<li data-section-id=\"1374j6z\" data-start=\"3375\" data-end=\"3404\">Varsi: kuusiokanta (1\/4&#8243;)<\/li>\n<li data-section-id=\"1g840am\" data-start=\"3405\" data-end=\"3423\">Br\u00e4ndi: Makita<\/li>\n<\/ul>\n","protected":false},"excerpt":{"rendered":"<p>MAKITA 6 mm pora lasille ja keramiikalle \u2014 tarkka poraus ilman lohkeamia. Sopii laatoille, posliinille ja lasipinnoille.<\/p>\n","protected":false},"featured_media":100994,"template":"","meta":[],"pwb-brand":[],"product_brand":[],"product_cat":[4224],"product_tag":[],"class_list":{"0":"post-100998","1":"product","2":"type-product","3":"status-publish","4":"has-post-thumbnail","6":"product_cat-kiinnitin","8":"first","9":"instock","10":"taxable","11":"shipping-taxable","12":"purchasable","13":"product-type-simple"},"yoast_head":"<!-- This site is optimized with the Yoast SEO plugin v27.2 - https:\/\/yoast.com\/product\/yoast-seo-wordpress\/ -->\n<title>Pora lasille ja keramiikalle MAKITA 6 mm (BO2) - SkyShop<\/title>\n<meta name=\"robots\" content=\"index, follow, max-snippet:-1, max-image-preview:large, max-video-preview:-1\" \/>\n<link rel=\"canonical\" href=\"https:\/\/www.skyshop.ee\/fi\/tuote\/pora-lasille-ja-keramiikalle-makita-6-mm-bo2\/\" \/>\n<meta property=\"og:locale\" content=\"fi_FI\" \/>\n<meta property=\"og:type\" content=\"article\" \/>\n<meta property=\"og:title\" content=\"Pora lasille ja keramiikalle MAKITA 6 mm (BO2) - SkyShop\" \/>\n<meta property=\"og:description\" content=\"MAKITA 6 mm pora lasille ja keramiikalle \u2014 tarkka poraus ilman lohkeamia. Sopii laatoille, posliinille ja lasipinnoille.\" \/>\n<meta property=\"og:url\" content=\"https:\/\/www.skyshop.ee\/fi\/tuote\/pora-lasille-ja-keramiikalle-makita-6-mm-bo2\/\" \/>\n<meta property=\"og:site_name\" content=\"SkyShop\" \/>\n<meta property=\"article:publisher\" content=\"https:\/\/www.facebook.com\/skystyle.eu\" \/>\n<meta property=\"og:image\" content=\"https:\/\/www.skyshop.ee\/wp-content\/uploads\/2022\/09\/D-15964_4.jpg\" \/>\n\t<meta property=\"og:image:width\" content=\"500\" \/>\n\t<meta property=\"og:image:height\" content=\"400\" \/>\n\t<meta property=\"og:image:type\" content=\"image\/jpeg\" \/>\n<meta name=\"twitter:card\" content=\"summary_large_image\" \/>\n<meta name=\"twitter:label1\" content=\"Est. reading time\" \/>\n\t<meta name=\"twitter:data1\" content=\"1 minute\" \/>\n<script type=\"application\/ld+json\" class=\"yoast-schema-graph\">{\"@context\":\"https:\/\/schema.org\",\"@graph\":[{\"@type\":\"WebPage\",\"@id\":\"https:\/\/www.skyshop.ee\/fi\/tuote\/pora-lasille-ja-keramiikalle-makita-6-mm-bo2\/\",\"url\":\"https:\/\/www.skyshop.ee\/fi\/tuote\/pora-lasille-ja-keramiikalle-makita-6-mm-bo2\/\",\"name\":\"Pora lasille ja keramiikalle MAKITA 6 mm (BO2) - SkyShop\",\"isPartOf\":{\"@id\":\"https:\/\/www.skyshop.ee\/fi\/#website\"},\"primaryImageOfPage\":{\"@id\":\"https:\/\/www.skyshop.ee\/fi\/tuote\/pora-lasille-ja-keramiikalle-makita-6-mm-bo2\/#primaryimage\"},\"image\":{\"@id\":\"https:\/\/www.skyshop.ee\/fi\/tuote\/pora-lasille-ja-keramiikalle-makita-6-mm-bo2\/#primaryimage\"},\"thumbnailUrl\":\"https:\/\/www.skyshop.ee\/wp-content\/uploads\/2022\/09\/D-15964_4.jpg\",\"datePublished\":\"2022-09-30T10:57:30+00:00\",\"breadcrumb\":{\"@id\":\"https:\/\/www.skyshop.ee\/fi\/tuote\/pora-lasille-ja-keramiikalle-makita-6-mm-bo2\/#breadcrumb\"},\"inLanguage\":\"fi-FI\",\"potentialAction\":[{\"@type\":\"ReadAction\",\"target\":[\"https:\/\/www.skyshop.ee\/fi\/tuote\/pora-lasille-ja-keramiikalle-makita-6-mm-bo2\/\"]}]},{\"@type\":\"ImageObject\",\"inLanguage\":\"fi-FI\",\"@id\":\"https:\/\/www.skyshop.ee\/fi\/tuote\/pora-lasille-ja-keramiikalle-makita-6-mm-bo2\/#primaryimage\",\"url\":\"https:\/\/www.skyshop.ee\/wp-content\/uploads\/2022\/09\/D-15964_4.jpg\",\"contentUrl\":\"https:\/\/www.skyshop.ee\/wp-content\/uploads\/2022\/09\/D-15964_4.jpg\",\"width\":500,\"height\":400},{\"@type\":\"BreadcrumbList\",\"@id\":\"https:\/\/www.skyshop.ee\/fi\/tuote\/pora-lasille-ja-keramiikalle-makita-6-mm-bo2\/#breadcrumb\",\"itemListElement\":[{\"@type\":\"ListItem\",\"position\":1,\"name\":\"\u0413\u043b\u0430\u0432\u043d\u0430\u044f\",\"item\":\"https:\/\/www.skyshop.ee\/fi\/\"},{\"@type\":\"ListItem\",\"position\":2,\"name\":\"Pora lasille ja keramiikalle MAKITA 6 mm (BO2)\"}]},{\"@type\":\"WebSite\",\"@id\":\"https:\/\/www.skyshop.ee\/fi\/#website\",\"url\":\"https:\/\/www.skyshop.ee\/fi\/\",\"name\":\"SkyShop\",\"description\":\"Pinglaed ja tarvikud\",\"publisher\":{\"@id\":\"https:\/\/www.skyshop.ee\/fi\/#organization\"},\"potentialAction\":[{\"@type\":\"SearchAction\",\"target\":{\"@type\":\"EntryPoint\",\"urlTemplate\":\"https:\/\/www.skyshop.ee\/fi\/?s={search_term_string}\"},\"query-input\":{\"@type\":\"PropertyValueSpecification\",\"valueRequired\":true,\"valueName\":\"search_term_string\"}}],\"inLanguage\":\"fi-FI\"},{\"@type\":\"Organization\",\"@id\":\"https:\/\/www.skyshop.ee\/fi\/#organization\",\"name\":\"Skystyle O\u00dc\",\"url\":\"https:\/\/www.skyshop.ee\/fi\/\",\"logo\":{\"@type\":\"ImageObject\",\"inLanguage\":\"fi-FI\",\"@id\":\"https:\/\/www.skyshop.ee\/fi\/#\/schema\/logo\/image\/\",\"url\":\"https:\/\/www.skyshop.ee\/wp-content\/uploads\/2023\/05\/skyshop_logo.png\",\"contentUrl\":\"https:\/\/www.skyshop.ee\/wp-content\/uploads\/2023\/05\/skyshop_logo.png\",\"width\":3329,\"height\":1229,\"caption\":\"Skystyle O\u00dc\"},\"image\":{\"@id\":\"https:\/\/www.skyshop.ee\/fi\/#\/schema\/logo\/image\/\"},\"sameAs\":[\"https:\/\/www.facebook.com\/skystyle.eu\"]}]}<\/script>\n<!-- \/ Yoast SEO plugin. -->","yoast_head_json":{"title":"Pora lasille ja keramiikalle MAKITA 6 mm (BO2) - SkyShop","robots":{"index":"index","follow":"follow","max-snippet":"max-snippet:-1","max-image-preview":"max-image-preview:large","max-video-preview":"max-video-preview:-1"},"canonical":"https:\/\/www.skyshop.ee\/fi\/tuote\/pora-lasille-ja-keramiikalle-makita-6-mm-bo2\/","og_locale":"fi_FI","og_type":"article","og_title":"Pora lasille ja keramiikalle MAKITA 6 mm (BO2) - SkyShop","og_description":"MAKITA 6 mm pora lasille ja keramiikalle \u2014 tarkka poraus ilman lohkeamia. Sopii laatoille, posliinille ja lasipinnoille.","og_url":"https:\/\/www.skyshop.ee\/fi\/tuote\/pora-lasille-ja-keramiikalle-makita-6-mm-bo2\/","og_site_name":"SkyShop","article_publisher":"https:\/\/www.facebook.com\/skystyle.eu","og_image":[{"width":500,"height":400,"url":"https:\/\/www.skyshop.ee\/wp-content\/uploads\/2022\/09\/D-15964_4.jpg","type":"image\/jpeg"}],"twitter_card":"summary_large_image","twitter_misc":{"Est. reading time":"1 minute"},"schema":{"@context":"https:\/\/schema.org","@graph":[{"@type":"WebPage","@id":"https:\/\/www.skyshop.ee\/fi\/tuote\/pora-lasille-ja-keramiikalle-makita-6-mm-bo2\/","url":"https:\/\/www.skyshop.ee\/fi\/tuote\/pora-lasille-ja-keramiikalle-makita-6-mm-bo2\/","name":"Pora lasille ja keramiikalle MAKITA 6 mm (BO2) - SkyShop","isPartOf":{"@id":"https:\/\/www.skyshop.ee\/fi\/#website"},"primaryImageOfPage":{"@id":"https:\/\/www.skyshop.ee\/fi\/tuote\/pora-lasille-ja-keramiikalle-makita-6-mm-bo2\/#primaryimage"},"image":{"@id":"https:\/\/www.skyshop.ee\/fi\/tuote\/pora-lasille-ja-keramiikalle-makita-6-mm-bo2\/#primaryimage"},"thumbnailUrl":"https:\/\/www.skyshop.ee\/wp-content\/uploads\/2022\/09\/D-15964_4.jpg","datePublished":"2022-09-30T10:57:30+00:00","breadcrumb":{"@id":"https:\/\/www.skyshop.ee\/fi\/tuote\/pora-lasille-ja-keramiikalle-makita-6-mm-bo2\/#breadcrumb"},"inLanguage":"fi-FI","potentialAction":[{"@type":"ReadAction","target":["https:\/\/www.skyshop.ee\/fi\/tuote\/pora-lasille-ja-keramiikalle-makita-6-mm-bo2\/"]}]},{"@type":"ImageObject","inLanguage":"fi-FI","@id":"https:\/\/www.skyshop.ee\/fi\/tuote\/pora-lasille-ja-keramiikalle-makita-6-mm-bo2\/#primaryimage","url":"https:\/\/www.skyshop.ee\/wp-content\/uploads\/2022\/09\/D-15964_4.jpg","contentUrl":"https:\/\/www.skyshop.ee\/wp-content\/uploads\/2022\/09\/D-15964_4.jpg","width":500,"height":400},{"@type":"BreadcrumbList","@id":"https:\/\/www.skyshop.ee\/fi\/tuote\/pora-lasille-ja-keramiikalle-makita-6-mm-bo2\/#breadcrumb","itemListElement":[{"@type":"ListItem","position":1,"name":"\u0413\u043b\u0430\u0432\u043d\u0430\u044f","item":"https:\/\/www.skyshop.ee\/fi\/"},{"@type":"ListItem","position":2,"name":"Pora lasille ja keramiikalle MAKITA 6 mm (BO2)"}]},{"@type":"WebSite","@id":"https:\/\/www.skyshop.ee\/fi\/#website","url":"https:\/\/www.skyshop.ee\/fi\/","name":"SkyShop","description":"Pinglaed ja tarvikud","publisher":{"@id":"https:\/\/www.skyshop.ee\/fi\/#organization"},"potentialAction":[{"@type":"SearchAction","target":{"@type":"EntryPoint","urlTemplate":"https:\/\/www.skyshop.ee\/fi\/?s={search_term_string}"},"query-input":{"@type":"PropertyValueSpecification","valueRequired":true,"valueName":"search_term_string"}}],"inLanguage":"fi-FI"},{"@type":"Organization","@id":"https:\/\/www.skyshop.ee\/fi\/#organization","name":"Skystyle O\u00dc","url":"https:\/\/www.skyshop.ee\/fi\/","logo":{"@type":"ImageObject","inLanguage":"fi-FI","@id":"https:\/\/www.skyshop.ee\/fi\/#\/schema\/logo\/image\/","url":"https:\/\/www.skyshop.ee\/wp-content\/uploads\/2023\/05\/skyshop_logo.png","contentUrl":"https:\/\/www.skyshop.ee\/wp-content\/uploads\/2023\/05\/skyshop_logo.png","width":3329,"height":1229,"caption":"Skystyle O\u00dc"},"image":{"@id":"https:\/\/www.skyshop.ee\/fi\/#\/schema\/logo\/image\/"},"sameAs":["https:\/\/www.facebook.com\/skystyle.eu"]}]}},"brands":[],"_links":{"self":[{"href":"https:\/\/www.skyshop.ee\/fi\/wp-json\/wp\/v2\/product\/100998","targetHints":{"allow":["GET"]}}],"collection":[{"href":"https:\/\/www.skyshop.ee\/fi\/wp-json\/wp\/v2\/product"}],"about":[{"href":"https:\/\/www.skyshop.ee\/fi\/wp-json\/wp\/v2\/types\/product"}],"wp:featuredmedia":[{"embeddable":true,"href":"https:\/\/www.skyshop.ee\/fi\/wp-json\/wp\/v2\/media\/100994"}],"wp:attachment":[{"href":"https:\/\/www.skyshop.ee\/fi\/wp-json\/wp\/v2\/media?parent=100998"}],"wp:term":[{"taxonomy":"pwb-brand","embeddable":true,"href":"https:\/\/www.skyshop.ee\/fi\/wp-json\/wp\/v2\/pwb-brand?post=100998"},{"taxonomy":"product_brand","embeddable":true,"href":"https:\/\/www.skyshop.ee\/fi\/wp-json\/wp\/v2\/product_brand?post=100998"},{"taxonomy":"product_cat","embeddable":true,"href":"https:\/\/www.skyshop.ee\/fi\/wp-json\/wp\/v2\/product_cat?post=100998"},{"taxonomy":"product_tag","embeddable":true,"href":"https:\/\/www.skyshop.ee\/fi\/wp-json\/wp\/v2\/product_tag?post=100998"}],"curies":[{"name":"wp","href":"https:\/\/api.w.org\/{rel}","templated":true}]}}