{"id":100724,"date":"2022-02-28T17:47:48","date_gmt":"2022-02-28T15:47:48","guid":{"rendered":"https:\/\/www.skyshop.ee\/product\/clinch-vajaa-cs2\/"},"modified":"2022-02-28T17:47:48","modified_gmt":"2022-02-28T15:47:48","slug":"clinch-vajaa-cs2","status":"publish","type":"product","link":"https:\/\/www.skyshop.ee\/fi\/tuote\/clinch-vajaa-cs2\/","title":{"rendered":"CLINCH-VAJAA (CS2)"},"content":{"rendered":"<p class=\"whitespace-pre-wrap\">Vajaa kiinnitt\u00e4\u00e4 PVC-t\u00e4ytekattoaineen tai CLIPSO\/DESCOR-kankaan ilman liimaa, klippaa tai tikkua. Se k\u00e4ytet\u00e4\u00e4n aktiivisesti valaisujonojen (AL2), (AL1), (AL12), (AT30) asennuksessa ja takaa tiukan ja vakaan kiinnityksen kangasta profiiliin, est\u00e4en sen siirtymisen, laskiutuksen tai muodonmuutoksen k\u00e4yt\u00f6n aikana.<\/p>\n<p class=\"whitespace-pre-wrap\"><strong class=\"\">Hy\u00f6dyt:<\/strong><\/p>\n<ul class=\"\">\n<li>Luotettava kankakinaisu<\/li>\n<li>Varmistaa PVC\u2011 ja tekstiilimateriaalien vakauden<\/li>\n<li>Yhteensopiva profiilisysteemeihin<\/li>\n<li>Integroituu sujuvasti nykyaikaisiin t\u00e4ytekattojen profiileihin<\/li>\n<li>Nopeuttaa asennusta<\/li>\n<li>Helpottaa ja nopeuttaa montointiprosessia<\/li>\n<li>Kest\u00e4vyys ja luotettavuus<\/li>\n<li>S\u00e4ilytt\u00e4\u00e4 ominaisuudet pitk\u00e4n k\u00e4ytt\u00f6i\u00e4n aikana<\/li>\n<\/ul>\n","protected":false},"excerpt":{"rendered":"<p>Kiinnityselementti PVC\u2011 ja tekstiilikangojen luotettavaan kiinnitt\u00e4miseen \u2013 Clinch.<\/p>\n<p>Valitse tarvittava pituus metreiss\u00e4:<\/p>\n","protected":false},"featured_media":100725,"template":"","meta":[],"pwb-brand":[],"product_brand":[],"product_cat":[4223,3993],"product_tag":[],"class_list":{"0":"post-100724","1":"product","2":"type-product","3":"status-publish","4":"has-post-thumbnail","6":"product_cat-harppuuna-clinch-cs2-tarvikkeet-varten-venytt-katot","7":"product_cat-lisavarusteet-alakattoihin","9":"first","10":"instock","11":"taxable","12":"shipping-taxable","13":"purchasable","14":"product-type-simple"},"yoast_head":"<!-- This site is optimized with the Yoast SEO plugin v27.2 - https:\/\/yoast.com\/product\/yoast-seo-wordpress\/ -->\n<title>CLINCH-VAJAA (CS2) - SkyShop<\/title>\n<meta name=\"robots\" content=\"index, follow, max-snippet:-1, max-image-preview:large, max-video-preview:-1\" \/>\n<link rel=\"canonical\" href=\"https:\/\/www.skyshop.ee\/fi\/tuote\/clinch-vajaa-cs2\/\" \/>\n<meta property=\"og:locale\" content=\"fi_FI\" \/>\n<meta property=\"og:type\" content=\"article\" \/>\n<meta property=\"og:title\" content=\"CLINCH-VAJAA (CS2) - SkyShop\" \/>\n<meta property=\"og:description\" content=\"Kiinnityselementti PVC\u2011 ja tekstiilikangojen luotettavaan kiinnitt\u00e4miseen \u2013 Clinch.  Valitse tarvittava pituus metreiss\u00e4:\" \/>\n<meta property=\"og:url\" content=\"https:\/\/www.skyshop.ee\/fi\/tuote\/clinch-vajaa-cs2\/\" \/>\n<meta property=\"og:site_name\" content=\"SkyShop\" \/>\n<meta property=\"article:publisher\" content=\"https:\/\/www.facebook.com\/skystyle.eu\" \/>\n<meta property=\"og:image\" content=\"https:\/\/www.skyshop.ee\/wp-content\/uploads\/2022\/02\/IMG_0388.jpg\" \/>\n\t<meta property=\"og:image:width\" content=\"1280\" \/>\n\t<meta property=\"og:image:height\" content=\"960\" \/>\n\t<meta property=\"og:image:type\" content=\"image\/jpeg\" \/>\n<meta name=\"twitter:card\" content=\"summary_large_image\" \/>\n<script type=\"application\/ld+json\" class=\"yoast-schema-graph\">{\"@context\":\"https:\/\/schema.org\",\"@graph\":[{\"@type\":\"WebPage\",\"@id\":\"https:\/\/www.skyshop.ee\/fi\/tuote\/clinch-vajaa-cs2\/\",\"url\":\"https:\/\/www.skyshop.ee\/fi\/tuote\/clinch-vajaa-cs2\/\",\"name\":\"CLINCH-VAJAA (CS2) - SkyShop\",\"isPartOf\":{\"@id\":\"https:\/\/www.skyshop.ee\/fi\/#website\"},\"primaryImageOfPage\":{\"@id\":\"https:\/\/www.skyshop.ee\/fi\/tuote\/clinch-vajaa-cs2\/#primaryimage\"},\"image\":{\"@id\":\"https:\/\/www.skyshop.ee\/fi\/tuote\/clinch-vajaa-cs2\/#primaryimage\"},\"thumbnailUrl\":\"https:\/\/www.skyshop.ee\/wp-content\/uploads\/2022\/02\/IMG_0388.jpg\",\"datePublished\":\"2022-02-28T15:47:48+00:00\",\"breadcrumb\":{\"@id\":\"https:\/\/www.skyshop.ee\/fi\/tuote\/clinch-vajaa-cs2\/#breadcrumb\"},\"inLanguage\":\"fi-FI\",\"potentialAction\":[{\"@type\":\"ReadAction\",\"target\":[\"https:\/\/www.skyshop.ee\/fi\/tuote\/clinch-vajaa-cs2\/\"]}]},{\"@type\":\"ImageObject\",\"inLanguage\":\"fi-FI\",\"@id\":\"https:\/\/www.skyshop.ee\/fi\/tuote\/clinch-vajaa-cs2\/#primaryimage\",\"url\":\"https:\/\/www.skyshop.ee\/wp-content\/uploads\/2022\/02\/IMG_0388.jpg\",\"contentUrl\":\"https:\/\/www.skyshop.ee\/wp-content\/uploads\/2022\/02\/IMG_0388.jpg\",\"width\":1280,\"height\":960},{\"@type\":\"BreadcrumbList\",\"@id\":\"https:\/\/www.skyshop.ee\/fi\/tuote\/clinch-vajaa-cs2\/#breadcrumb\",\"itemListElement\":[{\"@type\":\"ListItem\",\"position\":1,\"name\":\"\u0413\u043b\u0430\u0432\u043d\u0430\u044f\",\"item\":\"https:\/\/www.skyshop.ee\/fi\/\"},{\"@type\":\"ListItem\",\"position\":2,\"name\":\"CLINCH-VAJAA (CS2)\"}]},{\"@type\":\"WebSite\",\"@id\":\"https:\/\/www.skyshop.ee\/fi\/#website\",\"url\":\"https:\/\/www.skyshop.ee\/fi\/\",\"name\":\"SkyShop\",\"description\":\"Pinglaed ja tarvikud\",\"publisher\":{\"@id\":\"https:\/\/www.skyshop.ee\/fi\/#organization\"},\"potentialAction\":[{\"@type\":\"SearchAction\",\"target\":{\"@type\":\"EntryPoint\",\"urlTemplate\":\"https:\/\/www.skyshop.ee\/fi\/?s={search_term_string}\"},\"query-input\":{\"@type\":\"PropertyValueSpecification\",\"valueRequired\":true,\"valueName\":\"search_term_string\"}}],\"inLanguage\":\"fi-FI\"},{\"@type\":\"Organization\",\"@id\":\"https:\/\/www.skyshop.ee\/fi\/#organization\",\"name\":\"Skystyle O\u00dc\",\"url\":\"https:\/\/www.skyshop.ee\/fi\/\",\"logo\":{\"@type\":\"ImageObject\",\"inLanguage\":\"fi-FI\",\"@id\":\"https:\/\/www.skyshop.ee\/fi\/#\/schema\/logo\/image\/\",\"url\":\"https:\/\/www.skyshop.ee\/wp-content\/uploads\/2023\/05\/skyshop_logo.png\",\"contentUrl\":\"https:\/\/www.skyshop.ee\/wp-content\/uploads\/2023\/05\/skyshop_logo.png\",\"width\":3329,\"height\":1229,\"caption\":\"Skystyle O\u00dc\"},\"image\":{\"@id\":\"https:\/\/www.skyshop.ee\/fi\/#\/schema\/logo\/image\/\"},\"sameAs\":[\"https:\/\/www.facebook.com\/skystyle.eu\"]}]}<\/script>\n<!-- \/ Yoast SEO plugin. -->","yoast_head_json":{"title":"CLINCH-VAJAA (CS2) - SkyShop","robots":{"index":"index","follow":"follow","max-snippet":"max-snippet:-1","max-image-preview":"max-image-preview:large","max-video-preview":"max-video-preview:-1"},"canonical":"https:\/\/www.skyshop.ee\/fi\/tuote\/clinch-vajaa-cs2\/","og_locale":"fi_FI","og_type":"article","og_title":"CLINCH-VAJAA (CS2) - SkyShop","og_description":"Kiinnityselementti PVC\u2011 ja tekstiilikangojen luotettavaan kiinnitt\u00e4miseen \u2013 Clinch.  Valitse tarvittava pituus metreiss\u00e4:","og_url":"https:\/\/www.skyshop.ee\/fi\/tuote\/clinch-vajaa-cs2\/","og_site_name":"SkyShop","article_publisher":"https:\/\/www.facebook.com\/skystyle.eu","og_image":[{"width":1280,"height":960,"url":"https:\/\/www.skyshop.ee\/wp-content\/uploads\/2022\/02\/IMG_0388.jpg","type":"image\/jpeg"}],"twitter_card":"summary_large_image","schema":{"@context":"https:\/\/schema.org","@graph":[{"@type":"WebPage","@id":"https:\/\/www.skyshop.ee\/fi\/tuote\/clinch-vajaa-cs2\/","url":"https:\/\/www.skyshop.ee\/fi\/tuote\/clinch-vajaa-cs2\/","name":"CLINCH-VAJAA (CS2) - SkyShop","isPartOf":{"@id":"https:\/\/www.skyshop.ee\/fi\/#website"},"primaryImageOfPage":{"@id":"https:\/\/www.skyshop.ee\/fi\/tuote\/clinch-vajaa-cs2\/#primaryimage"},"image":{"@id":"https:\/\/www.skyshop.ee\/fi\/tuote\/clinch-vajaa-cs2\/#primaryimage"},"thumbnailUrl":"https:\/\/www.skyshop.ee\/wp-content\/uploads\/2022\/02\/IMG_0388.jpg","datePublished":"2022-02-28T15:47:48+00:00","breadcrumb":{"@id":"https:\/\/www.skyshop.ee\/fi\/tuote\/clinch-vajaa-cs2\/#breadcrumb"},"inLanguage":"fi-FI","potentialAction":[{"@type":"ReadAction","target":["https:\/\/www.skyshop.ee\/fi\/tuote\/clinch-vajaa-cs2\/"]}]},{"@type":"ImageObject","inLanguage":"fi-FI","@id":"https:\/\/www.skyshop.ee\/fi\/tuote\/clinch-vajaa-cs2\/#primaryimage","url":"https:\/\/www.skyshop.ee\/wp-content\/uploads\/2022\/02\/IMG_0388.jpg","contentUrl":"https:\/\/www.skyshop.ee\/wp-content\/uploads\/2022\/02\/IMG_0388.jpg","width":1280,"height":960},{"@type":"BreadcrumbList","@id":"https:\/\/www.skyshop.ee\/fi\/tuote\/clinch-vajaa-cs2\/#breadcrumb","itemListElement":[{"@type":"ListItem","position":1,"name":"\u0413\u043b\u0430\u0432\u043d\u0430\u044f","item":"https:\/\/www.skyshop.ee\/fi\/"},{"@type":"ListItem","position":2,"name":"CLINCH-VAJAA (CS2)"}]},{"@type":"WebSite","@id":"https:\/\/www.skyshop.ee\/fi\/#website","url":"https:\/\/www.skyshop.ee\/fi\/","name":"SkyShop","description":"Pinglaed ja tarvikud","publisher":{"@id":"https:\/\/www.skyshop.ee\/fi\/#organization"},"potentialAction":[{"@type":"SearchAction","target":{"@type":"EntryPoint","urlTemplate":"https:\/\/www.skyshop.ee\/fi\/?s={search_term_string}"},"query-input":{"@type":"PropertyValueSpecification","valueRequired":true,"valueName":"search_term_string"}}],"inLanguage":"fi-FI"},{"@type":"Organization","@id":"https:\/\/www.skyshop.ee\/fi\/#organization","name":"Skystyle O\u00dc","url":"https:\/\/www.skyshop.ee\/fi\/","logo":{"@type":"ImageObject","inLanguage":"fi-FI","@id":"https:\/\/www.skyshop.ee\/fi\/#\/schema\/logo\/image\/","url":"https:\/\/www.skyshop.ee\/wp-content\/uploads\/2023\/05\/skyshop_logo.png","contentUrl":"https:\/\/www.skyshop.ee\/wp-content\/uploads\/2023\/05\/skyshop_logo.png","width":3329,"height":1229,"caption":"Skystyle O\u00dc"},"image":{"@id":"https:\/\/www.skyshop.ee\/fi\/#\/schema\/logo\/image\/"},"sameAs":["https:\/\/www.facebook.com\/skystyle.eu"]}]}},"brands":[],"_links":{"self":[{"href":"https:\/\/www.skyshop.ee\/fi\/wp-json\/wp\/v2\/product\/100724","targetHints":{"allow":["GET"]}}],"collection":[{"href":"https:\/\/www.skyshop.ee\/fi\/wp-json\/wp\/v2\/product"}],"about":[{"href":"https:\/\/www.skyshop.ee\/fi\/wp-json\/wp\/v2\/types\/product"}],"wp:featuredmedia":[{"embeddable":true,"href":"https:\/\/www.skyshop.ee\/fi\/wp-json\/wp\/v2\/media\/100725"}],"wp:attachment":[{"href":"https:\/\/www.skyshop.ee\/fi\/wp-json\/wp\/v2\/media?parent=100724"}],"wp:term":[{"taxonomy":"pwb-brand","embeddable":true,"href":"https:\/\/www.skyshop.ee\/fi\/wp-json\/wp\/v2\/pwb-brand?post=100724"},{"taxonomy":"product_brand","embeddable":true,"href":"https:\/\/www.skyshop.ee\/fi\/wp-json\/wp\/v2\/product_brand?post=100724"},{"taxonomy":"product_cat","embeddable":true,"href":"https:\/\/www.skyshop.ee\/fi\/wp-json\/wp\/v2\/product_cat?post=100724"},{"taxonomy":"product_tag","embeddable":true,"href":"https:\/\/www.skyshop.ee\/fi\/wp-json\/wp\/v2\/product_tag?post=100724"}],"curies":[{"name":"wp","href":"https:\/\/api.w.org\/{rel}","templated":true}]}}