{"id":100465,"date":"2026-04-02T10:09:13","date_gmt":"2026-04-02T07:09:13","guid":{"rendered":"https:\/\/www.skyshop.ee\/?post_type=product&#038;p=100465"},"modified":"2026-04-17T19:29:39","modified_gmt":"2026-04-17T16:29:39","slug":"miboxer-2gang-push3-2-langaton-valaistuksen-ohjauspaneeli-2-4g-rns49-kopirovat","status":"publish","type":"product","link":"https:\/\/www.skyshop.ee\/fi\/tuote\/miboxer-2gang-push3-2-langaton-valaistuksen-ohjauspaneeli-2-4g-rns49-kopirovat\/","title":{"rendered":"MiBoxer 2GANG PUSH3-2 langaton valaistuksen ohjauspaneeli (2.4G) (RNS49)"},"content":{"rendered":"<div class=\"flex flex-col text-sm pb-25\">\n<section class=\"text-token-text-primary w-full focus:outline-none [--shadow-height:45px] has-data-writing-block:pointer-events-none has-data-writing-block:-mt-(--shadow-height) has-data-writing-block:pt-(--shadow-height) [&amp;:has([data-writing-block])&gt;*]:pointer-events-auto scroll-mt-[calc(var(--header-height)+min(200px,max(70px,20svh)))]\" dir=\"auto\" data-turn-id=\"request-68c43286-a75c-8321-a79f-e0ed961ce092-1\" data-testid=\"conversation-turn-94\" data-scroll-anchor=\"true\" data-turn=\"assistant\">\n<div class=\"text-base my-auto mx-auto pb-10 [--thread-content-margin:var(--thread-content-margin-xs,calc(var(--spacing)*4))] @w-sm\/main:[--thread-content-margin:var(--thread-content-margin-sm,calc(var(--spacing)*6))] @w-lg\/main:[--thread-content-margin:var(--thread-content-margin-lg,calc(var(--spacing)*16))] px-(--thread-content-margin)\">\n<div class=\"[--thread-content-max-width:40rem] @w-lg\/main:[--thread-content-max-width:48rem] mx-auto max-w-(--thread-content-max-width) flex-1 group\/turn-messages focus-visible:outline-hidden relative flex w-full min-w-0 flex-col agent-turn\">\n<div class=\"flex max-w-full flex-col gap-4 grow\">\n<div class=\"min-h-8 text-message relative flex w-full flex-col items-end gap-2 text-start break-words whitespace-normal outline-none keyboard-focused:focus-ring [.text-message+&amp;]:mt-1\" dir=\"auto\" tabindex=\"0\" data-message-author-role=\"assistant\" data-message-id=\"42d7127d-7fa8-4272-8f64-e68ef0b0addd\" data-message-model-slug=\"gpt-5-3\" data-turn-start-message=\"true\">\n<div class=\"flex w-full flex-col gap-1 empty:hidden\">\n<div class=\"markdown prose dark:prose-invert w-full wrap-break-word dark markdown-new-styling\">\n<p data-start=\"6164\" data-end=\"6362\"><span style=\"color: #000000;\">MiBoxer PUSH3-2 on moderni langaton valaistuksen ohjauspaneeli, joka tukee kahta itsen\u00e4ist\u00e4 aluetta ja on suunniteltu joustavaan ja helppoon valaistuksen hallintaan niin kodeissa kuin liiketiloissa.<\/span><\/p>\n<p data-start=\"6364\" data-end=\"6502\"><span style=\"color: #000000;\">2.4GHz RF -teknologian ansiosta paneeli tarjoaa vakaan ja viiveett\u00f6m\u00e4n yhteyden sek\u00e4 mahdollistaa valaistuksen ohjauksen ilman johdotusta.<\/span><\/p>\n<p data-start=\"6504\" data-end=\"6524\"><span style=\"color: #000000;\"><strong data-start=\"6504\" data-end=\"6524\">T\u00e4rkeimm\u00e4t edut:<\/strong><\/span><\/p>\n<p data-start=\"6526\" data-end=\"6623\"><span style=\"color: #000000;\">2 alueen ohjaus (2 GANG)<\/span><br data-start=\"6550\" data-end=\"6553\" \/><span style=\"color: #000000;\">Mahdollistaa kahden valaistusryhm\u00e4n erillisen ohjauksen \u2014 esimerkiksi:<\/span><\/p>\n<ul>\n<li data-start=\"6625\" data-end=\"6706\"><span style=\"color: #000000;\">p\u00e4\u00e4valo + korostusvalaistus<\/span><\/li>\n<li data-start=\"6625\" data-end=\"6706\"><span style=\"color: #000000;\">katto + syvennys<\/span><\/li>\n<li data-start=\"6625\" data-end=\"6706\"><span style=\"color: #000000;\">eri huoneet<\/span><\/li>\n<li data-start=\"6625\" data-end=\"6706\"><span style=\"color: #000000;\">kirkkauden s\u00e4\u00e4t\u00f6<\/span><\/li>\n<\/ul>\n<p data-start=\"6708\" data-end=\"6818\"><span style=\"color: #000000;\">T\u00e4ysin langaton toiminta (2.4GHz)<\/span><br data-start=\"6741\" data-end=\"6744\" \/><span style=\"color: #000000;\">Ei vaadi kaapelointia \u2014 t\u00e4ydellinen valmiisiin tiloihin ja remontteihin.<\/span><\/p>\n<p data-start=\"6820\" data-end=\"6928\"><span style=\"color: #000000;\">Portaaton kirkkauden s\u00e4\u00e4t\u00f6<\/span><br data-start=\"6846\" data-end=\"6849\" \/><span style=\"color: #000000;\">Tarkka himmennys ilman nyk\u00e4yksi\u00e4 \u2014 miellytt\u00e4v\u00e4 valaistus kaikkiin tarpeisiin.<\/span><\/p>\n<p data-start=\"6930\" data-end=\"6997\"><span style=\"color: #000000;\">Ohjauset\u00e4isyys jopa 30 metri\u00e4<\/span><br data-start=\"6959\" data-end=\"6962\" \/><span style=\"color: #000000;\">Vakaa signaali my\u00f6s seinien l\u00e4pi.<\/span><\/p>\n<p data-start=\"6999\" data-end=\"7071\"><span style=\"color: #000000;\">Korkea h\u00e4iri\u00f6nsietokyky<\/span><br data-start=\"7022\" data-end=\"7025\" \/><span style=\"color: #000000;\">Luotettava toiminta RF-teknologian ansiosta.<\/span><\/p>\n<p data-start=\"7073\" data-end=\"7153\"><span style=\"color: #000000;\">Minimalistinen premium-muotoilu<\/span><br data-start=\"7104\" data-end=\"7107\" \/><span style=\"color: #000000;\">Moderni paneeli sopii kaikkiin sisustuksiin.<\/span><\/p>\n<p data-start=\"7155\" data-end=\"7243\"><span style=\"color: #000000;\">Matala virrankulutus<\/span><br data-start=\"7175\" data-end=\"7178\" \/><span style=\"color: #000000;\">Toimii CR2032-paristolla \u2014 pitk\u00e4 k\u00e4ytt\u00f6ik\u00e4 ilman usein vaihtoa.<\/span><\/p>\n<p data-start=\"7245\" data-end=\"7331\"><span style=\"color: #000000;\">Rajoittamaton m\u00e4\u00e4r\u00e4 laitteita<\/span><br data-start=\"7274\" data-end=\"7277\" \/><span style=\"color: #000000;\">Jokaiselle alueelle voidaan liitt\u00e4\u00e4 useita ohjaimia.<\/span><\/p>\n<p data-start=\"7333\" data-end=\"7378\"><span style=\"color: #000000;\"><strong data-start=\"7333\" data-end=\"7378\">Kuinka yhdist\u00e4\u00e4 (paritus ohjaimen kanssa)<\/strong><\/span><\/p>\n<p data-start=\"7380\" data-end=\"7423\"><span style=\"color: #000000;\">Yhdist\u00e4minen kest\u00e4\u00e4 vain muutaman sekunnin:<\/span><\/p>\n<p data-start=\"7425\" data-end=\"7433\"><span style=\"color: #000000;\">Paritus:<\/span><\/p>\n<ol>\n<li data-start=\"7435\" data-end=\"7579\"><span style=\"color: #000000;\">Kytke LED-ohjain p\u00e4\u00e4lle (MiBoxer\/Mi-Light)<\/span><\/li>\n<li data-start=\"7435\" data-end=\"7579\"><span style=\"color: #000000;\">Paina 3 sekunnin kuluessa haluttua aluetta (vasen tai oikea)<\/span><\/li>\n<li data-start=\"7435\" data-end=\"7579\"><span style=\"color: #000000;\">Valo vilkkuu \u2014 laite on yhdistetty<\/span><\/li>\n<\/ol>\n<p data-start=\"7581\" data-end=\"7599\"><span style=\"color: #000000;\">Parituksen poisto:<\/span><\/p>\n<ol>\n<li data-start=\"7601\" data-end=\"7717\"><span style=\"color: #000000;\">Katkaise ohjaimen virta<\/span><\/li>\n<li data-start=\"7601\" data-end=\"7717\"><span style=\"color: #000000;\">Kytke uudelleen p\u00e4\u00e4lle<\/span><\/li>\n<li data-start=\"7601\" data-end=\"7717\"><span style=\"color: #000000;\">Paina aluepainiketta nopeasti useita kertoja (yleens\u00e4 5 kertaa)<\/span><\/li>\n<\/ol>\n<p data-start=\"7719\" data-end=\"7773\"><span style=\"color: #000000;\">Jokainen alue yhdistet\u00e4\u00e4n erikseen omaan ohjaimeensa<\/span><\/p>\n<p data-start=\"7775\" data-end=\"7792\"><span style=\"color: #000000;\"><strong data-start=\"7775\" data-end=\"7792\">K\u00e4ytt\u00f6kohteet<\/strong><\/span><\/p>\n<ul>\n<li data-start=\"7794\" data-end=\"8033\"><span style=\"color: #000000;\">Kiristyskatot ja jaettu valaistus<\/span><\/li>\n<li data-start=\"7794\" data-end=\"8033\"><span style=\"color: #000000;\">Syvennysten ja listojen valaistus<\/span><\/li>\n<li data-start=\"7794\" data-end=\"8033\"><span style=\"color: #000000;\">LED-profiilit ja lineaarinen valaistus<\/span><\/li>\n<li data-start=\"7794\" data-end=\"8033\"><span style=\"color: #000000;\">Kalusteiden ja seinien valaistus<\/span><\/li>\n<li data-start=\"7794\" data-end=\"8033\"><span style=\"color: #000000;\">Liiketilat (toimistot, salongit, myym\u00e4l\u00e4t)<\/span><\/li>\n<li data-start=\"7794\" data-end=\"8033\"><span style=\"color: #000000;\">Modernit valaistus- ja \u00e4lyvalaistusratkaisut<\/span><\/li>\n<\/ul>\n<p data-start=\"8035\" data-end=\"8055\"><span style=\"color: #000000;\"><strong data-start=\"8035\" data-end=\"8055\">Tekni<\/strong><strong data-start=\"8035\" data-end=\"8055\">set tiedot:<\/strong><\/span><\/p>\n<ul>\n<li data-start=\"8057\" data-end=\"8347\"><span style=\"color: #000000;\">Malli: PUSH3-2<\/span><\/li>\n<li data-start=\"8057\" data-end=\"8347\"><span style=\"color: #000000;\">Ohjaustyyppi: langaton paneeli (2 aluetta)<\/span><\/li>\n<li data-start=\"8057\" data-end=\"8347\"><span style=\"color: #000000;\">Yhteys: 2.4GHz RF<\/span><\/li>\n<li data-start=\"8057\" data-end=\"8347\"><span style=\"color: #000000;\">K\u00e4ytt\u00f6j\u00e4nnite: 3V (CR2032 paristo)<\/span><\/li>\n<li data-start=\"8057\" data-end=\"8347\"><span style=\"color: #000000;\">L\u00e4hetysteho: 6 dBm<\/span><\/li>\n<li data-start=\"8057\" data-end=\"8347\"><span style=\"color: #000000;\">Ohjauset\u00e4isyys: jopa 30 m<\/span><\/li>\n<li data-start=\"8057\" data-end=\"8347\"><span style=\"color: #000000;\">K\u00e4ytt\u00f6l\u00e4mp\u00f6tila: -10\u00b0C \u2013 +40\u00b0C<\/span><\/li>\n<li data-start=\"8057\" data-end=\"8347\"><span style=\"color: #000000;\">Valmiustilan kulutus: &lt;6 \u03bcA<\/span><\/li>\n<li data-start=\"8057\" data-end=\"8347\"><span style=\"color: #000000;\">Paneelin koko: 86\u00d786\u00d714.5 mm<\/span><\/li>\n<li data-start=\"8057\" data-end=\"8347\"><span style=\"color: #000000;\">Alueiden m\u00e4\u00e4r\u00e4: 2 (2 GANG)<\/span><\/li>\n<\/ul>\n<p data-start=\"8349\" data-end=\"8373\"><span style=\"color: #000000;\"><strong data-start=\"8349\" data-end=\"8373\">Miksi valita PUSH3-2<\/strong><\/span><\/p>\n<ul>\n<li data-start=\"8375\" data-end=\"8530\"><span style=\"color: #000000;\">Usean alueen ohjaus yhdest\u00e4 paneelista<\/span><\/li>\n<li data-start=\"8375\" data-end=\"8530\"><span style=\"color: #000000;\">Nopea asennus ilman johdotusta<\/span><\/li>\n<li data-start=\"8375\" data-end=\"8530\"><span style=\"color: #000000;\">Moderni ulkon\u00e4k\u00f6<\/span><\/li>\n<li data-start=\"8375\" data-end=\"8530\"><span style=\"color: #000000;\">Luotettava ja vakaa toiminta<\/span><\/li>\n<li data-start=\"8375\" data-end=\"8530\"><span style=\"color: #000000;\">Monipuolinen eri projekteihin<\/span><\/li>\n<\/ul>\n<p data-start=\"8532\" data-end=\"8685\"><span style=\"color: #000000;\">MiBoxer PUSH3-2 on k\u00e4tev\u00e4 ja teknologinen ratkaisu useiden valaistusalueiden hallintaan, joka tekee sisustuksesta toimivamman, modernimman ja mukavamman.<\/span><\/p>\n<\/div>\n<\/div>\n<\/div>\n<\/div>\n<\/div>\n<\/div>\n<\/section>\n<\/div>\n","protected":false},"excerpt":{"rendered":"<p>MiBoxer PUSH3-2 kosketushimmennin (2.4GHz) \u2014 moderni langaton valaistuksen ohjauspaneeli kahdella alueella. Mahdollistaa kahden valaistusryhm\u00e4n erillisen ohjauksen, portaattoman kirkkauden s\u00e4\u00e4d\u00f6n ja valaistusskenaarioiden luomisen ilman johdotusta. Vakaa yhteys jopa 30 m, helppo asennus ja yhteensopivuus MiBoxer-ohjainten kanssa tekev\u00e4t siit\u00e4 erinomaisen valinnan.<\/p>\n","protected":false},"featured_media":100470,"template":"","meta":[],"pwb-brand":[],"product_brand":[],"product_cat":[4200,4201,4199],"product_tag":[],"class_list":{"0":"post-100465","1":"product","2":"type-product","3":"status-publish","4":"has-post-thumbnail","6":"product_cat-kaukos-timet-ja-ohjauspaneelit","7":"product_cat-mi-light","8":"product_cat-valon-ohjaus","10":"first","11":"instock","12":"taxable","13":"shipping-taxable","14":"purchasable","15":"product-type-simple"},"yoast_head":"<!-- This site is optimized with the Yoast SEO plugin v27.2 - https:\/\/yoast.com\/product\/yoast-seo-wordpress\/ -->\n<title>MiBoxer 2GANG PUSH3-2 langaton valaistuksen ohjauspaneeli (2.4G) (RNS49) - SkyShop<\/title>\n<meta name=\"description\" content=\"Yksiv\u00e4risten LED-nauhojen tai LED-moduulien manuaaliseen ohjaukseen.\" \/>\n<meta name=\"robots\" content=\"index, follow, max-snippet:-1, max-image-preview:large, max-video-preview:-1\" \/>\n<link rel=\"canonical\" href=\"https:\/\/www.skyshop.ee\/fi\/tuote\/miboxer-2gang-push3-2-langaton-valaistuksen-ohjauspaneeli-2-4g-rns49-kopirovat\/\" \/>\n<meta property=\"og:locale\" content=\"fi_FI\" \/>\n<meta property=\"og:type\" content=\"article\" \/>\n<meta property=\"og:title\" content=\"MiBoxer 2GANG PUSH3-2 langaton valaistuksen ohjauspaneeli (2.4G) (RNS49) - SkyShop\" \/>\n<meta property=\"og:description\" content=\"Yksiv\u00e4risten LED-nauhojen tai LED-moduulien manuaaliseen ohjaukseen.\" \/>\n<meta property=\"og:url\" content=\"https:\/\/www.skyshop.ee\/fi\/tuote\/miboxer-2gang-push3-2-langaton-valaistuksen-ohjauspaneeli-2-4g-rns49-kopirovat\/\" \/>\n<meta property=\"og:site_name\" content=\"SkyShop\" \/>\n<meta property=\"article:publisher\" content=\"https:\/\/www.facebook.com\/skystyle.eu\" \/>\n<meta property=\"article:modified_time\" content=\"2026-04-17T16:29:39+00:00\" \/>\n<meta property=\"og:image\" content=\"https:\/\/www.skyshop.ee\/wp-content\/uploads\/2026\/04\/ESW2-2-gang-smart.webp\" \/>\n\t<meta property=\"og:image:width\" content=\"1000\" \/>\n\t<meta property=\"og:image:height\" content=\"1000\" \/>\n\t<meta property=\"og:image:type\" content=\"image\/webp\" \/>\n<meta name=\"twitter:card\" content=\"summary_large_image\" \/>\n<meta name=\"twitter:label1\" content=\"Est. reading time\" \/>\n\t<meta name=\"twitter:data1\" content=\"2 minutes\" \/>\n<script type=\"application\/ld+json\" class=\"yoast-schema-graph\">{\"@context\":\"https:\/\/schema.org\",\"@graph\":[{\"@type\":\"WebPage\",\"@id\":\"https:\/\/www.skyshop.ee\/fi\/tuote\/miboxer-2gang-push3-2-langaton-valaistuksen-ohjauspaneeli-2-4g-rns49-kopirovat\/\",\"url\":\"https:\/\/www.skyshop.ee\/fi\/tuote\/miboxer-2gang-push3-2-langaton-valaistuksen-ohjauspaneeli-2-4g-rns49-kopirovat\/\",\"name\":\"MiBoxer 2GANG PUSH3-2 langaton valaistuksen ohjauspaneeli (2.4G) (RNS49) - SkyShop\",\"isPartOf\":{\"@id\":\"https:\/\/www.skyshop.ee\/fi\/#website\"},\"primaryImageOfPage\":{\"@id\":\"https:\/\/www.skyshop.ee\/fi\/tuote\/miboxer-2gang-push3-2-langaton-valaistuksen-ohjauspaneeli-2-4g-rns49-kopirovat\/#primaryimage\"},\"image\":{\"@id\":\"https:\/\/www.skyshop.ee\/fi\/tuote\/miboxer-2gang-push3-2-langaton-valaistuksen-ohjauspaneeli-2-4g-rns49-kopirovat\/#primaryimage\"},\"thumbnailUrl\":\"https:\/\/www.skyshop.ee\/wp-content\/uploads\/2026\/04\/ESW2-2-gang-smart.webp\",\"datePublished\":\"2026-04-02T07:09:13+00:00\",\"dateModified\":\"2026-04-17T16:29:39+00:00\",\"description\":\"Yksiv\u00e4risten LED-nauhojen tai LED-moduulien manuaaliseen ohjaukseen.\",\"breadcrumb\":{\"@id\":\"https:\/\/www.skyshop.ee\/fi\/tuote\/miboxer-2gang-push3-2-langaton-valaistuksen-ohjauspaneeli-2-4g-rns49-kopirovat\/#breadcrumb\"},\"inLanguage\":\"fi-FI\",\"potentialAction\":[{\"@type\":\"ReadAction\",\"target\":[\"https:\/\/www.skyshop.ee\/fi\/tuote\/miboxer-2gang-push3-2-langaton-valaistuksen-ohjauspaneeli-2-4g-rns49-kopirovat\/\"]}]},{\"@type\":\"ImageObject\",\"inLanguage\":\"fi-FI\",\"@id\":\"https:\/\/www.skyshop.ee\/fi\/tuote\/miboxer-2gang-push3-2-langaton-valaistuksen-ohjauspaneeli-2-4g-rns49-kopirovat\/#primaryimage\",\"url\":\"https:\/\/www.skyshop.ee\/wp-content\/uploads\/2026\/04\/ESW2-2-gang-smart.webp\",\"contentUrl\":\"https:\/\/www.skyshop.ee\/wp-content\/uploads\/2026\/04\/ESW2-2-gang-smart.webp\",\"width\":1000,\"height\":1000},{\"@type\":\"BreadcrumbList\",\"@id\":\"https:\/\/www.skyshop.ee\/fi\/tuote\/miboxer-2gang-push3-2-langaton-valaistuksen-ohjauspaneeli-2-4g-rns49-kopirovat\/#breadcrumb\",\"itemListElement\":[{\"@type\":\"ListItem\",\"position\":1,\"name\":\"\u0413\u043b\u0430\u0432\u043d\u0430\u044f\",\"item\":\"https:\/\/www.skyshop.ee\/fi\/\"},{\"@type\":\"ListItem\",\"position\":2,\"name\":\"MiBoxer 2GANG PUSH3-2 langaton valaistuksen ohjauspaneeli (2.4G) (RNS49)\"}]},{\"@type\":\"WebSite\",\"@id\":\"https:\/\/www.skyshop.ee\/fi\/#website\",\"url\":\"https:\/\/www.skyshop.ee\/fi\/\",\"name\":\"SkyShop\",\"description\":\"Pinglaed ja tarvikud\",\"publisher\":{\"@id\":\"https:\/\/www.skyshop.ee\/fi\/#organization\"},\"potentialAction\":[{\"@type\":\"SearchAction\",\"target\":{\"@type\":\"EntryPoint\",\"urlTemplate\":\"https:\/\/www.skyshop.ee\/fi\/?s={search_term_string}\"},\"query-input\":{\"@type\":\"PropertyValueSpecification\",\"valueRequired\":true,\"valueName\":\"search_term_string\"}}],\"inLanguage\":\"fi-FI\"},{\"@type\":\"Organization\",\"@id\":\"https:\/\/www.skyshop.ee\/fi\/#organization\",\"name\":\"Skystyle O\u00dc\",\"url\":\"https:\/\/www.skyshop.ee\/fi\/\",\"logo\":{\"@type\":\"ImageObject\",\"inLanguage\":\"fi-FI\",\"@id\":\"https:\/\/www.skyshop.ee\/fi\/#\/schema\/logo\/image\/\",\"url\":\"https:\/\/www.skyshop.ee\/wp-content\/uploads\/2023\/05\/skyshop_logo.png\",\"contentUrl\":\"https:\/\/www.skyshop.ee\/wp-content\/uploads\/2023\/05\/skyshop_logo.png\",\"width\":3329,\"height\":1229,\"caption\":\"Skystyle O\u00dc\"},\"image\":{\"@id\":\"https:\/\/www.skyshop.ee\/fi\/#\/schema\/logo\/image\/\"},\"sameAs\":[\"https:\/\/www.facebook.com\/skystyle.eu\"]}]}<\/script>\n<!-- \/ Yoast SEO plugin. -->","yoast_head_json":{"title":"MiBoxer 2GANG PUSH3-2 langaton valaistuksen ohjauspaneeli (2.4G) (RNS49) - SkyShop","description":"Yksiv\u00e4risten LED-nauhojen tai LED-moduulien manuaaliseen ohjaukseen.","robots":{"index":"index","follow":"follow","max-snippet":"max-snippet:-1","max-image-preview":"max-image-preview:large","max-video-preview":"max-video-preview:-1"},"canonical":"https:\/\/www.skyshop.ee\/fi\/tuote\/miboxer-2gang-push3-2-langaton-valaistuksen-ohjauspaneeli-2-4g-rns49-kopirovat\/","og_locale":"fi_FI","og_type":"article","og_title":"MiBoxer 2GANG PUSH3-2 langaton valaistuksen ohjauspaneeli (2.4G) (RNS49) - SkyShop","og_description":"Yksiv\u00e4risten LED-nauhojen tai LED-moduulien manuaaliseen ohjaukseen.","og_url":"https:\/\/www.skyshop.ee\/fi\/tuote\/miboxer-2gang-push3-2-langaton-valaistuksen-ohjauspaneeli-2-4g-rns49-kopirovat\/","og_site_name":"SkyShop","article_publisher":"https:\/\/www.facebook.com\/skystyle.eu","article_modified_time":"2026-04-17T16:29:39+00:00","og_image":[{"width":1000,"height":1000,"url":"https:\/\/www.skyshop.ee\/wp-content\/uploads\/2026\/04\/ESW2-2-gang-smart.webp","type":"image\/webp"}],"twitter_card":"summary_large_image","twitter_misc":{"Est. reading time":"2 minutes"},"schema":{"@context":"https:\/\/schema.org","@graph":[{"@type":"WebPage","@id":"https:\/\/www.skyshop.ee\/fi\/tuote\/miboxer-2gang-push3-2-langaton-valaistuksen-ohjauspaneeli-2-4g-rns49-kopirovat\/","url":"https:\/\/www.skyshop.ee\/fi\/tuote\/miboxer-2gang-push3-2-langaton-valaistuksen-ohjauspaneeli-2-4g-rns49-kopirovat\/","name":"MiBoxer 2GANG PUSH3-2 langaton valaistuksen ohjauspaneeli (2.4G) (RNS49) - SkyShop","isPartOf":{"@id":"https:\/\/www.skyshop.ee\/fi\/#website"},"primaryImageOfPage":{"@id":"https:\/\/www.skyshop.ee\/fi\/tuote\/miboxer-2gang-push3-2-langaton-valaistuksen-ohjauspaneeli-2-4g-rns49-kopirovat\/#primaryimage"},"image":{"@id":"https:\/\/www.skyshop.ee\/fi\/tuote\/miboxer-2gang-push3-2-langaton-valaistuksen-ohjauspaneeli-2-4g-rns49-kopirovat\/#primaryimage"},"thumbnailUrl":"https:\/\/www.skyshop.ee\/wp-content\/uploads\/2026\/04\/ESW2-2-gang-smart.webp","datePublished":"2026-04-02T07:09:13+00:00","dateModified":"2026-04-17T16:29:39+00:00","description":"Yksiv\u00e4risten LED-nauhojen tai LED-moduulien manuaaliseen ohjaukseen.","breadcrumb":{"@id":"https:\/\/www.skyshop.ee\/fi\/tuote\/miboxer-2gang-push3-2-langaton-valaistuksen-ohjauspaneeli-2-4g-rns49-kopirovat\/#breadcrumb"},"inLanguage":"fi-FI","potentialAction":[{"@type":"ReadAction","target":["https:\/\/www.skyshop.ee\/fi\/tuote\/miboxer-2gang-push3-2-langaton-valaistuksen-ohjauspaneeli-2-4g-rns49-kopirovat\/"]}]},{"@type":"ImageObject","inLanguage":"fi-FI","@id":"https:\/\/www.skyshop.ee\/fi\/tuote\/miboxer-2gang-push3-2-langaton-valaistuksen-ohjauspaneeli-2-4g-rns49-kopirovat\/#primaryimage","url":"https:\/\/www.skyshop.ee\/wp-content\/uploads\/2026\/04\/ESW2-2-gang-smart.webp","contentUrl":"https:\/\/www.skyshop.ee\/wp-content\/uploads\/2026\/04\/ESW2-2-gang-smart.webp","width":1000,"height":1000},{"@type":"BreadcrumbList","@id":"https:\/\/www.skyshop.ee\/fi\/tuote\/miboxer-2gang-push3-2-langaton-valaistuksen-ohjauspaneeli-2-4g-rns49-kopirovat\/#breadcrumb","itemListElement":[{"@type":"ListItem","position":1,"name":"\u0413\u043b\u0430\u0432\u043d\u0430\u044f","item":"https:\/\/www.skyshop.ee\/fi\/"},{"@type":"ListItem","position":2,"name":"MiBoxer 2GANG PUSH3-2 langaton valaistuksen ohjauspaneeli (2.4G) (RNS49)"}]},{"@type":"WebSite","@id":"https:\/\/www.skyshop.ee\/fi\/#website","url":"https:\/\/www.skyshop.ee\/fi\/","name":"SkyShop","description":"Pinglaed ja tarvikud","publisher":{"@id":"https:\/\/www.skyshop.ee\/fi\/#organization"},"potentialAction":[{"@type":"SearchAction","target":{"@type":"EntryPoint","urlTemplate":"https:\/\/www.skyshop.ee\/fi\/?s={search_term_string}"},"query-input":{"@type":"PropertyValueSpecification","valueRequired":true,"valueName":"search_term_string"}}],"inLanguage":"fi-FI"},{"@type":"Organization","@id":"https:\/\/www.skyshop.ee\/fi\/#organization","name":"Skystyle O\u00dc","url":"https:\/\/www.skyshop.ee\/fi\/","logo":{"@type":"ImageObject","inLanguage":"fi-FI","@id":"https:\/\/www.skyshop.ee\/fi\/#\/schema\/logo\/image\/","url":"https:\/\/www.skyshop.ee\/wp-content\/uploads\/2023\/05\/skyshop_logo.png","contentUrl":"https:\/\/www.skyshop.ee\/wp-content\/uploads\/2023\/05\/skyshop_logo.png","width":3329,"height":1229,"caption":"Skystyle O\u00dc"},"image":{"@id":"https:\/\/www.skyshop.ee\/fi\/#\/schema\/logo\/image\/"},"sameAs":["https:\/\/www.facebook.com\/skystyle.eu"]}]}},"brands":[],"_links":{"self":[{"href":"https:\/\/www.skyshop.ee\/fi\/wp-json\/wp\/v2\/product\/100465","targetHints":{"allow":["GET"]}}],"collection":[{"href":"https:\/\/www.skyshop.ee\/fi\/wp-json\/wp\/v2\/product"}],"about":[{"href":"https:\/\/www.skyshop.ee\/fi\/wp-json\/wp\/v2\/types\/product"}],"wp:featuredmedia":[{"embeddable":true,"href":"https:\/\/www.skyshop.ee\/fi\/wp-json\/wp\/v2\/media\/100470"}],"wp:attachment":[{"href":"https:\/\/www.skyshop.ee\/fi\/wp-json\/wp\/v2\/media?parent=100465"}],"wp:term":[{"taxonomy":"pwb-brand","embeddable":true,"href":"https:\/\/www.skyshop.ee\/fi\/wp-json\/wp\/v2\/pwb-brand?post=100465"},{"taxonomy":"product_brand","embeddable":true,"href":"https:\/\/www.skyshop.ee\/fi\/wp-json\/wp\/v2\/product_brand?post=100465"},{"taxonomy":"product_cat","embeddable":true,"href":"https:\/\/www.skyshop.ee\/fi\/wp-json\/wp\/v2\/product_cat?post=100465"},{"taxonomy":"product_tag","embeddable":true,"href":"https:\/\/www.skyshop.ee\/fi\/wp-json\/wp\/v2\/product_tag?post=100465"}],"curies":[{"name":"wp","href":"https:\/\/api.w.org\/{rel}","templated":true}]}}