{"id":98169,"date":"2026-01-09T12:16:57","date_gmt":"2026-01-09T10:16:57","guid":{"rendered":"https:\/\/www.skyshop.ee\/?post_type=product&#038;p=98169"},"modified":"2026-01-09T12:24:24","modified_gmt":"2026-01-09T10:24:24","slug":"gas-heater-unicraft-ghg-30","status":"publish","type":"product","link":"https:\/\/www.skyshop.ee\/en\/product\/gas-heater-unicraft-ghg-30\/","title":{"rendered":"Gas Heater Unicraft GHG 30"},"content":{"rendered":"<p data-start=\"984\" data-end=\"1098\"><span class=\"relative -mx-px my-[-0.2rem] rounded px-px py-[0.2rem] transition-colors duration-100 ease-in-out\">Ideal for large, well-ventilated spaces. Only an electrical outlet and a propane gas cylinder are needed to operate. The heater delivers rapid warmth with high heating capacity, encased in a robust metal housing. It features safety functions including overheating protection (gas supply stops while the fan continues to cool) and flame-failure protection (integrated temperature sensor prevents unburned gas escape). Simple push-button ignition. Not suitable as a primary heat source.<\/span><\/p>\n<p data-start=\"1100\" data-end=\"1131\"><strong data-start=\"1100\" data-end=\"1129\">Technical specifications:<\/strong><\/p>\n<ul>\n<li data-start=\"1134\" data-end=\"1175\"><span class=\"relative -mx-px my-[-0.2rem] rounded px-px py-[0.2rem] transition-colors duration-100 ease-in-out\">Heating capacity: 18\u201330\u202fkW<\/span><\/li>\n<li data-start=\"1178\" data-end=\"1219\"><span class=\"relative -mx-px my-[-0.2rem] rounded px-px py-[0.2rem] transition-colors duration-100 ease-in-out\">Fan airflow: 1000\u202fm\u00b3\/h<\/span><\/li>\n<li data-start=\"1222\" data-end=\"1263\"><span class=\"relative -mx-px my-[-0.2rem] rounded px-px py-[0.2rem] transition-colors duration-100 ease-in-out\">Heating levels: infinitely variable<\/span><\/li>\n<li data-start=\"1266\" data-end=\"1307\"><span class=\"relative -mx-px my-[-0.2rem] rounded px-px py-[0.2rem] transition-colors duration-100 ease-in-out\">Fuel consumption: 1.3\u20132.18\u202fkg\/h<\/span><\/li>\n<li data-start=\"1310\" data-end=\"1351\"><span class=\"relative -mx-px my-[-0.2rem] rounded px-px py-[0.2rem] transition-colors duration-100 ease-in-out\">Protection class: IPX4<\/span><\/li>\n<li data-start=\"1354\" data-end=\"1395\"><span class=\"relative -mx-px my-[-0.2rem] rounded px-px py-[0.2rem] transition-colors duration-100 ease-in-out\">Electrical power: 70W <\/span><\/li>\n<li data-start=\"1354\" data-end=\"1395\"><span class=\"relative -mx-px my-[-0.2rem] rounded px-px py-[0.2rem] transition-colors duration-100 ease-in-out\">Supply voltage: 230V <\/span><\/li>\n<li data-start=\"1354\" data-end=\"1395\"><span class=\"relative -mx-px my-[-0.2rem] rounded px-px py-[0.2rem] transition-colors duration-100 ease-in-out\">Mains frequency: 50\u202fHz<\/span><\/li>\n<li data-start=\"1398\" data-end=\"1439\"><span class=\"relative -mx-px my-[-0.2rem] rounded px-px py-[0.2rem] transition-colors duration-100 ease-in-out\">Noise level: 63\u202fdB(A)<\/span><\/li>\n<li data-start=\"1442\" data-end=\"1483\"><span class=\"relative -mx-px my-[-0.2rem] rounded px-px py-[0.2rem] transition-colors duration-100 ease-in-out\">Dimensions (L\u00d7W\u00d7H): 465 \u00d7 245 \u00d7 385\u202fmm<\/span><\/li>\n<li data-start=\"1486\" data-end=\"1527\"><span class=\"relative -mx-px my-[-0.2rem] rounded px-px py-[0.2rem] transition-colors duration-100 ease-in-out\">Net weight: approx. 5.9\u202fkg<\/span><\/li>\n<li data-start=\"1530\" data-end=\"1609\"><span class=\"relative -mx-px my-[-0.2rem] rounded px-px py-[0.2rem] transition-colors duration-100 ease-in-out\">Scope of delivery includes: standard pressure regulator (common in Germany\/Austria), 1.5\u202fm gas hose, cable and CEE\u202f7\/4 plug<\/span><\/li>\n<\/ul>\n<p data-start=\"1611\" data-end=\"1628\"><strong data-start=\"1611\" data-end=\"1626\">Advantages:<\/strong><\/p>\n<ul>\n<li data-start=\"1631\" data-end=\"1672\"><span class=\"relative -mx-px my-[-0.2rem] rounded px-px py-[0.2rem] transition-colors duration-100 ease-in-out\">High heating output for fast warming<\/span><\/li>\n<li data-start=\"1675\" data-end=\"1716\"><span class=\"relative -mx-px my-[-0.2rem] rounded px-px py-[0.2rem] transition-colors duration-100 ease-in-out\">Durable metal construction<\/span><\/li>\n<li data-start=\"1719\" data-end=\"1760\"><span class=\"relative -mx-px my-[-0.2rem] rounded px-px py-[0.2rem] transition-colors duration-100 ease-in-out\">Comprehensive safety features\u2014overheat cutoff and flame-failure protection<\/span><\/li>\n<li data-start=\"1763\" data-end=\"1804\"><span class=\"relative -mx-px my-[-0.2rem] rounded px-px py-[0.2rem] transition-colors duration-100 ease-in-out\">Easy push-button ignition<\/span><\/li>\n<li data-start=\"1807\" data-end=\"1846\"><span class=\"relative -mx-px my-[-0.2rem] rounded px-px py-[0.2rem] transition-colors duration-100 ease-in-out\">Simple setup\u2014just plug in and attach propane tank<\/span><\/li>\n<\/ul>\n","protected":false},"excerpt":{"rendered":"<p data-start=\"1848\" data-end=\"1912\"><span class=\"relative -mx-px my-[-0.2rem] rounded px-px py-[0.2rem] transition-colors duration-100 ease-in-out\">The Unicraft GHG\u202f30 is a powerful gas-powered radiant heater with fan assistance and safety measures, perfect for quickly heating large, ventilated spaces.<\/span><\/p>\n","protected":false},"featured_media":98180,"template":"","meta":[],"pwb-brand":[],"product_brand":[],"product_cat":[3934],"product_tag":[],"class_list":{"0":"post-98169","1":"product","2":"type-product","3":"status-publish","4":"has-post-thumbnail","6":"product_cat-tool-rental","8":"first","9":"instock","10":"taxable","11":"shipping-taxable","12":"purchasable","13":"product-type-simple"},"yoast_head":"<!-- This site is optimized with the Yoast SEO plugin v27.2 - https:\/\/yoast.com\/product\/yoast-seo-wordpress\/ -->\n<title>Gas Heater Unicraft GHG 30 - SkyShop<\/title>\n<meta name=\"robots\" content=\"index, follow, max-snippet:-1, max-image-preview:large, max-video-preview:-1\" \/>\n<link rel=\"canonical\" href=\"https:\/\/www.skyshop.ee\/en\/product\/gas-heater-unicraft-ghg-30\/\" \/>\n<meta property=\"og:locale\" content=\"en_US\" \/>\n<meta property=\"og:type\" content=\"article\" \/>\n<meta property=\"og:title\" content=\"Gas Heater Unicraft GHG 30 - SkyShop\" \/>\n<meta property=\"og:description\" content=\"The Unicraft GHG\u202f30 is a powerful gas-powered radiant heater with fan assistance and safety measures, perfect for quickly heating large, ventilated spaces.\" \/>\n<meta property=\"og:url\" content=\"https:\/\/www.skyshop.ee\/en\/product\/gas-heater-unicraft-ghg-30\/\" \/>\n<meta property=\"og:site_name\" content=\"SkyShop\" \/>\n<meta property=\"article:publisher\" content=\"https:\/\/www.facebook.com\/skystyle.eu\" \/>\n<meta property=\"article:modified_time\" content=\"2026-01-09T10:24:24+00:00\" \/>\n<meta property=\"og:image\" content=\"https:\/\/www.skyshop.ee\/wp-content\/uploads\/2025\/08\/csm_JrE36BPHmFwAjM_Rpk2KH3G9JEAiCjTKXxSizk84GtU__ec779a72d7.jpg\" \/>\n\t<meta property=\"og:image:width\" content=\"500\" \/>\n\t<meta property=\"og:image:height\" content=\"500\" \/>\n\t<meta property=\"og:image:type\" content=\"image\/jpeg\" \/>\n<meta name=\"twitter:card\" content=\"summary_large_image\" \/>\n<meta name=\"twitter:label1\" content=\"Est. reading time\" \/>\n\t<meta name=\"twitter:data1\" content=\"1 minute\" \/>\n<script type=\"application\/ld+json\" class=\"yoast-schema-graph\">{\"@context\":\"https:\/\/schema.org\",\"@graph\":[{\"@type\":\"WebPage\",\"@id\":\"https:\/\/www.skyshop.ee\/en\/product\/gas-heater-unicraft-ghg-30\/\",\"url\":\"https:\/\/www.skyshop.ee\/en\/product\/gas-heater-unicraft-ghg-30\/\",\"name\":\"Gas Heater Unicraft GHG 30 - SkyShop\",\"isPartOf\":{\"@id\":\"https:\/\/www.skyshop.ee\/en\/#website\"},\"primaryImageOfPage\":{\"@id\":\"https:\/\/www.skyshop.ee\/en\/product\/gas-heater-unicraft-ghg-30\/#primaryimage\"},\"image\":{\"@id\":\"https:\/\/www.skyshop.ee\/en\/product\/gas-heater-unicraft-ghg-30\/#primaryimage\"},\"thumbnailUrl\":\"https:\/\/www.skyshop.ee\/wp-content\/uploads\/2026\/01\/GH30R_1.png\",\"datePublished\":\"2026-01-09T10:16:57+00:00\",\"dateModified\":\"2026-01-09T10:24:24+00:00\",\"breadcrumb\":{\"@id\":\"https:\/\/www.skyshop.ee\/en\/product\/gas-heater-unicraft-ghg-30\/#breadcrumb\"},\"inLanguage\":\"en-US\",\"potentialAction\":[{\"@type\":\"ReadAction\",\"target\":[\"https:\/\/www.skyshop.ee\/en\/product\/gas-heater-unicraft-ghg-30\/\"]}]},{\"@type\":\"ImageObject\",\"inLanguage\":\"en-US\",\"@id\":\"https:\/\/www.skyshop.ee\/en\/product\/gas-heater-unicraft-ghg-30\/#primaryimage\",\"url\":\"https:\/\/www.skyshop.ee\/wp-content\/uploads\/2026\/01\/GH30R_1.png\",\"contentUrl\":\"https:\/\/www.skyshop.ee\/wp-content\/uploads\/2026\/01\/GH30R_1.png\",\"width\":1000,\"height\":1000},{\"@type\":\"BreadcrumbList\",\"@id\":\"https:\/\/www.skyshop.ee\/en\/product\/gas-heater-unicraft-ghg-30\/#breadcrumb\",\"itemListElement\":[{\"@type\":\"ListItem\",\"position\":1,\"name\":\"\u0413\u043b\u0430\u0432\u043d\u0430\u044f\",\"item\":\"https:\/\/www.skyshop.ee\/en\/\"},{\"@type\":\"ListItem\",\"position\":2,\"name\":\"Gas Heater Unicraft GHG 30\"}]},{\"@type\":\"WebSite\",\"@id\":\"https:\/\/www.skyshop.ee\/en\/#website\",\"url\":\"https:\/\/www.skyshop.ee\/en\/\",\"name\":\"SkyShop\",\"description\":\"Pinglaed ja tarvikud\",\"publisher\":{\"@id\":\"https:\/\/www.skyshop.ee\/en\/#organization\"},\"potentialAction\":[{\"@type\":\"SearchAction\",\"target\":{\"@type\":\"EntryPoint\",\"urlTemplate\":\"https:\/\/www.skyshop.ee\/en\/?s={search_term_string}\"},\"query-input\":{\"@type\":\"PropertyValueSpecification\",\"valueRequired\":true,\"valueName\":\"search_term_string\"}}],\"inLanguage\":\"en-US\"},{\"@type\":\"Organization\",\"@id\":\"https:\/\/www.skyshop.ee\/en\/#organization\",\"name\":\"Skystyle O\u00dc\",\"url\":\"https:\/\/www.skyshop.ee\/en\/\",\"logo\":{\"@type\":\"ImageObject\",\"inLanguage\":\"en-US\",\"@id\":\"https:\/\/www.skyshop.ee\/en\/#\/schema\/logo\/image\/\",\"url\":\"https:\/\/www.skyshop.ee\/wp-content\/uploads\/2023\/05\/skyshop_logo.png\",\"contentUrl\":\"https:\/\/www.skyshop.ee\/wp-content\/uploads\/2023\/05\/skyshop_logo.png\",\"width\":3329,\"height\":1229,\"caption\":\"Skystyle O\u00dc\"},\"image\":{\"@id\":\"https:\/\/www.skyshop.ee\/en\/#\/schema\/logo\/image\/\"},\"sameAs\":[\"https:\/\/www.facebook.com\/skystyle.eu\"]}]}<\/script>\n<!-- \/ Yoast SEO plugin. -->","yoast_head_json":{"title":"Gas Heater Unicraft GHG 30 - SkyShop","robots":{"index":"index","follow":"follow","max-snippet":"max-snippet:-1","max-image-preview":"max-image-preview:large","max-video-preview":"max-video-preview:-1"},"canonical":"https:\/\/www.skyshop.ee\/en\/product\/gas-heater-unicraft-ghg-30\/","og_locale":"en_US","og_type":"article","og_title":"Gas Heater Unicraft GHG 30 - SkyShop","og_description":"The Unicraft GHG\u202f30 is a powerful gas-powered radiant heater with fan assistance and safety measures, perfect for quickly heating large, ventilated spaces.","og_url":"https:\/\/www.skyshop.ee\/en\/product\/gas-heater-unicraft-ghg-30\/","og_site_name":"SkyShop","article_publisher":"https:\/\/www.facebook.com\/skystyle.eu","article_modified_time":"2026-01-09T10:24:24+00:00","og_image":[{"width":500,"height":500,"url":"https:\/\/www.skyshop.ee\/wp-content\/uploads\/2025\/08\/csm_JrE36BPHmFwAjM_Rpk2KH3G9JEAiCjTKXxSizk84GtU__ec779a72d7.jpg","type":"image\/jpeg"}],"twitter_card":"summary_large_image","twitter_misc":{"Est. reading time":"1 minute"},"schema":{"@context":"https:\/\/schema.org","@graph":[{"@type":"WebPage","@id":"https:\/\/www.skyshop.ee\/en\/product\/gas-heater-unicraft-ghg-30\/","url":"https:\/\/www.skyshop.ee\/en\/product\/gas-heater-unicraft-ghg-30\/","name":"Gas Heater Unicraft GHG 30 - SkyShop","isPartOf":{"@id":"https:\/\/www.skyshop.ee\/en\/#website"},"primaryImageOfPage":{"@id":"https:\/\/www.skyshop.ee\/en\/product\/gas-heater-unicraft-ghg-30\/#primaryimage"},"image":{"@id":"https:\/\/www.skyshop.ee\/en\/product\/gas-heater-unicraft-ghg-30\/#primaryimage"},"thumbnailUrl":"https:\/\/www.skyshop.ee\/wp-content\/uploads\/2026\/01\/GH30R_1.png","datePublished":"2026-01-09T10:16:57+00:00","dateModified":"2026-01-09T10:24:24+00:00","breadcrumb":{"@id":"https:\/\/www.skyshop.ee\/en\/product\/gas-heater-unicraft-ghg-30\/#breadcrumb"},"inLanguage":"en-US","potentialAction":[{"@type":"ReadAction","target":["https:\/\/www.skyshop.ee\/en\/product\/gas-heater-unicraft-ghg-30\/"]}]},{"@type":"ImageObject","inLanguage":"en-US","@id":"https:\/\/www.skyshop.ee\/en\/product\/gas-heater-unicraft-ghg-30\/#primaryimage","url":"https:\/\/www.skyshop.ee\/wp-content\/uploads\/2026\/01\/GH30R_1.png","contentUrl":"https:\/\/www.skyshop.ee\/wp-content\/uploads\/2026\/01\/GH30R_1.png","width":1000,"height":1000},{"@type":"BreadcrumbList","@id":"https:\/\/www.skyshop.ee\/en\/product\/gas-heater-unicraft-ghg-30\/#breadcrumb","itemListElement":[{"@type":"ListItem","position":1,"name":"\u0413\u043b\u0430\u0432\u043d\u0430\u044f","item":"https:\/\/www.skyshop.ee\/en\/"},{"@type":"ListItem","position":2,"name":"Gas Heater Unicraft GHG 30"}]},{"@type":"WebSite","@id":"https:\/\/www.skyshop.ee\/en\/#website","url":"https:\/\/www.skyshop.ee\/en\/","name":"SkyShop","description":"Pinglaed ja tarvikud","publisher":{"@id":"https:\/\/www.skyshop.ee\/en\/#organization"},"potentialAction":[{"@type":"SearchAction","target":{"@type":"EntryPoint","urlTemplate":"https:\/\/www.skyshop.ee\/en\/?s={search_term_string}"},"query-input":{"@type":"PropertyValueSpecification","valueRequired":true,"valueName":"search_term_string"}}],"inLanguage":"en-US"},{"@type":"Organization","@id":"https:\/\/www.skyshop.ee\/en\/#organization","name":"Skystyle O\u00dc","url":"https:\/\/www.skyshop.ee\/en\/","logo":{"@type":"ImageObject","inLanguage":"en-US","@id":"https:\/\/www.skyshop.ee\/en\/#\/schema\/logo\/image\/","url":"https:\/\/www.skyshop.ee\/wp-content\/uploads\/2023\/05\/skyshop_logo.png","contentUrl":"https:\/\/www.skyshop.ee\/wp-content\/uploads\/2023\/05\/skyshop_logo.png","width":3329,"height":1229,"caption":"Skystyle O\u00dc"},"image":{"@id":"https:\/\/www.skyshop.ee\/en\/#\/schema\/logo\/image\/"},"sameAs":["https:\/\/www.facebook.com\/skystyle.eu"]}]}},"brands":[],"_links":{"self":[{"href":"https:\/\/www.skyshop.ee\/en\/wp-json\/wp\/v2\/product\/98169","targetHints":{"allow":["GET"]}}],"collection":[{"href":"https:\/\/www.skyshop.ee\/en\/wp-json\/wp\/v2\/product"}],"about":[{"href":"https:\/\/www.skyshop.ee\/en\/wp-json\/wp\/v2\/types\/product"}],"wp:featuredmedia":[{"embeddable":true,"href":"https:\/\/www.skyshop.ee\/en\/wp-json\/wp\/v2\/media\/98180"}],"wp:attachment":[{"href":"https:\/\/www.skyshop.ee\/en\/wp-json\/wp\/v2\/media?parent=98169"}],"wp:term":[{"taxonomy":"pwb-brand","embeddable":true,"href":"https:\/\/www.skyshop.ee\/en\/wp-json\/wp\/v2\/pwb-brand?post=98169"},{"taxonomy":"product_brand","embeddable":true,"href":"https:\/\/www.skyshop.ee\/en\/wp-json\/wp\/v2\/product_brand?post=98169"},{"taxonomy":"product_cat","embeddable":true,"href":"https:\/\/www.skyshop.ee\/en\/wp-json\/wp\/v2\/product_cat?post=98169"},{"taxonomy":"product_tag","embeddable":true,"href":"https:\/\/www.skyshop.ee\/en\/wp-json\/wp\/v2\/product_tag?post=98169"}],"curies":[{"name":"wp","href":"https:\/\/api.w.org\/{rel}","templated":true}]}}