{"id":94250,"date":"2024-02-28T13:54:45","date_gmt":"2024-02-28T11:54:45","guid":{"rendered":"https:\/\/www.skyshop.ee\/product\/4-5-35-wurth-pz2-kruvi-500-tk-art-019864535-w59\/"},"modified":"2025-08-26T16:39:16","modified_gmt":"2025-08-26T13:39:16","slug":"4-5-35-wurth-pz2-kruvi-500-tk-art-019864535-w59","status":"publish","type":"product","link":"https:\/\/www.skyshop.ee\/en\/product\/4-5-35-wurth-pz2-kruvi-500-tk-art-019864535-w59\/","title":{"rendered":"4.5\u00d735 W\u00dcRTH PZ2 Kruvi 500 tk Art. 019864535 (W59)"},"content":{"rendered":"<p data-start=\"806\" data-end=\"1006\">W\u00dcRTH kruvid PZ2 peaga on valmistatud tsingitud terasest ning m\u00f5eldud puitkonstruktsioonide kinnitamiseks. 35 mm pikkus muudab need sobivaks \u00f5hemate detailide ja keskmise s\u00fcgavusega \u00fchenduste jaoks.<\/p>\n<p data-start=\"1008\" data-end=\"1032\"><strong data-start=\"1008\" data-end=\"1030\">Tehnilised andmed:<\/strong><\/p>\n<ul>\n<li data-start=\"1035\" data-end=\"1053\">L\u00e4bim\u00f5\u00f5t: 4.5 mm<\/li>\n<li data-start=\"1056\" data-end=\"1071\">Pikkus: 35 mm<\/li>\n<li data-start=\"1074\" data-end=\"1084\">Pea: PZ2<\/li>\n<li data-start=\"1087\" data-end=\"1114\">Materjal: tsingitud teras<\/li>\n<li data-start=\"1117\" data-end=\"1133\">Pakend: 500 tk<\/li>\n<\/ul>\n<p><strong data-start=\"1159\" data-end=\"1171\">Eelised:<\/strong><\/p>\n<ul>\n<li data-start=\"1176\" data-end=\"1217\">Universaalne suurus erinevateks t\u00f6\u00f6deks<\/li>\n<li data-start=\"1220\" data-end=\"1257\">Mugav PZ2 pea kindlaks paigalduseks<\/li>\n<li data-start=\"1260\" data-end=\"1296\">Tsingitud kate korrosioonikaitseks<\/li>\n<li data-start=\"1299\" data-end=\"1355\">Sobib \u00f5hemate ja keskmiste puitdetailide kinnitamiseks<\/li>\n<\/ul>\n","protected":false},"excerpt":{"rendered":"<p>Perfectly suited for installing profiles for stretch ceilings, suspended and interior structures. Used with 6 mm diameter dowels.<\/p>\n","protected":false},"featured_media":48651,"template":"","meta":[],"pwb-brand":[532],"product_brand":[],"product_cat":[380,335,326],"product_tag":[],"class_list":{"0":"post-94250","1":"product","2":"type-product","3":"status-publish","4":"has-post-thumbnail","6":"pwb-brand-wuerth","7":"product_cat-pz2-en","8":"product_cat-screws","9":"product_cat-wurth-tools-and-fasteners","11":"first","12":"instock","13":"taxable","14":"shipping-taxable","15":"purchasable","16":"product-type-simple"},"yoast_head":"<!-- This site is optimized with the Yoast SEO plugin v27.2 - https:\/\/yoast.com\/product\/yoast-seo-wordpress\/ -->\n<title>4.5\u00d735 W\u00dcRTH PZ2 Kruvi 500 tk Art. 019864535 (W59) - SkyShop<\/title>\n<meta name=\"robots\" content=\"index, follow, max-snippet:-1, max-image-preview:large, max-video-preview:-1\" \/>\n<link rel=\"canonical\" href=\"https:\/\/www.skyshop.ee\/en\/product\/4-5-35-wurth-pz2-kruvi-500-tk-art-019864535-w59\/\" \/>\n<meta property=\"og:locale\" content=\"en_US\" \/>\n<meta property=\"og:type\" content=\"article\" \/>\n<meta property=\"og:title\" content=\"4.5\u00d735 W\u00dcRTH PZ2 Kruvi 500 tk Art. 019864535 (W59) - SkyShop\" \/>\n<meta property=\"og:description\" content=\"Perfectly suited for installing profiles for stretch ceilings, suspended and interior structures. Used with 6 mm diameter dowels.\" \/>\n<meta property=\"og:url\" content=\"https:\/\/www.skyshop.ee\/en\/product\/4-5-35-wurth-pz2-kruvi-500-tk-art-019864535-w59\/\" \/>\n<meta property=\"og:site_name\" content=\"SkyShop\" \/>\n<meta property=\"article:publisher\" content=\"https:\/\/www.facebook.com\/skystyle.eu\" \/>\n<meta property=\"article:modified_time\" content=\"2025-08-26T13:39:16+00:00\" \/>\n<meta property=\"og:image\" content=\"https:\/\/www.skyshop.ee\/wp-content\/uploads\/2022\/05\/IMG_0723-1-1.jpg\" \/>\n\t<meta property=\"og:image:width\" content=\"1243\" \/>\n\t<meta property=\"og:image:height\" content=\"932\" \/>\n\t<meta property=\"og:image:type\" content=\"image\/jpeg\" \/>\n<meta name=\"twitter:card\" content=\"summary_large_image\" \/>\n<script type=\"application\/ld+json\" class=\"yoast-schema-graph\">{\"@context\":\"https:\/\/schema.org\",\"@graph\":[{\"@type\":\"WebPage\",\"@id\":\"https:\/\/www.skyshop.ee\/en\/product\/4-5-35-wurth-pz2-kruvi-500-tk-art-019864535-w59\/\",\"url\":\"https:\/\/www.skyshop.ee\/en\/product\/4-5-35-wurth-pz2-kruvi-500-tk-art-019864535-w59\/\",\"name\":\"4.5\u00d735 W\u00dcRTH PZ2 Kruvi 500 tk Art. 019864535 (W59) - SkyShop\",\"isPartOf\":{\"@id\":\"https:\/\/www.skyshop.ee\/en\/#website\"},\"primaryImageOfPage\":{\"@id\":\"https:\/\/www.skyshop.ee\/en\/product\/4-5-35-wurth-pz2-kruvi-500-tk-art-019864535-w59\/#primaryimage\"},\"image\":{\"@id\":\"https:\/\/www.skyshop.ee\/en\/product\/4-5-35-wurth-pz2-kruvi-500-tk-art-019864535-w59\/#primaryimage\"},\"thumbnailUrl\":\"https:\/\/www.skyshop.ee\/wp-content\/uploads\/2022\/05\/IMG_0723-1-1.jpg\",\"datePublished\":\"2024-02-28T11:54:45+00:00\",\"dateModified\":\"2025-08-26T13:39:16+00:00\",\"breadcrumb\":{\"@id\":\"https:\/\/www.skyshop.ee\/en\/product\/4-5-35-wurth-pz2-kruvi-500-tk-art-019864535-w59\/#breadcrumb\"},\"inLanguage\":\"en-US\",\"potentialAction\":[{\"@type\":\"ReadAction\",\"target\":[\"https:\/\/www.skyshop.ee\/en\/product\/4-5-35-wurth-pz2-kruvi-500-tk-art-019864535-w59\/\"]}]},{\"@type\":\"ImageObject\",\"inLanguage\":\"en-US\",\"@id\":\"https:\/\/www.skyshop.ee\/en\/product\/4-5-35-wurth-pz2-kruvi-500-tk-art-019864535-w59\/#primaryimage\",\"url\":\"https:\/\/www.skyshop.ee\/wp-content\/uploads\/2022\/05\/IMG_0723-1-1.jpg\",\"contentUrl\":\"https:\/\/www.skyshop.ee\/wp-content\/uploads\/2022\/05\/IMG_0723-1-1.jpg\",\"width\":1243,\"height\":932},{\"@type\":\"BreadcrumbList\",\"@id\":\"https:\/\/www.skyshop.ee\/en\/product\/4-5-35-wurth-pz2-kruvi-500-tk-art-019864535-w59\/#breadcrumb\",\"itemListElement\":[{\"@type\":\"ListItem\",\"position\":1,\"name\":\"\u0413\u043b\u0430\u0432\u043d\u0430\u044f\",\"item\":\"https:\/\/www.skyshop.ee\/en\/\"},{\"@type\":\"ListItem\",\"position\":2,\"name\":\"4.5\u00d735 W\u00dcRTH PZ2 Kruvi 500 tk Art. 019864535 (W59)\"}]},{\"@type\":\"WebSite\",\"@id\":\"https:\/\/www.skyshop.ee\/en\/#website\",\"url\":\"https:\/\/www.skyshop.ee\/en\/\",\"name\":\"SkyShop\",\"description\":\"Pinglaed ja tarvikud\",\"publisher\":{\"@id\":\"https:\/\/www.skyshop.ee\/en\/#organization\"},\"potentialAction\":[{\"@type\":\"SearchAction\",\"target\":{\"@type\":\"EntryPoint\",\"urlTemplate\":\"https:\/\/www.skyshop.ee\/en\/?s={search_term_string}\"},\"query-input\":{\"@type\":\"PropertyValueSpecification\",\"valueRequired\":true,\"valueName\":\"search_term_string\"}}],\"inLanguage\":\"en-US\"},{\"@type\":\"Organization\",\"@id\":\"https:\/\/www.skyshop.ee\/en\/#organization\",\"name\":\"Skystyle O\u00dc\",\"url\":\"https:\/\/www.skyshop.ee\/en\/\",\"logo\":{\"@type\":\"ImageObject\",\"inLanguage\":\"en-US\",\"@id\":\"https:\/\/www.skyshop.ee\/en\/#\/schema\/logo\/image\/\",\"url\":\"https:\/\/www.skyshop.ee\/wp-content\/uploads\/2023\/05\/skyshop_logo.png\",\"contentUrl\":\"https:\/\/www.skyshop.ee\/wp-content\/uploads\/2023\/05\/skyshop_logo.png\",\"width\":3329,\"height\":1229,\"caption\":\"Skystyle O\u00dc\"},\"image\":{\"@id\":\"https:\/\/www.skyshop.ee\/en\/#\/schema\/logo\/image\/\"},\"sameAs\":[\"https:\/\/www.facebook.com\/skystyle.eu\"]}]}<\/script>\n<!-- \/ Yoast SEO plugin. -->","yoast_head_json":{"title":"4.5\u00d735 W\u00dcRTH PZ2 Kruvi 500 tk Art. 019864535 (W59) - SkyShop","robots":{"index":"index","follow":"follow","max-snippet":"max-snippet:-1","max-image-preview":"max-image-preview:large","max-video-preview":"max-video-preview:-1"},"canonical":"https:\/\/www.skyshop.ee\/en\/product\/4-5-35-wurth-pz2-kruvi-500-tk-art-019864535-w59\/","og_locale":"en_US","og_type":"article","og_title":"4.5\u00d735 W\u00dcRTH PZ2 Kruvi 500 tk Art. 019864535 (W59) - SkyShop","og_description":"Perfectly suited for installing profiles for stretch ceilings, suspended and interior structures. Used with 6 mm diameter dowels.","og_url":"https:\/\/www.skyshop.ee\/en\/product\/4-5-35-wurth-pz2-kruvi-500-tk-art-019864535-w59\/","og_site_name":"SkyShop","article_publisher":"https:\/\/www.facebook.com\/skystyle.eu","article_modified_time":"2025-08-26T13:39:16+00:00","og_image":[{"width":1243,"height":932,"url":"https:\/\/www.skyshop.ee\/wp-content\/uploads\/2022\/05\/IMG_0723-1-1.jpg","type":"image\/jpeg"}],"twitter_card":"summary_large_image","schema":{"@context":"https:\/\/schema.org","@graph":[{"@type":"WebPage","@id":"https:\/\/www.skyshop.ee\/en\/product\/4-5-35-wurth-pz2-kruvi-500-tk-art-019864535-w59\/","url":"https:\/\/www.skyshop.ee\/en\/product\/4-5-35-wurth-pz2-kruvi-500-tk-art-019864535-w59\/","name":"4.5\u00d735 W\u00dcRTH PZ2 Kruvi 500 tk Art. 019864535 (W59) - SkyShop","isPartOf":{"@id":"https:\/\/www.skyshop.ee\/en\/#website"},"primaryImageOfPage":{"@id":"https:\/\/www.skyshop.ee\/en\/product\/4-5-35-wurth-pz2-kruvi-500-tk-art-019864535-w59\/#primaryimage"},"image":{"@id":"https:\/\/www.skyshop.ee\/en\/product\/4-5-35-wurth-pz2-kruvi-500-tk-art-019864535-w59\/#primaryimage"},"thumbnailUrl":"https:\/\/www.skyshop.ee\/wp-content\/uploads\/2022\/05\/IMG_0723-1-1.jpg","datePublished":"2024-02-28T11:54:45+00:00","dateModified":"2025-08-26T13:39:16+00:00","breadcrumb":{"@id":"https:\/\/www.skyshop.ee\/en\/product\/4-5-35-wurth-pz2-kruvi-500-tk-art-019864535-w59\/#breadcrumb"},"inLanguage":"en-US","potentialAction":[{"@type":"ReadAction","target":["https:\/\/www.skyshop.ee\/en\/product\/4-5-35-wurth-pz2-kruvi-500-tk-art-019864535-w59\/"]}]},{"@type":"ImageObject","inLanguage":"en-US","@id":"https:\/\/www.skyshop.ee\/en\/product\/4-5-35-wurth-pz2-kruvi-500-tk-art-019864535-w59\/#primaryimage","url":"https:\/\/www.skyshop.ee\/wp-content\/uploads\/2022\/05\/IMG_0723-1-1.jpg","contentUrl":"https:\/\/www.skyshop.ee\/wp-content\/uploads\/2022\/05\/IMG_0723-1-1.jpg","width":1243,"height":932},{"@type":"BreadcrumbList","@id":"https:\/\/www.skyshop.ee\/en\/product\/4-5-35-wurth-pz2-kruvi-500-tk-art-019864535-w59\/#breadcrumb","itemListElement":[{"@type":"ListItem","position":1,"name":"\u0413\u043b\u0430\u0432\u043d\u0430\u044f","item":"https:\/\/www.skyshop.ee\/en\/"},{"@type":"ListItem","position":2,"name":"4.5\u00d735 W\u00dcRTH PZ2 Kruvi 500 tk Art. 019864535 (W59)"}]},{"@type":"WebSite","@id":"https:\/\/www.skyshop.ee\/en\/#website","url":"https:\/\/www.skyshop.ee\/en\/","name":"SkyShop","description":"Pinglaed ja tarvikud","publisher":{"@id":"https:\/\/www.skyshop.ee\/en\/#organization"},"potentialAction":[{"@type":"SearchAction","target":{"@type":"EntryPoint","urlTemplate":"https:\/\/www.skyshop.ee\/en\/?s={search_term_string}"},"query-input":{"@type":"PropertyValueSpecification","valueRequired":true,"valueName":"search_term_string"}}],"inLanguage":"en-US"},{"@type":"Organization","@id":"https:\/\/www.skyshop.ee\/en\/#organization","name":"Skystyle O\u00dc","url":"https:\/\/www.skyshop.ee\/en\/","logo":{"@type":"ImageObject","inLanguage":"en-US","@id":"https:\/\/www.skyshop.ee\/en\/#\/schema\/logo\/image\/","url":"https:\/\/www.skyshop.ee\/wp-content\/uploads\/2023\/05\/skyshop_logo.png","contentUrl":"https:\/\/www.skyshop.ee\/wp-content\/uploads\/2023\/05\/skyshop_logo.png","width":3329,"height":1229,"caption":"Skystyle O\u00dc"},"image":{"@id":"https:\/\/www.skyshop.ee\/en\/#\/schema\/logo\/image\/"},"sameAs":["https:\/\/www.facebook.com\/skystyle.eu"]}]}},"brands":[{"id":532,"name":"W\u00fcrth","slug":"wuerth"}],"_links":{"self":[{"href":"https:\/\/www.skyshop.ee\/en\/wp-json\/wp\/v2\/product\/94250","targetHints":{"allow":["GET"]}}],"collection":[{"href":"https:\/\/www.skyshop.ee\/en\/wp-json\/wp\/v2\/product"}],"about":[{"href":"https:\/\/www.skyshop.ee\/en\/wp-json\/wp\/v2\/types\/product"}],"wp:featuredmedia":[{"embeddable":true,"href":"https:\/\/www.skyshop.ee\/en\/wp-json\/wp\/v2\/media\/48651"}],"wp:attachment":[{"href":"https:\/\/www.skyshop.ee\/en\/wp-json\/wp\/v2\/media?parent=94250"}],"wp:term":[{"taxonomy":"pwb-brand","embeddable":true,"href":"https:\/\/www.skyshop.ee\/en\/wp-json\/wp\/v2\/pwb-brand?post=94250"},{"taxonomy":"product_brand","embeddable":true,"href":"https:\/\/www.skyshop.ee\/en\/wp-json\/wp\/v2\/product_brand?post=94250"},{"taxonomy":"product_cat","embeddable":true,"href":"https:\/\/www.skyshop.ee\/en\/wp-json\/wp\/v2\/product_cat?post=94250"},{"taxonomy":"product_tag","embeddable":true,"href":"https:\/\/www.skyshop.ee\/en\/wp-json\/wp\/v2\/product_tag?post=94250"}],"curies":[{"name":"wp","href":"https:\/\/api.w.org\/{rel}","templated":true}]}}