{"id":73759,"date":"2023-05-11T11:41:38","date_gmt":"2023-05-11T08:41:38","guid":{"rendered":"https:\/\/www.skyshop.ee\/product\/splicing-connector\/"},"modified":"2025-09-24T14:57:27","modified_gmt":"2025-09-24T11:57:27","slug":"splicing-connector-wurth-0556-1183-3-pin-100pc-wk10","status":"publish","type":"product","link":"https:\/\/www.skyshop.ee\/en\/product\/splicing-connector-wurth-0556-1183-3-pin-100pc-wk10\/","title":{"rendered":"W\u00dcRTH terminals ART. 0556 1183, 3 contacts, 100 pcs (WK10)"},"content":{"rendered":"<p data-start=\"202\" data-end=\"233\"><strong data-start=\"202\" data-end=\"231\">Technical specifications:<\/strong><\/p>\n<ul>\n<li data-start=\"237\" data-end=\"275\">Type: MINI lever terminal, 3-contact<\/li>\n<li data-start=\"278\" data-end=\"330\">Wire cross-section (solid \/ flexible): 0.2\u20132.5 mm\u00b2<\/li>\n<li data-start=\"333\" data-end=\"354\">Rated current: 24 A<\/li>\n<li data-start=\"357\" data-end=\"379\">Rated voltage: 450 V<\/li>\n<li data-start=\"382\" data-end=\"412\">Wire stripping length: 11 mm<\/li>\n<li data-start=\"415\" data-end=\"431\">Width: 15.5 mm<\/li>\n<li data-start=\"434\" data-end=\"450\">Height: 9.2 mm<\/li>\n<li data-start=\"453\" data-end=\"468\">Length: 17 mm<\/li>\n<li data-start=\"471\" data-end=\"533\">Operating temperature (max): 85 \u00b0C (according to one source)<\/li>\n<li data-start=\"536\" data-end=\"566\">Material: polycarbonate (PC)<\/li>\n<li data-start=\"569\" data-end=\"625\">Flammability: self-extinguishing according to UL94 V-2<\/li>\n<\/ul>\n","protected":false},"excerpt":{"rendered":"<p>Convenient connecting terminals for quick installation with spring contact. No additional tools are required for mounting. Suitable for connecting wires of different metals (copper and aluminum), reusable, compatible with both stranded and solid cables. Solid cable can be installed without lifting the spring contact.<\/p>\n","protected":false},"featured_media":73748,"template":"","meta":[],"pwb-brand":[532],"product_brand":[],"product_cat":[420,326],"product_tag":[],"class_list":{"0":"post-73759","1":"product","2":"type-product","3":"status-publish","4":"has-post-thumbnail","6":"pwb-brand-wuerth","7":"product_cat-fasteners","8":"product_cat-wurth-tools-and-fasteners","10":"first","11":"instock","12":"taxable","13":"shipping-taxable","14":"purchasable","15":"product-type-simple"},"yoast_head":"<!-- This site is optimized with the Yoast SEO plugin v27.2 - https:\/\/yoast.com\/product\/yoast-seo-wordpress\/ -->\n<title>W\u00dcRTH terminals ART. 0556 1183, 3 contacts, 100 pcs (WK10) - SkyShop W\u00fcrth Splicing Connector 0556 1183<\/title>\n<meta name=\"description\" content=\"W\u00fcrth terminals are suitable for connecting wires made of different metals. Can be used repeatedly, connect multi-core and single-core cable.\" \/>\n<meta name=\"robots\" content=\"index, follow, max-snippet:-1, max-image-preview:large, max-video-preview:-1\" \/>\n<link rel=\"canonical\" href=\"https:\/\/www.skyshop.ee\/en\/product\/splicing-connector-wurth-0556-1183-3-pin-100pc-wk10\/\" \/>\n<meta property=\"og:locale\" content=\"en_US\" \/>\n<meta property=\"og:type\" content=\"article\" \/>\n<meta property=\"og:title\" content=\"W\u00dcRTH terminals ART. 0556 1183, 3 contacts, 100 pcs (WK10) - SkyShop W\u00fcrth Splicing Connector 0556 1183\" \/>\n<meta property=\"og:description\" content=\"W\u00fcrth terminals are suitable for connecting wires made of different metals. Can be used repeatedly, connect multi-core and single-core cable.\" \/>\n<meta property=\"og:url\" content=\"https:\/\/www.skyshop.ee\/en\/product\/splicing-connector-wurth-0556-1183-3-pin-100pc-wk10\/\" \/>\n<meta property=\"og:site_name\" content=\"SkyShop\" \/>\n<meta property=\"article:publisher\" content=\"https:\/\/www.facebook.com\/skystyle.eu\" \/>\n<meta property=\"article:modified_time\" content=\"2025-09-24T11:57:27+00:00\" \/>\n<meta property=\"og:image\" content=\"https:\/\/www.skyshop.ee\/wp-content\/uploads\/2023\/05\/5T0A0038.jpg\" \/>\n\t<meta property=\"og:image:width\" content=\"1615\" \/>\n\t<meta property=\"og:image:height\" content=\"1076\" \/>\n\t<meta property=\"og:image:type\" content=\"image\/jpeg\" \/>\n<meta name=\"twitter:card\" content=\"summary_large_image\" \/>\n<meta name=\"twitter:label1\" content=\"Est. reading time\" \/>\n\t<meta name=\"twitter:data1\" content=\"1 minute\" \/>\n<script type=\"application\/ld+json\" class=\"yoast-schema-graph\">{\"@context\":\"https:\/\/schema.org\",\"@graph\":[{\"@type\":\"WebPage\",\"@id\":\"https:\/\/www.skyshop.ee\/en\/product\/splicing-connector-wurth-0556-1183-3-pin-100pc-wk10\/\",\"url\":\"https:\/\/www.skyshop.ee\/en\/product\/splicing-connector-wurth-0556-1183-3-pin-100pc-wk10\/\",\"name\":\"W\u00dcRTH terminals ART. 0556 1183, 3 contacts, 100 pcs (WK10) - SkyShop W\u00fcrth Splicing Connector 0556 1183\",\"isPartOf\":{\"@id\":\"https:\/\/www.skyshop.ee\/en\/#website\"},\"primaryImageOfPage\":{\"@id\":\"https:\/\/www.skyshop.ee\/en\/product\/splicing-connector-wurth-0556-1183-3-pin-100pc-wk10\/#primaryimage\"},\"image\":{\"@id\":\"https:\/\/www.skyshop.ee\/en\/product\/splicing-connector-wurth-0556-1183-3-pin-100pc-wk10\/#primaryimage\"},\"thumbnailUrl\":\"https:\/\/www.skyshop.ee\/wp-content\/uploads\/2023\/05\/5T0A0038.jpg\",\"datePublished\":\"2023-05-11T08:41:38+00:00\",\"dateModified\":\"2025-09-24T11:57:27+00:00\",\"description\":\"W\u00fcrth terminals are suitable for connecting wires made of different metals. Can be used repeatedly, connect multi-core and single-core cable.\",\"breadcrumb\":{\"@id\":\"https:\/\/www.skyshop.ee\/en\/product\/splicing-connector-wurth-0556-1183-3-pin-100pc-wk10\/#breadcrumb\"},\"inLanguage\":\"en-US\",\"potentialAction\":[{\"@type\":\"ReadAction\",\"target\":[\"https:\/\/www.skyshop.ee\/en\/product\/splicing-connector-wurth-0556-1183-3-pin-100pc-wk10\/\"]}]},{\"@type\":\"ImageObject\",\"inLanguage\":\"en-US\",\"@id\":\"https:\/\/www.skyshop.ee\/en\/product\/splicing-connector-wurth-0556-1183-3-pin-100pc-wk10\/#primaryimage\",\"url\":\"https:\/\/www.skyshop.ee\/wp-content\/uploads\/2023\/05\/5T0A0038.jpg\",\"contentUrl\":\"https:\/\/www.skyshop.ee\/wp-content\/uploads\/2023\/05\/5T0A0038.jpg\",\"width\":1615,\"height\":1076},{\"@type\":\"BreadcrumbList\",\"@id\":\"https:\/\/www.skyshop.ee\/en\/product\/splicing-connector-wurth-0556-1183-3-pin-100pc-wk10\/#breadcrumb\",\"itemListElement\":[{\"@type\":\"ListItem\",\"position\":1,\"name\":\"\u0413\u043b\u0430\u0432\u043d\u0430\u044f\",\"item\":\"https:\/\/www.skyshop.ee\/en\/\"},{\"@type\":\"ListItem\",\"position\":2,\"name\":\"W\u00dcRTH terminals ART. 0556 1183, 3 contacts, 100 pcs (WK10)\"}]},{\"@type\":\"WebSite\",\"@id\":\"https:\/\/www.skyshop.ee\/en\/#website\",\"url\":\"https:\/\/www.skyshop.ee\/en\/\",\"name\":\"SkyShop\",\"description\":\"Pinglaed ja tarvikud\",\"publisher\":{\"@id\":\"https:\/\/www.skyshop.ee\/en\/#organization\"},\"potentialAction\":[{\"@type\":\"SearchAction\",\"target\":{\"@type\":\"EntryPoint\",\"urlTemplate\":\"https:\/\/www.skyshop.ee\/en\/?s={search_term_string}\"},\"query-input\":{\"@type\":\"PropertyValueSpecification\",\"valueRequired\":true,\"valueName\":\"search_term_string\"}}],\"inLanguage\":\"en-US\"},{\"@type\":\"Organization\",\"@id\":\"https:\/\/www.skyshop.ee\/en\/#organization\",\"name\":\"Skystyle O\u00dc\",\"url\":\"https:\/\/www.skyshop.ee\/en\/\",\"logo\":{\"@type\":\"ImageObject\",\"inLanguage\":\"en-US\",\"@id\":\"https:\/\/www.skyshop.ee\/en\/#\/schema\/logo\/image\/\",\"url\":\"https:\/\/www.skyshop.ee\/wp-content\/uploads\/2023\/05\/skyshop_logo.png\",\"contentUrl\":\"https:\/\/www.skyshop.ee\/wp-content\/uploads\/2023\/05\/skyshop_logo.png\",\"width\":3329,\"height\":1229,\"caption\":\"Skystyle O\u00dc\"},\"image\":{\"@id\":\"https:\/\/www.skyshop.ee\/en\/#\/schema\/logo\/image\/\"},\"sameAs\":[\"https:\/\/www.facebook.com\/skystyle.eu\"]}]}<\/script>\n<!-- \/ Yoast SEO plugin. -->","yoast_head_json":{"title":"W\u00dcRTH terminals ART. 0556 1183, 3 contacts, 100 pcs (WK10) - SkyShop W\u00fcrth Splicing Connector 0556 1183","description":"W\u00fcrth terminals are suitable for connecting wires made of different metals. Can be used repeatedly, connect multi-core and single-core cable.","robots":{"index":"index","follow":"follow","max-snippet":"max-snippet:-1","max-image-preview":"max-image-preview:large","max-video-preview":"max-video-preview:-1"},"canonical":"https:\/\/www.skyshop.ee\/en\/product\/splicing-connector-wurth-0556-1183-3-pin-100pc-wk10\/","og_locale":"en_US","og_type":"article","og_title":"W\u00dcRTH terminals ART. 0556 1183, 3 contacts, 100 pcs (WK10) - SkyShop W\u00fcrth Splicing Connector 0556 1183","og_description":"W\u00fcrth terminals are suitable for connecting wires made of different metals. Can be used repeatedly, connect multi-core and single-core cable.","og_url":"https:\/\/www.skyshop.ee\/en\/product\/splicing-connector-wurth-0556-1183-3-pin-100pc-wk10\/","og_site_name":"SkyShop","article_publisher":"https:\/\/www.facebook.com\/skystyle.eu","article_modified_time":"2025-09-24T11:57:27+00:00","og_image":[{"width":1615,"height":1076,"url":"https:\/\/www.skyshop.ee\/wp-content\/uploads\/2023\/05\/5T0A0038.jpg","type":"image\/jpeg"}],"twitter_card":"summary_large_image","twitter_misc":{"Est. reading time":"1 minute"},"schema":{"@context":"https:\/\/schema.org","@graph":[{"@type":"WebPage","@id":"https:\/\/www.skyshop.ee\/en\/product\/splicing-connector-wurth-0556-1183-3-pin-100pc-wk10\/","url":"https:\/\/www.skyshop.ee\/en\/product\/splicing-connector-wurth-0556-1183-3-pin-100pc-wk10\/","name":"W\u00dcRTH terminals ART. 0556 1183, 3 contacts, 100 pcs (WK10) - SkyShop W\u00fcrth Splicing Connector 0556 1183","isPartOf":{"@id":"https:\/\/www.skyshop.ee\/en\/#website"},"primaryImageOfPage":{"@id":"https:\/\/www.skyshop.ee\/en\/product\/splicing-connector-wurth-0556-1183-3-pin-100pc-wk10\/#primaryimage"},"image":{"@id":"https:\/\/www.skyshop.ee\/en\/product\/splicing-connector-wurth-0556-1183-3-pin-100pc-wk10\/#primaryimage"},"thumbnailUrl":"https:\/\/www.skyshop.ee\/wp-content\/uploads\/2023\/05\/5T0A0038.jpg","datePublished":"2023-05-11T08:41:38+00:00","dateModified":"2025-09-24T11:57:27+00:00","description":"W\u00fcrth terminals are suitable for connecting wires made of different metals. Can be used repeatedly, connect multi-core and single-core cable.","breadcrumb":{"@id":"https:\/\/www.skyshop.ee\/en\/product\/splicing-connector-wurth-0556-1183-3-pin-100pc-wk10\/#breadcrumb"},"inLanguage":"en-US","potentialAction":[{"@type":"ReadAction","target":["https:\/\/www.skyshop.ee\/en\/product\/splicing-connector-wurth-0556-1183-3-pin-100pc-wk10\/"]}]},{"@type":"ImageObject","inLanguage":"en-US","@id":"https:\/\/www.skyshop.ee\/en\/product\/splicing-connector-wurth-0556-1183-3-pin-100pc-wk10\/#primaryimage","url":"https:\/\/www.skyshop.ee\/wp-content\/uploads\/2023\/05\/5T0A0038.jpg","contentUrl":"https:\/\/www.skyshop.ee\/wp-content\/uploads\/2023\/05\/5T0A0038.jpg","width":1615,"height":1076},{"@type":"BreadcrumbList","@id":"https:\/\/www.skyshop.ee\/en\/product\/splicing-connector-wurth-0556-1183-3-pin-100pc-wk10\/#breadcrumb","itemListElement":[{"@type":"ListItem","position":1,"name":"\u0413\u043b\u0430\u0432\u043d\u0430\u044f","item":"https:\/\/www.skyshop.ee\/en\/"},{"@type":"ListItem","position":2,"name":"W\u00dcRTH terminals ART. 0556 1183, 3 contacts, 100 pcs (WK10)"}]},{"@type":"WebSite","@id":"https:\/\/www.skyshop.ee\/en\/#website","url":"https:\/\/www.skyshop.ee\/en\/","name":"SkyShop","description":"Pinglaed ja tarvikud","publisher":{"@id":"https:\/\/www.skyshop.ee\/en\/#organization"},"potentialAction":[{"@type":"SearchAction","target":{"@type":"EntryPoint","urlTemplate":"https:\/\/www.skyshop.ee\/en\/?s={search_term_string}"},"query-input":{"@type":"PropertyValueSpecification","valueRequired":true,"valueName":"search_term_string"}}],"inLanguage":"en-US"},{"@type":"Organization","@id":"https:\/\/www.skyshop.ee\/en\/#organization","name":"Skystyle O\u00dc","url":"https:\/\/www.skyshop.ee\/en\/","logo":{"@type":"ImageObject","inLanguage":"en-US","@id":"https:\/\/www.skyshop.ee\/en\/#\/schema\/logo\/image\/","url":"https:\/\/www.skyshop.ee\/wp-content\/uploads\/2023\/05\/skyshop_logo.png","contentUrl":"https:\/\/www.skyshop.ee\/wp-content\/uploads\/2023\/05\/skyshop_logo.png","width":3329,"height":1229,"caption":"Skystyle O\u00dc"},"image":{"@id":"https:\/\/www.skyshop.ee\/en\/#\/schema\/logo\/image\/"},"sameAs":["https:\/\/www.facebook.com\/skystyle.eu"]}]}},"brands":[{"id":532,"name":"W\u00fcrth","slug":"wuerth"}],"_links":{"self":[{"href":"https:\/\/www.skyshop.ee\/en\/wp-json\/wp\/v2\/product\/73759","targetHints":{"allow":["GET"]}}],"collection":[{"href":"https:\/\/www.skyshop.ee\/en\/wp-json\/wp\/v2\/product"}],"about":[{"href":"https:\/\/www.skyshop.ee\/en\/wp-json\/wp\/v2\/types\/product"}],"wp:featuredmedia":[{"embeddable":true,"href":"https:\/\/www.skyshop.ee\/en\/wp-json\/wp\/v2\/media\/73748"}],"wp:attachment":[{"href":"https:\/\/www.skyshop.ee\/en\/wp-json\/wp\/v2\/media?parent=73759"}],"wp:term":[{"taxonomy":"pwb-brand","embeddable":true,"href":"https:\/\/www.skyshop.ee\/en\/wp-json\/wp\/v2\/pwb-brand?post=73759"},{"taxonomy":"product_brand","embeddable":true,"href":"https:\/\/www.skyshop.ee\/en\/wp-json\/wp\/v2\/product_brand?post=73759"},{"taxonomy":"product_cat","embeddable":true,"href":"https:\/\/www.skyshop.ee\/en\/wp-json\/wp\/v2\/product_cat?post=73759"},{"taxonomy":"product_tag","embeddable":true,"href":"https:\/\/www.skyshop.ee\/en\/wp-json\/wp\/v2\/product_tag?post=73759"}],"curies":[{"name":"wp","href":"https:\/\/api.w.org\/{rel}","templated":true}]}}