{"id":48601,"date":"2022-05-27T19:07:30","date_gmt":"2022-05-27T16:07:30","guid":{"rendered":"https:\/\/www.skyshop.ee\/product\/5x45-pz2-screw-250pc-w33\/"},"modified":"2025-08-26T16:44:20","modified_gmt":"2025-08-26T13:44:20","slug":"4-5-40-wupofast-pz2-wurth-screw-500pc-w44","status":"publish","type":"product","link":"https:\/\/www.skyshop.ee\/en\/product\/4-5-40-wupofast-pz2-wurth-screw-500pc-w44\/","title":{"rendered":"4.5\u00d740 W\u00dcPOFAST PZ2 W\u00dcRTH Screw 500pc. (W44)"},"content":{"rendered":"<p>W\u00dcRTH W\u00dcPOFAST series screws with PZ2 head are made of galvanized steel and designed for fastening wooden structures. The 40 mm length ensures versatile use and a reliable connection.<\/p>\n<p><strong>Specifications:<\/strong><\/p>\n<ul>\n<li>Diameter: 4.5 mm<\/li>\n<li>Length: 40 mm<\/li>\n<li>Head: PZ2<\/li>\n<li>Material: galvanized steel<\/li>\n<li>Package: 500 pcs<\/li>\n<\/ul>\n<p><strong>Advantages:<\/strong><\/p>\n<ul>\n<li>Universal size for most installation tasks<\/li>\n<li>Reliable PZ2 head for secure fastening<\/li>\n<li>Zinc coating provides corrosion resistance<\/li>\n<li>Suitable for a wide range of wooden structures<\/li>\n<\/ul>\n","protected":false},"excerpt":{"rendered":"<p>Ideal for mounting profiles for stretch ceilings, suspended and interior structures.<\/p>\n","protected":false},"featured_media":48586,"template":"","meta":[],"pwb-brand":[532],"product_brand":[],"product_cat":[380,335,326],"product_tag":[],"class_list":{"0":"post-48601","1":"product","2":"type-product","3":"status-publish","4":"has-post-thumbnail","6":"pwb-brand-wuerth","7":"product_cat-pz2-en","8":"product_cat-screws","9":"product_cat-wurth-tools-and-fasteners","11":"first","12":"instock","13":"taxable","14":"shipping-taxable","15":"purchasable","16":"product-type-simple"},"yoast_head":"<!-- This site is optimized with the Yoast SEO plugin v27.2 - https:\/\/yoast.com\/product\/yoast-seo-wordpress\/ -->\n<title>4.5\u00d740 W\u00dcPOFAST PZ2 W\u00dcRTH Screw 500pc. (W44) - SkyShop<\/title>\n<meta name=\"robots\" content=\"index, follow, max-snippet:-1, max-image-preview:large, max-video-preview:-1\" \/>\n<link rel=\"canonical\" href=\"https:\/\/www.skyshop.ee\/en\/product\/4-5-40-wupofast-pz2-wurth-screw-500pc-w44\/\" \/>\n<meta property=\"og:locale\" content=\"en_US\" \/>\n<meta property=\"og:type\" content=\"article\" \/>\n<meta property=\"og:title\" content=\"4.5\u00d740 W\u00dcPOFAST PZ2 W\u00dcRTH Screw 500pc. (W44) - SkyShop\" \/>\n<meta property=\"og:description\" content=\"Ideal for mounting profiles for stretch ceilings, suspended and interior structures.\" \/>\n<meta property=\"og:url\" content=\"https:\/\/www.skyshop.ee\/en\/product\/4-5-40-wupofast-pz2-wurth-screw-500pc-w44\/\" \/>\n<meta property=\"og:site_name\" content=\"SkyShop\" \/>\n<meta property=\"article:publisher\" content=\"https:\/\/www.facebook.com\/skystyle.eu\" \/>\n<meta property=\"article:modified_time\" content=\"2025-08-26T13:44:20+00:00\" \/>\n<meta property=\"og:image\" content=\"https:\/\/www.skyshop.ee\/wp-content\/uploads\/2022\/05\/IMG_0723.jpg\" \/>\n\t<meta property=\"og:image:width\" content=\"1243\" \/>\n\t<meta property=\"og:image:height\" content=\"932\" \/>\n\t<meta property=\"og:image:type\" content=\"image\/jpeg\" \/>\n<meta name=\"twitter:card\" content=\"summary_large_image\" \/>\n<script type=\"application\/ld+json\" class=\"yoast-schema-graph\">{\"@context\":\"https:\/\/schema.org\",\"@graph\":[{\"@type\":\"WebPage\",\"@id\":\"https:\/\/www.skyshop.ee\/en\/product\/4-5-40-wupofast-pz2-wurth-screw-500pc-w44\/\",\"url\":\"https:\/\/www.skyshop.ee\/en\/product\/4-5-40-wupofast-pz2-wurth-screw-500pc-w44\/\",\"name\":\"4.5\u00d740 W\u00dcPOFAST PZ2 W\u00dcRTH Screw 500pc. (W44) - SkyShop\",\"isPartOf\":{\"@id\":\"https:\/\/www.skyshop.ee\/en\/#website\"},\"primaryImageOfPage\":{\"@id\":\"https:\/\/www.skyshop.ee\/en\/product\/4-5-40-wupofast-pz2-wurth-screw-500pc-w44\/#primaryimage\"},\"image\":{\"@id\":\"https:\/\/www.skyshop.ee\/en\/product\/4-5-40-wupofast-pz2-wurth-screw-500pc-w44\/#primaryimage\"},\"thumbnailUrl\":\"https:\/\/www.skyshop.ee\/wp-content\/uploads\/2022\/05\/IMG_0723.jpg\",\"datePublished\":\"2022-05-27T16:07:30+00:00\",\"dateModified\":\"2025-08-26T13:44:20+00:00\",\"breadcrumb\":{\"@id\":\"https:\/\/www.skyshop.ee\/en\/product\/4-5-40-wupofast-pz2-wurth-screw-500pc-w44\/#breadcrumb\"},\"inLanguage\":\"en-US\",\"potentialAction\":[{\"@type\":\"ReadAction\",\"target\":[\"https:\/\/www.skyshop.ee\/en\/product\/4-5-40-wupofast-pz2-wurth-screw-500pc-w44\/\"]}]},{\"@type\":\"ImageObject\",\"inLanguage\":\"en-US\",\"@id\":\"https:\/\/www.skyshop.ee\/en\/product\/4-5-40-wupofast-pz2-wurth-screw-500pc-w44\/#primaryimage\",\"url\":\"https:\/\/www.skyshop.ee\/wp-content\/uploads\/2022\/05\/IMG_0723.jpg\",\"contentUrl\":\"https:\/\/www.skyshop.ee\/wp-content\/uploads\/2022\/05\/IMG_0723.jpg\",\"width\":1243,\"height\":932},{\"@type\":\"BreadcrumbList\",\"@id\":\"https:\/\/www.skyshop.ee\/en\/product\/4-5-40-wupofast-pz2-wurth-screw-500pc-w44\/#breadcrumb\",\"itemListElement\":[{\"@type\":\"ListItem\",\"position\":1,\"name\":\"\u0413\u043b\u0430\u0432\u043d\u0430\u044f\",\"item\":\"https:\/\/www.skyshop.ee\/en\/\"},{\"@type\":\"ListItem\",\"position\":2,\"name\":\"4.5\u00d740 W\u00dcPOFAST PZ2 W\u00dcRTH Screw 500pc. (W44)\"}]},{\"@type\":\"WebSite\",\"@id\":\"https:\/\/www.skyshop.ee\/en\/#website\",\"url\":\"https:\/\/www.skyshop.ee\/en\/\",\"name\":\"SkyShop\",\"description\":\"Pinglaed ja tarvikud\",\"publisher\":{\"@id\":\"https:\/\/www.skyshop.ee\/en\/#organization\"},\"potentialAction\":[{\"@type\":\"SearchAction\",\"target\":{\"@type\":\"EntryPoint\",\"urlTemplate\":\"https:\/\/www.skyshop.ee\/en\/?s={search_term_string}\"},\"query-input\":{\"@type\":\"PropertyValueSpecification\",\"valueRequired\":true,\"valueName\":\"search_term_string\"}}],\"inLanguage\":\"en-US\"},{\"@type\":\"Organization\",\"@id\":\"https:\/\/www.skyshop.ee\/en\/#organization\",\"name\":\"Skystyle O\u00dc\",\"url\":\"https:\/\/www.skyshop.ee\/en\/\",\"logo\":{\"@type\":\"ImageObject\",\"inLanguage\":\"en-US\",\"@id\":\"https:\/\/www.skyshop.ee\/en\/#\/schema\/logo\/image\/\",\"url\":\"https:\/\/www.skyshop.ee\/wp-content\/uploads\/2023\/05\/skyshop_logo.png\",\"contentUrl\":\"https:\/\/www.skyshop.ee\/wp-content\/uploads\/2023\/05\/skyshop_logo.png\",\"width\":3329,\"height\":1229,\"caption\":\"Skystyle O\u00dc\"},\"image\":{\"@id\":\"https:\/\/www.skyshop.ee\/en\/#\/schema\/logo\/image\/\"},\"sameAs\":[\"https:\/\/www.facebook.com\/skystyle.eu\"]}]}<\/script>\n<!-- \/ Yoast SEO plugin. -->","yoast_head_json":{"title":"4.5\u00d740 W\u00dcPOFAST PZ2 W\u00dcRTH Screw 500pc. (W44) - SkyShop","robots":{"index":"index","follow":"follow","max-snippet":"max-snippet:-1","max-image-preview":"max-image-preview:large","max-video-preview":"max-video-preview:-1"},"canonical":"https:\/\/www.skyshop.ee\/en\/product\/4-5-40-wupofast-pz2-wurth-screw-500pc-w44\/","og_locale":"en_US","og_type":"article","og_title":"4.5\u00d740 W\u00dcPOFAST PZ2 W\u00dcRTH Screw 500pc. (W44) - SkyShop","og_description":"Ideal for mounting profiles for stretch ceilings, suspended and interior structures.","og_url":"https:\/\/www.skyshop.ee\/en\/product\/4-5-40-wupofast-pz2-wurth-screw-500pc-w44\/","og_site_name":"SkyShop","article_publisher":"https:\/\/www.facebook.com\/skystyle.eu","article_modified_time":"2025-08-26T13:44:20+00:00","og_image":[{"width":1243,"height":932,"url":"https:\/\/www.skyshop.ee\/wp-content\/uploads\/2022\/05\/IMG_0723.jpg","type":"image\/jpeg"}],"twitter_card":"summary_large_image","schema":{"@context":"https:\/\/schema.org","@graph":[{"@type":"WebPage","@id":"https:\/\/www.skyshop.ee\/en\/product\/4-5-40-wupofast-pz2-wurth-screw-500pc-w44\/","url":"https:\/\/www.skyshop.ee\/en\/product\/4-5-40-wupofast-pz2-wurth-screw-500pc-w44\/","name":"4.5\u00d740 W\u00dcPOFAST PZ2 W\u00dcRTH Screw 500pc. (W44) - SkyShop","isPartOf":{"@id":"https:\/\/www.skyshop.ee\/en\/#website"},"primaryImageOfPage":{"@id":"https:\/\/www.skyshop.ee\/en\/product\/4-5-40-wupofast-pz2-wurth-screw-500pc-w44\/#primaryimage"},"image":{"@id":"https:\/\/www.skyshop.ee\/en\/product\/4-5-40-wupofast-pz2-wurth-screw-500pc-w44\/#primaryimage"},"thumbnailUrl":"https:\/\/www.skyshop.ee\/wp-content\/uploads\/2022\/05\/IMG_0723.jpg","datePublished":"2022-05-27T16:07:30+00:00","dateModified":"2025-08-26T13:44:20+00:00","breadcrumb":{"@id":"https:\/\/www.skyshop.ee\/en\/product\/4-5-40-wupofast-pz2-wurth-screw-500pc-w44\/#breadcrumb"},"inLanguage":"en-US","potentialAction":[{"@type":"ReadAction","target":["https:\/\/www.skyshop.ee\/en\/product\/4-5-40-wupofast-pz2-wurth-screw-500pc-w44\/"]}]},{"@type":"ImageObject","inLanguage":"en-US","@id":"https:\/\/www.skyshop.ee\/en\/product\/4-5-40-wupofast-pz2-wurth-screw-500pc-w44\/#primaryimage","url":"https:\/\/www.skyshop.ee\/wp-content\/uploads\/2022\/05\/IMG_0723.jpg","contentUrl":"https:\/\/www.skyshop.ee\/wp-content\/uploads\/2022\/05\/IMG_0723.jpg","width":1243,"height":932},{"@type":"BreadcrumbList","@id":"https:\/\/www.skyshop.ee\/en\/product\/4-5-40-wupofast-pz2-wurth-screw-500pc-w44\/#breadcrumb","itemListElement":[{"@type":"ListItem","position":1,"name":"\u0413\u043b\u0430\u0432\u043d\u0430\u044f","item":"https:\/\/www.skyshop.ee\/en\/"},{"@type":"ListItem","position":2,"name":"4.5\u00d740 W\u00dcPOFAST PZ2 W\u00dcRTH Screw 500pc. (W44)"}]},{"@type":"WebSite","@id":"https:\/\/www.skyshop.ee\/en\/#website","url":"https:\/\/www.skyshop.ee\/en\/","name":"SkyShop","description":"Pinglaed ja tarvikud","publisher":{"@id":"https:\/\/www.skyshop.ee\/en\/#organization"},"potentialAction":[{"@type":"SearchAction","target":{"@type":"EntryPoint","urlTemplate":"https:\/\/www.skyshop.ee\/en\/?s={search_term_string}"},"query-input":{"@type":"PropertyValueSpecification","valueRequired":true,"valueName":"search_term_string"}}],"inLanguage":"en-US"},{"@type":"Organization","@id":"https:\/\/www.skyshop.ee\/en\/#organization","name":"Skystyle O\u00dc","url":"https:\/\/www.skyshop.ee\/en\/","logo":{"@type":"ImageObject","inLanguage":"en-US","@id":"https:\/\/www.skyshop.ee\/en\/#\/schema\/logo\/image\/","url":"https:\/\/www.skyshop.ee\/wp-content\/uploads\/2023\/05\/skyshop_logo.png","contentUrl":"https:\/\/www.skyshop.ee\/wp-content\/uploads\/2023\/05\/skyshop_logo.png","width":3329,"height":1229,"caption":"Skystyle O\u00dc"},"image":{"@id":"https:\/\/www.skyshop.ee\/en\/#\/schema\/logo\/image\/"},"sameAs":["https:\/\/www.facebook.com\/skystyle.eu"]}]}},"brands":[{"id":532,"name":"W\u00fcrth","slug":"wuerth"}],"_links":{"self":[{"href":"https:\/\/www.skyshop.ee\/en\/wp-json\/wp\/v2\/product\/48601","targetHints":{"allow":["GET"]}}],"collection":[{"href":"https:\/\/www.skyshop.ee\/en\/wp-json\/wp\/v2\/product"}],"about":[{"href":"https:\/\/www.skyshop.ee\/en\/wp-json\/wp\/v2\/types\/product"}],"wp:featuredmedia":[{"embeddable":true,"href":"https:\/\/www.skyshop.ee\/en\/wp-json\/wp\/v2\/media\/48586"}],"wp:attachment":[{"href":"https:\/\/www.skyshop.ee\/en\/wp-json\/wp\/v2\/media?parent=48601"}],"wp:term":[{"taxonomy":"pwb-brand","embeddable":true,"href":"https:\/\/www.skyshop.ee\/en\/wp-json\/wp\/v2\/pwb-brand?post=48601"},{"taxonomy":"product_brand","embeddable":true,"href":"https:\/\/www.skyshop.ee\/en\/wp-json\/wp\/v2\/product_brand?post=48601"},{"taxonomy":"product_cat","embeddable":true,"href":"https:\/\/www.skyshop.ee\/en\/wp-json\/wp\/v2\/product_cat?post=48601"},{"taxonomy":"product_tag","embeddable":true,"href":"https:\/\/www.skyshop.ee\/en\/wp-json\/wp\/v2\/product_tag?post=48601"}],"curies":[{"name":"wp","href":"https:\/\/api.w.org\/{rel}","templated":true}]}}