{"id":48593,"date":"2022-05-27T19:01:21","date_gmt":"2022-05-27T16:01:21","guid":{"rendered":"https:\/\/www.skyshop.ee\/product\/5x45-pz2-screw-250pc-w43\/"},"modified":"2025-08-26T17:33:43","modified_gmt":"2025-08-26T14:33:43","slug":"4-5-45-wupofast-pz2-wurth-screw-500pc-w43","status":"publish","type":"product","link":"https:\/\/www.skyshop.ee\/en\/product\/4-5-45-wupofast-pz2-wurth-screw-500pc-w43\/","title":{"rendered":"4.5\u00d745 W\u00dcPOFAST PZ2 W\u00dcRTH Screw 500pc. (W43)"},"content":{"rendered":"<p data-start=\"1740\" data-end=\"2026\">W\u00dcRTH W\u00dcPOFAST series screws with PZ2 head are made of galvanized steel. The 45 mm length provides versatile use and secure fastening of wooden structures. Perfect for installing stretch ceiling profiles, suspended systems, and interior constructions. Compatible with 6 mm wall plugs.<\/p>\n<p data-start=\"2028\" data-end=\"2049\"><strong data-start=\"2028\" data-end=\"2047\">Specifications:<\/strong><\/p>\n<ul>\n<li data-start=\"2052\" data-end=\"2070\">Diameter: 4.5 mm<\/li>\n<li data-start=\"2073\" data-end=\"2088\">Length: 45 mm<\/li>\n<li data-start=\"2091\" data-end=\"2102\">Head: PZ2<\/li>\n<li data-start=\"2105\" data-end=\"2133\">Material: galvanized steel<\/li>\n<li data-start=\"2136\" data-end=\"2154\">Package: 500 pcs<\/li>\n<\/ul>\n<p data-start=\"2156\" data-end=\"2173\"><strong data-start=\"2156\" data-end=\"2171\">Advantages:<\/strong><\/p>\n<ul>\n<li data-start=\"2176\" data-end=\"2227\">Universal length for a wide range of applications<\/li>\n<li data-start=\"2230\" data-end=\"2271\">Reliable PZ2 head for easy installation<\/li>\n<li data-start=\"2274\" data-end=\"2313\">Zinc coating for corrosion resistance<\/li>\n<li data-start=\"2316\" data-end=\"2356\">Suitable for various wooden structures<\/li>\n<\/ul>\n","protected":false},"excerpt":{"rendered":"<p>Ideal for mounting profiles for stretch ceilings, suspended and internal structures. Used with dowels with a diameter of 6 millimeters.<\/p>\n","protected":false},"featured_media":48586,"template":"","meta":[],"pwb-brand":[532],"product_brand":[],"product_cat":[380,335,326],"product_tag":[],"class_list":{"0":"post-48593","1":"product","2":"type-product","3":"status-publish","4":"has-post-thumbnail","6":"pwb-brand-wuerth","7":"product_cat-pz2-en","8":"product_cat-screws","9":"product_cat-wurth-tools-and-fasteners","11":"first","12":"instock","13":"taxable","14":"shipping-taxable","15":"purchasable","16":"product-type-simple"},"yoast_head":"<!-- This site is optimized with the Yoast SEO plugin v27.2 - https:\/\/yoast.com\/product\/yoast-seo-wordpress\/ -->\n<title>4.5\u00d745 W\u00dcPOFAST PZ2 W\u00dcRTH Screw 500pc. (W43) - SkyShop<\/title>\n<meta name=\"robots\" content=\"index, follow, max-snippet:-1, max-image-preview:large, max-video-preview:-1\" \/>\n<link rel=\"canonical\" href=\"https:\/\/www.skyshop.ee\/en\/product\/4-5-45-wupofast-pz2-wurth-screw-500pc-w43\/\" \/>\n<meta property=\"og:locale\" content=\"en_US\" \/>\n<meta property=\"og:type\" content=\"article\" \/>\n<meta property=\"og:title\" content=\"4.5\u00d745 W\u00dcPOFAST PZ2 W\u00dcRTH Screw 500pc. (W43) - SkyShop\" \/>\n<meta property=\"og:description\" content=\"Ideal for mounting profiles for stretch ceilings, suspended and internal structures. Used with dowels with a diameter of 6 millimeters.\" \/>\n<meta property=\"og:url\" content=\"https:\/\/www.skyshop.ee\/en\/product\/4-5-45-wupofast-pz2-wurth-screw-500pc-w43\/\" \/>\n<meta property=\"og:site_name\" content=\"SkyShop\" \/>\n<meta property=\"article:publisher\" content=\"https:\/\/www.facebook.com\/skystyle.eu\" \/>\n<meta property=\"article:modified_time\" content=\"2025-08-26T14:33:43+00:00\" \/>\n<meta property=\"og:image\" content=\"https:\/\/www.skyshop.ee\/wp-content\/uploads\/2022\/05\/IMG_0723.jpg\" \/>\n\t<meta property=\"og:image:width\" content=\"1243\" \/>\n\t<meta property=\"og:image:height\" content=\"932\" \/>\n\t<meta property=\"og:image:type\" content=\"image\/jpeg\" \/>\n<meta name=\"twitter:card\" content=\"summary_large_image\" \/>\n<script type=\"application\/ld+json\" class=\"yoast-schema-graph\">{\"@context\":\"https:\/\/schema.org\",\"@graph\":[{\"@type\":\"WebPage\",\"@id\":\"https:\/\/www.skyshop.ee\/en\/product\/4-5-45-wupofast-pz2-wurth-screw-500pc-w43\/\",\"url\":\"https:\/\/www.skyshop.ee\/en\/product\/4-5-45-wupofast-pz2-wurth-screw-500pc-w43\/\",\"name\":\"4.5\u00d745 W\u00dcPOFAST PZ2 W\u00dcRTH Screw 500pc. (W43) - SkyShop\",\"isPartOf\":{\"@id\":\"https:\/\/www.skyshop.ee\/en\/#website\"},\"primaryImageOfPage\":{\"@id\":\"https:\/\/www.skyshop.ee\/en\/product\/4-5-45-wupofast-pz2-wurth-screw-500pc-w43\/#primaryimage\"},\"image\":{\"@id\":\"https:\/\/www.skyshop.ee\/en\/product\/4-5-45-wupofast-pz2-wurth-screw-500pc-w43\/#primaryimage\"},\"thumbnailUrl\":\"https:\/\/www.skyshop.ee\/wp-content\/uploads\/2022\/05\/IMG_0723.jpg\",\"datePublished\":\"2022-05-27T16:01:21+00:00\",\"dateModified\":\"2025-08-26T14:33:43+00:00\",\"breadcrumb\":{\"@id\":\"https:\/\/www.skyshop.ee\/en\/product\/4-5-45-wupofast-pz2-wurth-screw-500pc-w43\/#breadcrumb\"},\"inLanguage\":\"en-US\",\"potentialAction\":[{\"@type\":\"ReadAction\",\"target\":[\"https:\/\/www.skyshop.ee\/en\/product\/4-5-45-wupofast-pz2-wurth-screw-500pc-w43\/\"]}]},{\"@type\":\"ImageObject\",\"inLanguage\":\"en-US\",\"@id\":\"https:\/\/www.skyshop.ee\/en\/product\/4-5-45-wupofast-pz2-wurth-screw-500pc-w43\/#primaryimage\",\"url\":\"https:\/\/www.skyshop.ee\/wp-content\/uploads\/2022\/05\/IMG_0723.jpg\",\"contentUrl\":\"https:\/\/www.skyshop.ee\/wp-content\/uploads\/2022\/05\/IMG_0723.jpg\",\"width\":1243,\"height\":932},{\"@type\":\"BreadcrumbList\",\"@id\":\"https:\/\/www.skyshop.ee\/en\/product\/4-5-45-wupofast-pz2-wurth-screw-500pc-w43\/#breadcrumb\",\"itemListElement\":[{\"@type\":\"ListItem\",\"position\":1,\"name\":\"\u0413\u043b\u0430\u0432\u043d\u0430\u044f\",\"item\":\"https:\/\/www.skyshop.ee\/en\/\"},{\"@type\":\"ListItem\",\"position\":2,\"name\":\"4.5\u00d745 W\u00dcPOFAST PZ2 W\u00dcRTH Screw 500pc. (W43)\"}]},{\"@type\":\"WebSite\",\"@id\":\"https:\/\/www.skyshop.ee\/en\/#website\",\"url\":\"https:\/\/www.skyshop.ee\/en\/\",\"name\":\"SkyShop\",\"description\":\"Pinglaed ja tarvikud\",\"publisher\":{\"@id\":\"https:\/\/www.skyshop.ee\/en\/#organization\"},\"potentialAction\":[{\"@type\":\"SearchAction\",\"target\":{\"@type\":\"EntryPoint\",\"urlTemplate\":\"https:\/\/www.skyshop.ee\/en\/?s={search_term_string}\"},\"query-input\":{\"@type\":\"PropertyValueSpecification\",\"valueRequired\":true,\"valueName\":\"search_term_string\"}}],\"inLanguage\":\"en-US\"},{\"@type\":\"Organization\",\"@id\":\"https:\/\/www.skyshop.ee\/en\/#organization\",\"name\":\"Skystyle O\u00dc\",\"url\":\"https:\/\/www.skyshop.ee\/en\/\",\"logo\":{\"@type\":\"ImageObject\",\"inLanguage\":\"en-US\",\"@id\":\"https:\/\/www.skyshop.ee\/en\/#\/schema\/logo\/image\/\",\"url\":\"https:\/\/www.skyshop.ee\/wp-content\/uploads\/2023\/05\/skyshop_logo.png\",\"contentUrl\":\"https:\/\/www.skyshop.ee\/wp-content\/uploads\/2023\/05\/skyshop_logo.png\",\"width\":3329,\"height\":1229,\"caption\":\"Skystyle O\u00dc\"},\"image\":{\"@id\":\"https:\/\/www.skyshop.ee\/en\/#\/schema\/logo\/image\/\"},\"sameAs\":[\"https:\/\/www.facebook.com\/skystyle.eu\"]}]}<\/script>\n<!-- \/ Yoast SEO plugin. -->","yoast_head_json":{"title":"4.5\u00d745 W\u00dcPOFAST PZ2 W\u00dcRTH Screw 500pc. (W43) - SkyShop","robots":{"index":"index","follow":"follow","max-snippet":"max-snippet:-1","max-image-preview":"max-image-preview:large","max-video-preview":"max-video-preview:-1"},"canonical":"https:\/\/www.skyshop.ee\/en\/product\/4-5-45-wupofast-pz2-wurth-screw-500pc-w43\/","og_locale":"en_US","og_type":"article","og_title":"4.5\u00d745 W\u00dcPOFAST PZ2 W\u00dcRTH Screw 500pc. (W43) - SkyShop","og_description":"Ideal for mounting profiles for stretch ceilings, suspended and internal structures. Used with dowels with a diameter of 6 millimeters.","og_url":"https:\/\/www.skyshop.ee\/en\/product\/4-5-45-wupofast-pz2-wurth-screw-500pc-w43\/","og_site_name":"SkyShop","article_publisher":"https:\/\/www.facebook.com\/skystyle.eu","article_modified_time":"2025-08-26T14:33:43+00:00","og_image":[{"width":1243,"height":932,"url":"https:\/\/www.skyshop.ee\/wp-content\/uploads\/2022\/05\/IMG_0723.jpg","type":"image\/jpeg"}],"twitter_card":"summary_large_image","schema":{"@context":"https:\/\/schema.org","@graph":[{"@type":"WebPage","@id":"https:\/\/www.skyshop.ee\/en\/product\/4-5-45-wupofast-pz2-wurth-screw-500pc-w43\/","url":"https:\/\/www.skyshop.ee\/en\/product\/4-5-45-wupofast-pz2-wurth-screw-500pc-w43\/","name":"4.5\u00d745 W\u00dcPOFAST PZ2 W\u00dcRTH Screw 500pc. (W43) - SkyShop","isPartOf":{"@id":"https:\/\/www.skyshop.ee\/en\/#website"},"primaryImageOfPage":{"@id":"https:\/\/www.skyshop.ee\/en\/product\/4-5-45-wupofast-pz2-wurth-screw-500pc-w43\/#primaryimage"},"image":{"@id":"https:\/\/www.skyshop.ee\/en\/product\/4-5-45-wupofast-pz2-wurth-screw-500pc-w43\/#primaryimage"},"thumbnailUrl":"https:\/\/www.skyshop.ee\/wp-content\/uploads\/2022\/05\/IMG_0723.jpg","datePublished":"2022-05-27T16:01:21+00:00","dateModified":"2025-08-26T14:33:43+00:00","breadcrumb":{"@id":"https:\/\/www.skyshop.ee\/en\/product\/4-5-45-wupofast-pz2-wurth-screw-500pc-w43\/#breadcrumb"},"inLanguage":"en-US","potentialAction":[{"@type":"ReadAction","target":["https:\/\/www.skyshop.ee\/en\/product\/4-5-45-wupofast-pz2-wurth-screw-500pc-w43\/"]}]},{"@type":"ImageObject","inLanguage":"en-US","@id":"https:\/\/www.skyshop.ee\/en\/product\/4-5-45-wupofast-pz2-wurth-screw-500pc-w43\/#primaryimage","url":"https:\/\/www.skyshop.ee\/wp-content\/uploads\/2022\/05\/IMG_0723.jpg","contentUrl":"https:\/\/www.skyshop.ee\/wp-content\/uploads\/2022\/05\/IMG_0723.jpg","width":1243,"height":932},{"@type":"BreadcrumbList","@id":"https:\/\/www.skyshop.ee\/en\/product\/4-5-45-wupofast-pz2-wurth-screw-500pc-w43\/#breadcrumb","itemListElement":[{"@type":"ListItem","position":1,"name":"\u0413\u043b\u0430\u0432\u043d\u0430\u044f","item":"https:\/\/www.skyshop.ee\/en\/"},{"@type":"ListItem","position":2,"name":"4.5\u00d745 W\u00dcPOFAST PZ2 W\u00dcRTH Screw 500pc. (W43)"}]},{"@type":"WebSite","@id":"https:\/\/www.skyshop.ee\/en\/#website","url":"https:\/\/www.skyshop.ee\/en\/","name":"SkyShop","description":"Pinglaed ja tarvikud","publisher":{"@id":"https:\/\/www.skyshop.ee\/en\/#organization"},"potentialAction":[{"@type":"SearchAction","target":{"@type":"EntryPoint","urlTemplate":"https:\/\/www.skyshop.ee\/en\/?s={search_term_string}"},"query-input":{"@type":"PropertyValueSpecification","valueRequired":true,"valueName":"search_term_string"}}],"inLanguage":"en-US"},{"@type":"Organization","@id":"https:\/\/www.skyshop.ee\/en\/#organization","name":"Skystyle O\u00dc","url":"https:\/\/www.skyshop.ee\/en\/","logo":{"@type":"ImageObject","inLanguage":"en-US","@id":"https:\/\/www.skyshop.ee\/en\/#\/schema\/logo\/image\/","url":"https:\/\/www.skyshop.ee\/wp-content\/uploads\/2023\/05\/skyshop_logo.png","contentUrl":"https:\/\/www.skyshop.ee\/wp-content\/uploads\/2023\/05\/skyshop_logo.png","width":3329,"height":1229,"caption":"Skystyle O\u00dc"},"image":{"@id":"https:\/\/www.skyshop.ee\/en\/#\/schema\/logo\/image\/"},"sameAs":["https:\/\/www.facebook.com\/skystyle.eu"]}]}},"brands":[{"id":532,"name":"W\u00fcrth","slug":"wuerth"}],"_links":{"self":[{"href":"https:\/\/www.skyshop.ee\/en\/wp-json\/wp\/v2\/product\/48593","targetHints":{"allow":["GET"]}}],"collection":[{"href":"https:\/\/www.skyshop.ee\/en\/wp-json\/wp\/v2\/product"}],"about":[{"href":"https:\/\/www.skyshop.ee\/en\/wp-json\/wp\/v2\/types\/product"}],"wp:featuredmedia":[{"embeddable":true,"href":"https:\/\/www.skyshop.ee\/en\/wp-json\/wp\/v2\/media\/48586"}],"wp:attachment":[{"href":"https:\/\/www.skyshop.ee\/en\/wp-json\/wp\/v2\/media?parent=48593"}],"wp:term":[{"taxonomy":"pwb-brand","embeddable":true,"href":"https:\/\/www.skyshop.ee\/en\/wp-json\/wp\/v2\/pwb-brand?post=48593"},{"taxonomy":"product_brand","embeddable":true,"href":"https:\/\/www.skyshop.ee\/en\/wp-json\/wp\/v2\/product_brand?post=48593"},{"taxonomy":"product_cat","embeddable":true,"href":"https:\/\/www.skyshop.ee\/en\/wp-json\/wp\/v2\/product_cat?post=48593"},{"taxonomy":"product_tag","embeddable":true,"href":"https:\/\/www.skyshop.ee\/en\/wp-json\/wp\/v2\/product_tag?post=48593"}],"curies":[{"name":"wp","href":"https:\/\/api.w.org\/{rel}","templated":true}]}}